{"id":31083,"date":"2026-05-07T09:20:20","date_gmt":"2026-05-07T09:20:20","guid":{"rendered":"https:\/\/escolaraiz.pt\/pt\/?page_id=31083"},"modified":"2026-05-07T09:20:20","modified_gmt":"2026-05-07T09:20:20","slug":"trabalhe-connosco","status":"publish","type":"page","link":"https:\/\/escolaraiz.pt\/pt\/trabalhe-connosco\/","title":{"rendered":"Trabalhe Connosco"},"content":{"rendered":"<div class=\"wpb-content-wrapper\"><p>[vc_row css=&#8221;.vc_custom_1553190420426{padding-top: 30px !important;}&#8221;][vc_column][vc_single_image image=&#8221;30846&#8243; img_size=&#8221;full&#8221; css=&#8221;&#8221;][\/vc_column][\/vc_row][vc_row][vc_column width=&#8221;1\/4&#8243;][vc_single_image image=&#8221;28660&#8243; img_size=&#8221;319&#215;347&#8243;][\/vc_column][vc_column width=&#8221;3\/4&#8243;][vc_column_text css=&#8221;&#8221;]<b>Candidaturas Espont\u00e2neas<br \/>\n<\/b>Na Escola Raiz, acreditamos que uma educa\u00e7\u00e3o transformadora come\u00e7a com pessoas dedicadas e apaixonadas por fazer a diferen\u00e7a. Se partilha da nossa vis\u00e3o de aprendizagem ativa, envie-nos a sua candidatura espont\u00e2nea atrav\u00e9s do formul\u00e1rio no bot\u00e3o abaixo. Teremos todo o gosto em conhecer o seu percurso!<\/p>\n<p>&nbsp;<\/p>\n<p>[\/vc_column_text][vc_btn title=&#8221;Candidate-se aqui&#8221; style=&#8221;flat&#8221; shape=&#8221;square&#8221; color=&#8221;success&#8221; size=&#8221;sm&#8221; i_icon_fontawesome=&#8221;fa fa-solid fa-clipboard-check&#8221; css=&#8221;&#8221; add_icon=&#8221;true&#8221; link=&#8221;url:https%3A%2F%2Fforms.gle%2FrKdhMQFqM61xMcr27|target:_blank&#8221;][\/vc_column][\/vc_row][vc_row full_width=&#8221;stretch_row&#8221; css=&#8221;.vc_custom_1481244682605{padding-top: 20px !important;padding-bottom: 40px !important;background-color: #00457c !important;}&#8221;][vc_column][vc_single_image image=&#8221;27563&#8243; img_size=&#8221;large&#8221; alignment=&#8221;center&#8221; onclick=&#8221;custom_link&#8221; css_animation=&#8221;fadeIn&#8221; css=&#8221;.vc_custom_1513356596083{background-color: #00457c !important;}&#8221; link=&#8221;https:\/\/escolaraiz.pt\/pt\/contactos\/&#8221;][\/vc_column][\/vc_row]<\/p>\n<\/div>","protected":false},"excerpt":{"rendered":"<p>[vc_row css=&#8221;.vc_custom_1553190420426{padding-top: 30px !important;}&#8221;][vc_column][vc_single_image image=&#8221;30846&#8243; img_size=&#8221;full&#8221; css=&#8221;&#8221;][\/vc_column][\/vc_row][vc_row][vc_column width=&#8221;1\/4&#8243;][vc_single_image image=&#8221;28660&#8243; img_size=&#8221;319&#215;347&#8243;][\/vc_column][vc_column width=&#8221;3\/4&#8243;][vc_column_text css=&#8221;&#8221;]Candidaturas Espont\u00e2neas Na Escola Raiz, acreditamos que uma educa\u00e7\u00e3o transformadora come\u00e7a com pessoas dedicadas e apaixonadas por fazer a diferen\u00e7a. Se partilha da nossa vis\u00e3o de aprendizagem ativa, envie-nos a sua candidatura espont\u00e2nea atrav\u00e9s do formul\u00e1rio no bot\u00e3o abaixo. Teremos todo o gosto em<\/p>\n","protected":false},"author":6,"featured_media":30841,"parent":0,"menu_order":0,"comment_status":"closed","ping_status":"closed","template":"","meta":{"footnotes":""},"class_list":["post-31083","page","type-page","status-publish","has-post-thumbnail","hentry"],"yoast_head":"<!-- This site is optimized with the Yoast SEO plugin v27.5 - https:\/\/yoast.com\/product\/yoast-seo-wordpress\/ -->\n<title>Trabalhe Connosco - Raiz<\/title>\n<meta name=\"description\" content=\"Na Escola Raiz, acreditamos que uma educa\u00e7\u00e3o transformadora come\u00e7a com pessoas dedicadas e apaixonadas por fazer a diferen\u00e7a.\" \/>\n<meta name=\"robots\" content=\"index, follow, max-snippet:-1, max-image-preview:large, max-video-preview:-1\" \/>\n<link rel=\"canonical\" href=\"https:\/\/escolaraiz.pt\/pt\/trabalhe-connosco\/\" \/>\n<meta name=\"twitter:card\" content=\"summary_large_image\" \/>\n<meta name=\"twitter:title\" content=\"Trabalhe connosco\" \/>\n<meta name=\"twitter:description\" content=\"Na Escola Raiz, acreditamos que uma educa\u00e7\u00e3o transformadora come\u00e7a com pessoas dedicadas e apaixonadas por fazer a diferen\u00e7a.\" \/>\n<meta name=\"twitter:image\" content=\"https:\/\/escolaraiz.pt\/pt\/wp-content\/uploads\/2025\/05\/HEADER_TRABALHE-CONNOSCO.png\" \/>\n<meta name=\"twitter:label1\" content=\"Tempo estimado de leitura\" \/>\n\t<meta name=\"twitter:data1\" content=\"2 minutos\" \/>\n<script type=\"application\/ld+json\" class=\"yoast-schema-graph\">{\"@context\":\"https:\\\/\\\/schema.org\",\"@graph\":[{\"@type\":\"WebPage\",\"@id\":\"https:\\\/\\\/escolaraiz.pt\\\/pt\\\/trabalhe-connosco\\\/\",\"url\":\"https:\\\/\\\/escolaraiz.pt\\\/pt\\\/trabalhe-connosco\\\/\",\"name\":\"Trabalhe Connosco - Raiz\",\"isPartOf\":{\"@id\":\"https:\\\/\\\/escolaraiz.pt\\\/pt\\\/#website\"},\"primaryImageOfPage\":{\"@id\":\"https:\\\/\\\/escolaraiz.pt\\\/pt\\\/trabalhe-connosco\\\/#primaryimage\"},\"image\":{\"@id\":\"https:\\\/\\\/escolaraiz.pt\\\/pt\\\/trabalhe-connosco\\\/#primaryimage\"},\"thumbnailUrl\":\"https:\\\/\\\/escolaraiz.pt\\\/pt\\\/wp-content\\\/uploads\\\/2025\\\/05\\\/HEADER_TRABALHE-CONNOSCO.png\",\"datePublished\":\"2026-05-07T09:20:20+00:00\",\"description\":\"Na Escola Raiz, acreditamos que uma educa\u00e7\u00e3o transformadora come\u00e7a com pessoas dedicadas e apaixonadas por fazer a diferen\u00e7a.\",\"breadcrumb\":{\"@id\":\"https:\\\/\\\/escolaraiz.pt\\\/pt\\\/trabalhe-connosco\\\/#breadcrumb\"},\"inLanguage\":\"pt-PT\",\"potentialAction\":[{\"@type\":\"ReadAction\",\"target\":[\"https:\\\/\\\/escolaraiz.pt\\\/pt\\\/trabalhe-connosco\\\/\"]}]},{\"@type\":\"ImageObject\",\"inLanguage\":\"pt-PT\",\"@id\":\"https:\\\/\\\/escolaraiz.pt\\\/pt\\\/trabalhe-connosco\\\/#primaryimage\",\"url\":\"https:\\\/\\\/escolaraiz.pt\\\/pt\\\/wp-content\\\/uploads\\\/2025\\\/05\\\/HEADER_TRABALHE-CONNOSCO.png\",\"contentUrl\":\"https:\\\/\\\/escolaraiz.pt\\\/pt\\\/wp-content\\\/uploads\\\/2025\\\/05\\\/HEADER_TRABALHE-CONNOSCO.png\",\"width\":1920,\"height\":1017,\"caption\":\"Trabalhe Connosco\"},{\"@type\":\"BreadcrumbList\",\"@id\":\"https:\\\/\\\/escolaraiz.pt\\\/pt\\\/trabalhe-connosco\\\/#breadcrumb\",\"itemListElement\":[{\"@type\":\"ListItem\",\"position\":1,\"name\":\"In\u00edcio\",\"item\":\"https:\\\/\\\/escolaraiz.pt\\\/pt\\\/\"},{\"@type\":\"ListItem\",\"position\":2,\"name\":\"Trabalhe Connosco\"}]},{\"@type\":\"WebSite\",\"@id\":\"https:\\\/\\\/escolaraiz.pt\\\/pt\\\/#website\",\"url\":\"https:\\\/\\\/escolaraiz.pt\\\/pt\\\/\",\"name\":\"Raiz\",\"description\":\"Active Learning School\",\"potentialAction\":[{\"@type\":\"SearchAction\",\"target\":{\"@type\":\"EntryPoint\",\"urlTemplate\":\"https:\\\/\\\/escolaraiz.pt\\\/pt\\\/?s={search_term_string}\"},\"query-input\":{\"@type\":\"PropertyValueSpecification\",\"valueRequired\":true,\"valueName\":\"search_term_string\"}}],\"inLanguage\":\"pt-PT\"}]}<\/script>\n<!-- \/ Yoast SEO plugin. -->","yoast_head_json":{"title":"Trabalhe Connosco - Raiz","description":"Na Escola Raiz, acreditamos que uma educa\u00e7\u00e3o transformadora come\u00e7a com pessoas dedicadas e apaixonadas por fazer a diferen\u00e7a.","robots":{"index":"index","follow":"follow","max-snippet":"max-snippet:-1","max-image-preview":"max-image-preview:large","max-video-preview":"max-video-preview:-1"},"canonical":"https:\/\/escolaraiz.pt\/pt\/trabalhe-connosco\/","twitter_card":"summary_large_image","twitter_title":"Trabalhe connosco","twitter_description":"Na Escola Raiz, acreditamos que uma educa\u00e7\u00e3o transformadora come\u00e7a com pessoas dedicadas e apaixonadas por fazer a diferen\u00e7a.","twitter_image":"https:\/\/escolaraiz.pt\/pt\/wp-content\/uploads\/2025\/05\/HEADER_TRABALHE-CONNOSCO.png","twitter_misc":{"Tempo estimado de leitura":"2 minutos"},"schema":{"@context":"https:\/\/schema.org","@graph":[{"@type":"WebPage","@id":"https:\/\/escolaraiz.pt\/pt\/trabalhe-connosco\/","url":"https:\/\/escolaraiz.pt\/pt\/trabalhe-connosco\/","name":"Trabalhe Connosco - Raiz","isPartOf":{"@id":"https:\/\/escolaraiz.pt\/pt\/#website"},"primaryImageOfPage":{"@id":"https:\/\/escolaraiz.pt\/pt\/trabalhe-connosco\/#primaryimage"},"image":{"@id":"https:\/\/escolaraiz.pt\/pt\/trabalhe-connosco\/#primaryimage"},"thumbnailUrl":"https:\/\/escolaraiz.pt\/pt\/wp-content\/uploads\/2025\/05\/HEADER_TRABALHE-CONNOSCO.png","datePublished":"2026-05-07T09:20:20+00:00","description":"Na Escola Raiz, acreditamos que uma educa\u00e7\u00e3o transformadora come\u00e7a com pessoas dedicadas e apaixonadas por fazer a diferen\u00e7a.","breadcrumb":{"@id":"https:\/\/escolaraiz.pt\/pt\/trabalhe-connosco\/#breadcrumb"},"inLanguage":"pt-PT","potentialAction":[{"@type":"ReadAction","target":["https:\/\/escolaraiz.pt\/pt\/trabalhe-connosco\/"]}]},{"@type":"ImageObject","inLanguage":"pt-PT","@id":"https:\/\/escolaraiz.pt\/pt\/trabalhe-connosco\/#primaryimage","url":"https:\/\/escolaraiz.pt\/pt\/wp-content\/uploads\/2025\/05\/HEADER_TRABALHE-CONNOSCO.png","contentUrl":"https:\/\/escolaraiz.pt\/pt\/wp-content\/uploads\/2025\/05\/HEADER_TRABALHE-CONNOSCO.png","width":1920,"height":1017,"caption":"Trabalhe Connosco"},{"@type":"BreadcrumbList","@id":"https:\/\/escolaraiz.pt\/pt\/trabalhe-connosco\/#breadcrumb","itemListElement":[{"@type":"ListItem","position":1,"name":"In\u00edcio","item":"https:\/\/escolaraiz.pt\/pt\/"},{"@type":"ListItem","position":2,"name":"Trabalhe Connosco"}]},{"@type":"WebSite","@id":"https:\/\/escolaraiz.pt\/pt\/#website","url":"https:\/\/escolaraiz.pt\/pt\/","name":"Raiz","description":"Active Learning School","potentialAction":[{"@type":"SearchAction","target":{"@type":"EntryPoint","urlTemplate":"https:\/\/escolaraiz.pt\/pt\/?s={search_term_string}"},"query-input":{"@type":"PropertyValueSpecification","valueRequired":true,"valueName":"search_term_string"}}],"inLanguage":"pt-PT"}]}},"_links":{"self":[{"href":"https:\/\/escolaraiz.pt\/pt\/wp-json\/wp\/v2\/pages\/31083","targetHints":{"allow":["GET"]}}],"collection":[{"href":"https:\/\/escolaraiz.pt\/pt\/wp-json\/wp\/v2\/pages"}],"about":[{"href":"https:\/\/escolaraiz.pt\/pt\/wp-json\/wp\/v2\/types\/page"}],"author":[{"embeddable":true,"href":"https:\/\/escolaraiz.pt\/pt\/wp-json\/wp\/v2\/users\/6"}],"replies":[{"embeddable":true,"href":"https:\/\/escolaraiz.pt\/pt\/wp-json\/wp\/v2\/comments?post=31083"}],"version-history":[{"count":2,"href":"https:\/\/escolaraiz.pt\/pt\/wp-json\/wp\/v2\/pages\/31083\/revisions"}],"predecessor-version":[{"id":31085,"href":"https:\/\/escolaraiz.pt\/pt\/wp-json\/wp\/v2\/pages\/31083\/revisions\/31085"}],"wp:featuredmedia":[{"embeddable":true,"href":"https:\/\/escolaraiz.pt\/pt\/wp-json\/wp\/v2\/media\/30841"}],"wp:attachment":[{"href":"https:\/\/escolaraiz.pt\/pt\/wp-json\/wp\/v2\/media?parent=31083"}],"curies":[{"name":"wp","href":"https:\/\/api.w.org\/{rel}","templated":true}]}}