{"id":30911,"date":"2025-05-29T11:42:40","date_gmt":"2025-05-29T11:42:40","guid":{"rendered":"https:\/\/escolaraiz.pt\/pt\/?page_id=30911"},"modified":"2025-05-30T17:51:23","modified_gmt":"2025-05-30T17:51:23","slug":"estamos-a-contratar","status":"publish","type":"page","link":"https:\/\/escolaraiz.pt\/pt\/estamos-a-contratar\/","title":{"rendered":"Estamos a Contratar"},"content":{"rendered":"<div class=\"wpb-content-wrapper\"><p>[vc_row css=&#8221;.vc_custom_1553190420426{padding-top: 30px !important;}&#8221;][vc_column][vc_single_image image=&#8221;30846&#8243; img_size=&#8221;full&#8221; css=&#8221;&#8221;][\/vc_column][\/vc_row][vc_row][vc_column width=&#8221;1\/4&#8243;][vc_single_image image=&#8221;28660&#8243; img_size=&#8221;319&#215;347&#8243;][\/vc_column][vc_column width=&#8221;3\/4&#8243;][vc_column_text css=&#8221;&#8221;]<span style=\"font-weight: 400;\">Na Escola Raiz, acreditamos que uma educa\u00e7\u00e3o transformadora come\u00e7a com pessoas dedicadas e apaixonadas por fazer a diferen\u00e7a. Se partilha da nossa vis\u00e3o de aprendizagem ativa, envie-nos a sua candidatura espont\u00e2nea para <span style=\"color: #000000;\"><strong><a style=\"color: #000000;\" href=\"mailto:escolaraiz@escolaraiz.pt\">escolaraiz@escolaraiz.pt<\/a><\/strong><\/span>. Teremos todo o gosto em conhecer o seu percurso!<\/span><\/p>\n<p>&nbsp;<\/p>\n<p>[\/vc_column_text]\n<div class=\"wpcf7 no-js\" id=\"wpcf7-f30912-o1\" lang=\"pt-PT\" dir=\"ltr\" data-wpcf7-id=\"30912\">\n<div class=\"screen-reader-response\"><p role=\"status\" aria-live=\"polite\" aria-atomic=\"true\"><\/p> <ul><\/ul><\/div>\n<form action=\"\/pt\/wp-json\/wp\/v2\/pages\/30911#wpcf7-f30912-o1\" method=\"post\" class=\"wpcf7-form init\" aria-label=\"Formul\u00e1rio de contacto\" enctype=\"multipart\/form-data\" novalidate=\"novalidate\" data-status=\"init\">\n<fieldset class=\"hidden-fields-container\"><input type=\"hidden\" name=\"_wpcf7\" value=\"30912\" \/><input type=\"hidden\" name=\"_wpcf7_version\" value=\"6.1.5\" \/><input type=\"hidden\" name=\"_wpcf7_locale\" value=\"pt_PT\" \/><input type=\"hidden\" name=\"_wpcf7_unit_tag\" value=\"wpcf7-f30912-o1\" \/><input type=\"hidden\" name=\"_wpcf7_container_post\" value=\"0\" \/><input type=\"hidden\" name=\"_wpcf7_posted_data_hash\" value=\"\" \/><input type=\"hidden\" name=\"_wpcf7_recaptcha_response\" value=\"\" \/>\n<\/fieldset>\n<h2>Formul\u00e1rio de Candidatura a Vaga Espec\u00edfica\n<\/h2>\n<p><strong>Informa\u00e7\u00f5es Pessoais<\/strong>\n<\/p>\n<p>Nome completo*\n<\/p>\n<p><span class=\"wpcf7-form-control-wrap\" data-name=\"nome\"><input size=\"40\" maxlength=\"400\" class=\"wpcf7-form-control wpcf7-text wpcf7-validates-as-required\" aria-required=\"true\" aria-invalid=\"false\" value=\"\" type=\"text\" name=\"nome\" \/><\/span>\n<\/p>\n<p>E-mail*\n<\/p>\n<p><span class=\"wpcf7-form-control-wrap\" data-name=\"email\"><input size=\"40\" maxlength=\"400\" class=\"wpcf7-form-control wpcf7-email wpcf7-validates-as-required wpcf7-text wpcf7-validates-as-email\" aria-required=\"true\" aria-invalid=\"false\" value=\"\" type=\"email\" name=\"email\" \/><\/span>\n<\/p>\n<p>Telefone de contacto*\n<\/p>\n<p><span class=\"wpcf7-form-control-wrap\" data-name=\"telefone\"><input size=\"40\" maxlength=\"400\" class=\"wpcf7-form-control wpcf7-tel wpcf7-validates-as-required wpcf7-text wpcf7-validates-as-tel\" aria-required=\"true\" aria-invalid=\"false\" value=\"\" type=\"tel\" name=\"telefone\" \/><\/span>\n<\/p>\n<p>Localiza\u00e7\u00e3o (cidade, pa\u00eds)*\n<\/p>\n<p><span class=\"wpcf7-form-control-wrap\" data-name=\"localizacao\"><input size=\"40\" maxlength=\"400\" class=\"wpcf7-form-control wpcf7-text wpcf7-validates-as-required\" aria-required=\"true\" aria-invalid=\"false\" value=\"\" type=\"text\" name=\"localizacao\" \/><\/span>\n<\/p>\n<p><strong>Dados sobre a Fun\u00e7\u00e3o<\/strong>\n<\/p>\n<p>Refer\u00eancia da vaga ou t\u00edtulo da vaga*\n<\/p>\n<p><span class=\"wpcf7-form-control-wrap\" data-name=\"referencia_vaga\"><input size=\"40\" maxlength=\"400\" class=\"wpcf7-form-control wpcf7-text wpcf7-validates-as-required\" aria-required=\"true\" aria-invalid=\"false\" value=\"\" type=\"text\" name=\"referencia_vaga\" \/><\/span>\n<\/p>\n<p>Porque quer candidatar-se a esta vaga?\n<\/p>\n<p><span class=\"wpcf7-form-control-wrap\" data-name=\"motivacao_vaga\"><textarea cols=\"40\" rows=\"10\" maxlength=\"2000\" class=\"wpcf7-form-control wpcf7-textarea\" aria-invalid=\"false\" name=\"motivacao_vaga\"><\/textarea><\/span>\n<\/p>\n<p><strong>Perfil Profissional<\/strong>\n<\/p>\n<p>Experi\u00eancia profissional relevante para esta fun\u00e7\u00e3o (empresa, cargo, responsabilidades, dura\u00e7\u00e3o)\n<\/p>\n<p><span class=\"wpcf7-form-control-wrap\" data-name=\"experiencia_funcao\"><textarea cols=\"40\" rows=\"10\" maxlength=\"2000\" class=\"wpcf7-form-control wpcf7-textarea\" aria-invalid=\"false\" name=\"experiencia_funcao\"><\/textarea><\/span>\n<\/p>\n<p>Forma\u00e7\u00e3o acad\u00e9mica relevante\n<\/p>\n<p><span class=\"wpcf7-form-control-wrap\" data-name=\"formacao_funcao\"><textarea cols=\"40\" rows=\"10\" maxlength=\"2000\" class=\"wpcf7-form-control wpcf7-textarea\" aria-invalid=\"false\" name=\"formacao_funcao\"><\/textarea><\/span>\n<\/p>\n<p>Principais compet\u00eancias e certifica\u00e7\u00f5es t\u00e9cnicas exigidas para a vaga\n<\/p>\n<p><span class=\"wpcf7-form-control-wrap\" data-name=\"competencias_funcao\"><textarea cols=\"40\" rows=\"10\" maxlength=\"2000\" class=\"wpcf7-form-control wpcf7-textarea\" aria-invalid=\"false\" name=\"competencias_funcao\"><\/textarea><\/span>\n<\/p>\n<p>Idiomas (n\u00edvel de flu\u00eancia em cada um)\n<\/p>\n<p><span class=\"wpcf7-form-control-wrap\" data-name=\"idiomas\"><textarea cols=\"40\" rows=\"10\" maxlength=\"2000\" class=\"wpcf7-form-control wpcf7-textarea\" aria-invalid=\"false\" name=\"idiomas\"><\/textarea><\/span>\n<\/p>\n<p><strong>Disponibilidade e Log\u00edstica<\/strong>\n<\/p>\n<p>Disponibilidade para in\u00edcio*\n<\/p>\n<p><span class=\"wpcf7-form-control-wrap\" data-name=\"disponibilidade\"><select class=\"wpcf7-form-control wpcf7-select wpcf7-validates-as-required\" aria-required=\"true\" aria-invalid=\"false\" name=\"disponibilidade\"><option value=\"\">&#8212;Por favor escolha uma op\u00e7\u00e3o&#8212;<\/option><option value=\"Imediata\">Imediata<\/option><option value=\"1 m\u00eas\">1 m\u00eas<\/option><option value=\"Outro\">Outro<\/option><\/select><\/span>\n<\/p>\n<p><strong>Materiais Adicionais<\/strong>\n<\/p>\n<p>Anexar CV* (.pdf, .doc, .docx)\n<\/p>\n<p><span class=\"wpcf7-form-control-wrap\" data-name=\"cv\"><input size=\"40\" class=\"wpcf7-form-control wpcf7-file wpcf7-validates-as-required\" accept=\".pdf,.doc,.docx\" aria-required=\"true\" aria-invalid=\"false\" type=\"file\" name=\"cv\" \/><\/span>\n<\/p>\n<p>Anexar carta de motiva\u00e7\u00e3o espec\u00edfica para esta vaga (opcional)\n<\/p>\n<p><span class=\"wpcf7-form-control-wrap\" data-name=\"carta_motivacao\"><input size=\"40\" class=\"wpcf7-form-control wpcf7-file\" accept=\".pdf,.doc,.docx\" aria-invalid=\"false\" type=\"file\" name=\"carta_motivacao\" \/><\/span>\n<\/p>\n<p>Portf\u00f3lio \/ LinkedIn (link) (opcional)\n<\/p>\n<p><span class=\"wpcf7-form-control-wrap\" data-name=\"portfolio\"><input size=\"40\" maxlength=\"400\" class=\"wpcf7-form-control wpcf7-url wpcf7-text wpcf7-validates-as-url\" aria-invalid=\"false\" value=\"\" type=\"url\" name=\"portfolio\" \/><\/span>\n<\/p>\n<p><strong>Observa\u00e7\u00f5es<\/strong>\n<\/p>\n<p>Coment\u00e1rios adicionais\n<\/p>\n<p><span class=\"wpcf7-form-control-wrap\" data-name=\"comentarios\"><textarea cols=\"40\" rows=\"10\" maxlength=\"2000\" class=\"wpcf7-form-control wpcf7-textarea\" aria-invalid=\"false\" name=\"comentarios\"><\/textarea><\/span>\n<\/p>\n<p><input class=\"wpcf7-form-control wpcf7-submit has-spinner\" type=\"submit\" value=\"Submeter Candidatura\" \/>\n<\/p><div class=\"wpcf7-response-output\" aria-hidden=\"true\"><\/div>\n<\/form>\n<\/div>\n[\/vc_column][\/vc_row][vc_row full_width=&#8221;stretch_row&#8221; css=&#8221;.vc_custom_1481244682605{padding-top: 20px !important;padding-bottom: 40px !important;background-color: #00457c !important;}&#8221;][vc_column][vc_single_image image=&#8221;27563&#8243; img_size=&#8221;large&#8221; alignment=&#8221;center&#8221; onclick=&#8221;custom_link&#8221; css_animation=&#8221;fadeIn&#8221; css=&#8221;.vc_custom_1513356596083{background-color: #00457c !important;}&#8221; link=&#8221;https:\/\/escolaraiz.pt\/pt\/contactos\/&#8221;][\/vc_column][\/vc_row]<\/p>\n<\/div>","protected":false},"excerpt":{"rendered":"<p>[vc_row css=&#8221;.vc_custom_1553190420426{padding-top: 30px !important;}&#8221;][vc_column][vc_single_image image=&#8221;30846&#8243; img_size=&#8221;full&#8221; css=&#8221;&#8221;][\/vc_column][\/vc_row][vc_row][vc_column width=&#8221;1\/4&#8243;][vc_single_image image=&#8221;28660&#8243; img_size=&#8221;319&#215;347&#8243;][\/vc_column][vc_column width=&#8221;3\/4&#8243;][vc_column_text css=&#8221;&#8221;]Na Escola Raiz, acreditamos que uma educa\u00e7\u00e3o transformadora come\u00e7a com pessoas dedicadas e apaixonadas por fazer a diferen\u00e7a. Se partilha da nossa vis\u00e3o de aprendizagem ativa, envie-nos a sua candidatura espont\u00e2nea para escolaraiz@escolaraiz.pt. Teremos todo o gosto em conhecer o seu percurso! &nbsp; [\/vc_column_text][\/vc_column][\/vc_row][vc_row<\/p>\n","protected":false},"author":1,"featured_media":30841,"parent":0,"menu_order":0,"comment_status":"closed","ping_status":"closed","template":"","meta":{"footnotes":""},"class_list":["post-30911","page","type-page","status-publish","has-post-thumbnail","hentry"],"yoast_head":"<!-- This site is optimized with the Yoast SEO plugin v27.4 - https:\/\/yoast.com\/product\/yoast-seo-wordpress\/ -->\n<title>Estamos a Contratar - Raiz<\/title>\n<meta name=\"description\" content=\"Na Escola Raiz, acreditamos que uma educa\u00e7\u00e3o transformadora come\u00e7a com pessoas dedicadas e apaixonadas por fazer a diferen\u00e7a.\" \/>\n<meta name=\"robots\" content=\"index, follow, max-snippet:-1, max-image-preview:large, max-video-preview:-1\" \/>\n<link rel=\"canonical\" href=\"https:\/\/escolaraiz.pt\/pt\/estamos-a-contratar\/\" \/>\n<meta name=\"twitter:card\" content=\"summary_large_image\" \/>\n<meta name=\"twitter:title\" content=\"Trabalhe connosco\" \/>\n<meta name=\"twitter:description\" content=\"Na Escola Raiz, acreditamos que uma educa\u00e7\u00e3o transformadora come\u00e7a com pessoas dedicadas e apaixonadas por fazer a diferen\u00e7a.\" \/>\n<meta name=\"twitter:image\" content=\"https:\/\/escolaraiz.pt\/pt\/wp-content\/uploads\/2025\/05\/HEADER_TRABALHE-CONNOSCO.png\" \/>\n<meta name=\"twitter:label1\" content=\"Tempo estimado de leitura\" \/>\n\t<meta name=\"twitter:data1\" content=\"1 minuto\" \/>\n<script type=\"application\/ld+json\" class=\"yoast-schema-graph\">{\"@context\":\"https:\\\/\\\/schema.org\",\"@graph\":[{\"@type\":\"WebPage\",\"@id\":\"https:\\\/\\\/escolaraiz.pt\\\/pt\\\/estamos-a-contratar\\\/\",\"url\":\"https:\\\/\\\/escolaraiz.pt\\\/pt\\\/estamos-a-contratar\\\/\",\"name\":\"Estamos a Contratar - Raiz\",\"isPartOf\":{\"@id\":\"https:\\\/\\\/escolaraiz.pt\\\/pt\\\/#website\"},\"primaryImageOfPage\":{\"@id\":\"https:\\\/\\\/escolaraiz.pt\\\/pt\\\/estamos-a-contratar\\\/#primaryimage\"},\"image\":{\"@id\":\"https:\\\/\\\/escolaraiz.pt\\\/pt\\\/estamos-a-contratar\\\/#primaryimage\"},\"thumbnailUrl\":\"https:\\\/\\\/escolaraiz.pt\\\/pt\\\/wp-content\\\/uploads\\\/2025\\\/05\\\/HEADER_TRABALHE-CONNOSCO.png\",\"datePublished\":\"2025-05-29T11:42:40+00:00\",\"dateModified\":\"2025-05-30T17:51:23+00:00\",\"description\":\"Na Escola Raiz, acreditamos que uma educa\u00e7\u00e3o transformadora come\u00e7a com pessoas dedicadas e apaixonadas por fazer a diferen\u00e7a.\",\"breadcrumb\":{\"@id\":\"https:\\\/\\\/escolaraiz.pt\\\/pt\\\/estamos-a-contratar\\\/#breadcrumb\"},\"inLanguage\":\"pt-PT\",\"potentialAction\":[{\"@type\":\"ReadAction\",\"target\":[\"https:\\\/\\\/escolaraiz.pt\\\/pt\\\/estamos-a-contratar\\\/\"]}]},{\"@type\":\"ImageObject\",\"inLanguage\":\"pt-PT\",\"@id\":\"https:\\\/\\\/escolaraiz.pt\\\/pt\\\/estamos-a-contratar\\\/#primaryimage\",\"url\":\"https:\\\/\\\/escolaraiz.pt\\\/pt\\\/wp-content\\\/uploads\\\/2025\\\/05\\\/HEADER_TRABALHE-CONNOSCO.png\",\"contentUrl\":\"https:\\\/\\\/escolaraiz.pt\\\/pt\\\/wp-content\\\/uploads\\\/2025\\\/05\\\/HEADER_TRABALHE-CONNOSCO.png\",\"width\":1920,\"height\":1017,\"caption\":\"Trabalhe Connosco\"},{\"@type\":\"BreadcrumbList\",\"@id\":\"https:\\\/\\\/escolaraiz.pt\\\/pt\\\/estamos-a-contratar\\\/#breadcrumb\",\"itemListElement\":[{\"@type\":\"ListItem\",\"position\":1,\"name\":\"In\u00edcio\",\"item\":\"https:\\\/\\\/escolaraiz.pt\\\/pt\\\/\"},{\"@type\":\"ListItem\",\"position\":2,\"name\":\"Estamos a Contratar\"}]},{\"@type\":\"WebSite\",\"@id\":\"https:\\\/\\\/escolaraiz.pt\\\/pt\\\/#website\",\"url\":\"https:\\\/\\\/escolaraiz.pt\\\/pt\\\/\",\"name\":\"Raiz\",\"description\":\"Active Learning School\",\"potentialAction\":[{\"@type\":\"SearchAction\",\"target\":{\"@type\":\"EntryPoint\",\"urlTemplate\":\"https:\\\/\\\/escolaraiz.pt\\\/pt\\\/?s={search_term_string}\"},\"query-input\":{\"@type\":\"PropertyValueSpecification\",\"valueRequired\":true,\"valueName\":\"search_term_string\"}}],\"inLanguage\":\"pt-PT\"}]}<\/script>\n<!-- \/ Yoast SEO plugin. -->","yoast_head_json":{"title":"Estamos a Contratar - Raiz","description":"Na Escola Raiz, acreditamos que uma educa\u00e7\u00e3o transformadora come\u00e7a com pessoas dedicadas e apaixonadas por fazer a diferen\u00e7a.","robots":{"index":"index","follow":"follow","max-snippet":"max-snippet:-1","max-image-preview":"max-image-preview:large","max-video-preview":"max-video-preview:-1"},"canonical":"https:\/\/escolaraiz.pt\/pt\/estamos-a-contratar\/","twitter_card":"summary_large_image","twitter_title":"Trabalhe connosco","twitter_description":"Na Escola Raiz, acreditamos que uma educa\u00e7\u00e3o transformadora come\u00e7a com pessoas dedicadas e apaixonadas por fazer a diferen\u00e7a.","twitter_image":"https:\/\/escolaraiz.pt\/pt\/wp-content\/uploads\/2025\/05\/HEADER_TRABALHE-CONNOSCO.png","twitter_misc":{"Tempo estimado de leitura":"1 minuto"},"schema":{"@context":"https:\/\/schema.org","@graph":[{"@type":"WebPage","@id":"https:\/\/escolaraiz.pt\/pt\/estamos-a-contratar\/","url":"https:\/\/escolaraiz.pt\/pt\/estamos-a-contratar\/","name":"Estamos a Contratar - Raiz","isPartOf":{"@id":"https:\/\/escolaraiz.pt\/pt\/#website"},"primaryImageOfPage":{"@id":"https:\/\/escolaraiz.pt\/pt\/estamos-a-contratar\/#primaryimage"},"image":{"@id":"https:\/\/escolaraiz.pt\/pt\/estamos-a-contratar\/#primaryimage"},"thumbnailUrl":"https:\/\/escolaraiz.pt\/pt\/wp-content\/uploads\/2025\/05\/HEADER_TRABALHE-CONNOSCO.png","datePublished":"2025-05-29T11:42:40+00:00","dateModified":"2025-05-30T17:51:23+00:00","description":"Na Escola Raiz, acreditamos que uma educa\u00e7\u00e3o transformadora come\u00e7a com pessoas dedicadas e apaixonadas por fazer a diferen\u00e7a.","breadcrumb":{"@id":"https:\/\/escolaraiz.pt\/pt\/estamos-a-contratar\/#breadcrumb"},"inLanguage":"pt-PT","potentialAction":[{"@type":"ReadAction","target":["https:\/\/escolaraiz.pt\/pt\/estamos-a-contratar\/"]}]},{"@type":"ImageObject","inLanguage":"pt-PT","@id":"https:\/\/escolaraiz.pt\/pt\/estamos-a-contratar\/#primaryimage","url":"https:\/\/escolaraiz.pt\/pt\/wp-content\/uploads\/2025\/05\/HEADER_TRABALHE-CONNOSCO.png","contentUrl":"https:\/\/escolaraiz.pt\/pt\/wp-content\/uploads\/2025\/05\/HEADER_TRABALHE-CONNOSCO.png","width":1920,"height":1017,"caption":"Trabalhe Connosco"},{"@type":"BreadcrumbList","@id":"https:\/\/escolaraiz.pt\/pt\/estamos-a-contratar\/#breadcrumb","itemListElement":[{"@type":"ListItem","position":1,"name":"In\u00edcio","item":"https:\/\/escolaraiz.pt\/pt\/"},{"@type":"ListItem","position":2,"name":"Estamos a Contratar"}]},{"@type":"WebSite","@id":"https:\/\/escolaraiz.pt\/pt\/#website","url":"https:\/\/escolaraiz.pt\/pt\/","name":"Raiz","description":"Active Learning School","potentialAction":[{"@type":"SearchAction","target":{"@type":"EntryPoint","urlTemplate":"https:\/\/escolaraiz.pt\/pt\/?s={search_term_string}"},"query-input":{"@type":"PropertyValueSpecification","valueRequired":true,"valueName":"search_term_string"}}],"inLanguage":"pt-PT"}]}},"_links":{"self":[{"href":"https:\/\/escolaraiz.pt\/pt\/wp-json\/wp\/v2\/pages\/30911","targetHints":{"allow":["GET"]}}],"collection":[{"href":"https:\/\/escolaraiz.pt\/pt\/wp-json\/wp\/v2\/pages"}],"about":[{"href":"https:\/\/escolaraiz.pt\/pt\/wp-json\/wp\/v2\/types\/page"}],"author":[{"embeddable":true,"href":"https:\/\/escolaraiz.pt\/pt\/wp-json\/wp\/v2\/users\/1"}],"replies":[{"embeddable":true,"href":"https:\/\/escolaraiz.pt\/pt\/wp-json\/wp\/v2\/comments?post=30911"}],"version-history":[{"count":3,"href":"https:\/\/escolaraiz.pt\/pt\/wp-json\/wp\/v2\/pages\/30911\/revisions"}],"predecessor-version":[{"id":30927,"href":"https:\/\/escolaraiz.pt\/pt\/wp-json\/wp\/v2\/pages\/30911\/revisions\/30927"}],"wp:featuredmedia":[{"embeddable":true,"href":"https:\/\/escolaraiz.pt\/pt\/wp-json\/wp\/v2\/media\/30841"}],"wp:attachment":[{"href":"https:\/\/escolaraiz.pt\/pt\/wp-json\/wp\/v2\/media?parent=30911"}],"curies":[{"name":"wp","href":"https:\/\/api.w.org\/{rel}","templated":true}]}}