{"id":30840,"date":"2025-05-26T10:42:25","date_gmt":"2025-05-26T10:42:25","guid":{"rendered":"https:\/\/escolaraiz.pt\/pt\/?page_id=30840"},"modified":"2025-05-29T14:26:24","modified_gmt":"2025-05-29T14:26:24","slug":"candidaturas-espontaneas","status":"publish","type":"page","link":"https:\/\/escolaraiz.pt\/pt\/candidaturas-espontaneas\/","title":{"rendered":"Trabalhe Connosco"},"content":{"rendered":"<div class=\"wpb-content-wrapper\"><p>[vc_row css=&#8221;.vc_custom_1553190420426{padding-top: 30px !important;}&#8221;][vc_column][vc_single_image image=&#8221;30846&#8243; img_size=&#8221;full&#8221; css=&#8221;&#8221;][\/vc_column][\/vc_row][vc_row][vc_column width=&#8221;1\/4&#8243;][vc_single_image image=&#8221;28660&#8243; img_size=&#8221;319&#215;347&#8243;][\/vc_column][vc_column width=&#8221;3\/4&#8243;][vc_column_text css=&#8221;&#8221;]<b>Candidaturas Espont\u00e2neas<br \/>\n<\/b>Na Escola Raiz, acreditamos que uma educa\u00e7\u00e3o transformadora come\u00e7a com pessoas dedicadas e apaixonadas por fazer a diferen\u00e7a. Se partilha da nossa vis\u00e3o de aprendizagem ativa, envie-nos a sua candidatura espont\u00e2nea atrav\u00e9s do formul\u00e1rio abaixo. Teremos todo o gosto em conhecer\u00a0o\u00a0seu\u00a0percurso!<\/p>\n<p>&nbsp;<\/p>\n<p>[\/vc_column_text]\n<div class=\"wpcf7 no-js\" id=\"wpcf7-f30905-o1\" lang=\"pt-PT\" dir=\"ltr\" data-wpcf7-id=\"30905\">\n<div class=\"screen-reader-response\"><p role=\"status\" aria-live=\"polite\" aria-atomic=\"true\"><\/p> <ul><\/ul><\/div>\n<form action=\"\/pt\/wp-json\/wp\/v2\/pages\/30840#wpcf7-f30905-o1\" method=\"post\" class=\"wpcf7-form init\" aria-label=\"Formul\u00e1rio de contacto\" enctype=\"multipart\/form-data\" novalidate=\"novalidate\" data-status=\"init\">\n<fieldset class=\"hidden-fields-container\"><input type=\"hidden\" name=\"_wpcf7\" value=\"30905\" \/><input type=\"hidden\" name=\"_wpcf7_version\" value=\"6.1.5\" \/><input type=\"hidden\" name=\"_wpcf7_locale\" value=\"pt_PT\" \/><input type=\"hidden\" name=\"_wpcf7_unit_tag\" value=\"wpcf7-f30905-o1\" \/><input type=\"hidden\" name=\"_wpcf7_container_post\" value=\"0\" \/><input type=\"hidden\" name=\"_wpcf7_posted_data_hash\" value=\"\" \/><input type=\"hidden\" name=\"_wpcf7_recaptcha_response\" value=\"\" \/>\n<\/fieldset>\n<h2>Formul\u00e1rio para Candidatura Espont\u00e2nea\n<\/h2>\n<p><strong>Informa\u00e7\u00f5es Pessoais<\/strong>\n<\/p>\n<p>Nome completo*\n<\/p>\n<p><span class=\"wpcf7-form-control-wrap\" data-name=\"nome\"><input size=\"40\" maxlength=\"400\" class=\"wpcf7-form-control wpcf7-text wpcf7-validates-as-required\" aria-required=\"true\" aria-invalid=\"false\" value=\"\" type=\"text\" name=\"nome\" \/><\/span>\n<\/p>\n<p>E-mail*\n<\/p>\n<p><span class=\"wpcf7-form-control-wrap\" data-name=\"email\"><input size=\"40\" maxlength=\"400\" class=\"wpcf7-form-control wpcf7-email wpcf7-validates-as-required wpcf7-text wpcf7-validates-as-email\" aria-required=\"true\" aria-invalid=\"false\" value=\"\" type=\"email\" name=\"email\" \/><\/span>\n<\/p>\n<p>Telefone de contacto*\n<\/p>\n<p><span class=\"wpcf7-form-control-wrap\" data-name=\"telefone\"><input size=\"40\" maxlength=\"400\" class=\"wpcf7-form-control wpcf7-tel wpcf7-validates-as-required wpcf7-text wpcf7-validates-as-tel\" aria-required=\"true\" aria-invalid=\"false\" value=\"\" type=\"tel\" name=\"telefone\" \/><\/span>\n<\/p>\n<p>Localiza\u00e7\u00e3o (cidade, pa\u00eds)*\n<\/p>\n<p><span class=\"wpcf7-form-control-wrap\" data-name=\"localizacao\"><input size=\"40\" maxlength=\"400\" class=\"wpcf7-form-control wpcf7-text wpcf7-validates-as-required\" aria-required=\"true\" aria-invalid=\"false\" value=\"\" type=\"text\" name=\"localizacao\" \/><\/span>\n<\/p>\n<p><strong>Perfil Profissional<\/strong>\n<\/p>\n<p>\u00c1rea(s) de interesse \/ departamento(s) preferido(s)*\n<\/p>\n<p><span class=\"wpcf7-form-control-wrap\" data-name=\"area_interesse\"><input size=\"40\" maxlength=\"400\" class=\"wpcf7-form-control wpcf7-text wpcf7-validates-as-required\" aria-required=\"true\" aria-invalid=\"false\" value=\"\" type=\"text\" name=\"area_interesse\" \/><\/span>\n<\/p>\n<p>Disponibilidade*\n<\/p>\n<p><span class=\"wpcf7-form-control-wrap\" data-name=\"disponibilidade\"><select class=\"wpcf7-form-control wpcf7-select wpcf7-validates-as-required\" aria-required=\"true\" aria-invalid=\"false\" name=\"disponibilidade\"><option value=\"\">&#8212;Por favor escolha uma op\u00e7\u00e3o&#8212;<\/option><option value=\"Imediata\">Imediata<\/option><option value=\"1 m\u00eas\">1 m\u00eas<\/option><option value=\"Outro\">Outro<\/option><\/select><\/span>\n<\/p>\n<p><strong>Compet\u00eancias e Experi\u00eancia<\/strong>\n<\/p>\n<p>Experi\u00eancia profissional relevante (empresa, cargo, dura\u00e7\u00e3o)\n<\/p>\n<p><span class=\"wpcf7-form-control-wrap\" data-name=\"experiencia\"><textarea cols=\"40\" rows=\"10\" maxlength=\"2000\" class=\"wpcf7-form-control wpcf7-textarea\" aria-invalid=\"false\" name=\"experiencia\"><\/textarea><\/span>\n<\/p>\n<p>Forma\u00e7\u00e3o acad\u00e9mica\n<\/p>\n<p><span class=\"wpcf7-form-control-wrap\" data-name=\"formacao\"><textarea cols=\"40\" rows=\"10\" maxlength=\"2000\" class=\"wpcf7-form-control wpcf7-textarea\" aria-invalid=\"false\" name=\"formacao\"><\/textarea><\/span>\n<\/p>\n<p>Principais compet\u00eancias t\u00e9cnicas e comportamentais\n<\/p>\n<p><span class=\"wpcf7-form-control-wrap\" data-name=\"competencias\"><textarea cols=\"40\" rows=\"10\" maxlength=\"2000\" class=\"wpcf7-form-control wpcf7-textarea\" aria-invalid=\"false\" name=\"competencias\"><\/textarea><\/span>\n<\/p>\n<p>Idiomas (n\u00edvel de flu\u00eancia em cada um)\n<\/p>\n<p><span class=\"wpcf7-form-control-wrap\" data-name=\"idiomas\"><textarea cols=\"40\" rows=\"10\" maxlength=\"2000\" class=\"wpcf7-form-control wpcf7-textarea\" aria-invalid=\"false\" name=\"idiomas\"><\/textarea><\/span>\n<\/p>\n<p><strong>Materiais Adicionais<\/strong>\n<\/p>\n<p>Anexar CV* (.pdf, .doc, .docx)\n<\/p>\n<p><span class=\"wpcf7-form-control-wrap\" data-name=\"cv\"><input size=\"40\" class=\"wpcf7-form-control wpcf7-file wpcf7-validates-as-required\" accept=\".pdf,.doc,.docx\" aria-required=\"true\" aria-invalid=\"false\" type=\"file\" name=\"cv\" \/><\/span>\n<\/p>\n<p>Anexar carta de motiva\u00e7\u00e3o (opcional)\n<\/p>\n<p><span class=\"wpcf7-form-control-wrap\" data-name=\"carta\"><input size=\"40\" class=\"wpcf7-form-control wpcf7-file\" accept=\".pdf,.doc,.docx\" aria-invalid=\"false\" type=\"file\" name=\"carta\" \/><\/span>\n<\/p>\n<p>Portf\u00f3lio \/ LinkedIn (link) (opcional)\n<\/p>\n<p><span class=\"wpcf7-form-control-wrap\" data-name=\"portfolio\"><input size=\"40\" maxlength=\"400\" class=\"wpcf7-form-control wpcf7-url wpcf7-text wpcf7-validates-as-url\" aria-invalid=\"false\" value=\"\" type=\"url\" name=\"portfolio\" \/><\/span>\n<\/p>\n<p><strong>Observa\u00e7\u00f5es<\/strong>\n<\/p>\n<p>Coment\u00e1rios adicionais\n<\/p>\n<p><span class=\"wpcf7-form-control-wrap\" data-name=\"comentarios\"><textarea cols=\"40\" rows=\"10\" maxlength=\"2000\" class=\"wpcf7-form-control wpcf7-textarea\" aria-invalid=\"false\" name=\"comentarios\"><\/textarea><\/span>\n<\/p>\n<p><span class=\"wpcf7-form-control-wrap\" data-name=\"consentir\"><span class=\"wpcf7-form-control wpcf7-checkbox wpcf7-validates-as-required\"><span class=\"wpcf7-list-item first last\"><label><input type=\"checkbox\" name=\"consentir[]\" value=\"Autorizo a Raiz a armazenar e tratar os meus dados pessoais para fins de recrutamento, de acordo com as leis de prote\u00e7\u00e3o de dados aplic\u00e1veis.\" \/><span class=\"wpcf7-list-item-label\">Autorizo a Raiz a armazenar e tratar os meus dados pessoais para fins de recrutamento, de acordo com as leis de prote\u00e7\u00e3o de dados aplic\u00e1veis.<\/span><\/label><\/span><\/span><\/span>\n<\/p>\n<p><input class=\"wpcf7-form-control wpcf7-submit has-spinner\" type=\"submit\" value=\"Submeter Candidatura\" \/>\n<\/p><div class=\"wpcf7-response-output\" aria-hidden=\"true\"><\/div>\n<\/form>\n<\/div>\n[\/vc_column][\/vc_row][vc_row full_width=&#8221;stretch_row&#8221; css=&#8221;.vc_custom_1481244682605{padding-top: 20px !important;padding-bottom: 40px !important;background-color: #00457c !important;}&#8221;][vc_column][vc_single_image image=&#8221;27563&#8243; img_size=&#8221;large&#8221; alignment=&#8221;center&#8221; onclick=&#8221;custom_link&#8221; css_animation=&#8221;fadeIn&#8221; css=&#8221;.vc_custom_1513356596083{background-color: #00457c !important;}&#8221; link=&#8221;https:\/\/escolaraiz.pt\/pt\/contactos\/&#8221;][\/vc_column][\/vc_row]<\/p>\n<\/div>","protected":false},"excerpt":{"rendered":"<p>[vc_row css=&#8221;.vc_custom_1553190420426{padding-top: 30px !important;}&#8221;][vc_column][vc_single_image image=&#8221;30846&#8243; img_size=&#8221;full&#8221; css=&#8221;&#8221;][\/vc_column][\/vc_row][vc_row][vc_column width=&#8221;1\/4&#8243;][vc_single_image image=&#8221;28660&#8243; img_size=&#8221;319&#215;347&#8243;][\/vc_column][vc_column width=&#8221;3\/4&#8243;][vc_column_text css=&#8221;&#8221;]Candidaturas Espont\u00e2neas Na Escola Raiz, acreditamos que uma educa\u00e7\u00e3o transformadora come\u00e7a com pessoas dedicadas e apaixonadas por fazer a diferen\u00e7a. Se partilha da nossa vis\u00e3o de aprendizagem ativa, envie-nos a sua candidatura espont\u00e2nea atrav\u00e9s do formul\u00e1rio abaixo. Teremos todo o gosto em conhecer\u00a0o\u00a0seu\u00a0percurso! &nbsp;<\/p>\n","protected":false},"author":1,"featured_media":30841,"parent":0,"menu_order":0,"comment_status":"closed","ping_status":"closed","template":"","meta":{"footnotes":""},"class_list":["post-30840","page","type-page","status-publish","has-post-thumbnail","hentry"],"yoast_head":"<!-- This site is optimized with the Yoast SEO plugin v27.4 - https:\/\/yoast.com\/product\/yoast-seo-wordpress\/ -->\n<title>Trabalhe Connosco - Raiz<\/title>\n<meta name=\"description\" content=\"Na Escola Raiz, acreditamos que uma educa\u00e7\u00e3o transformadora come\u00e7a com pessoas dedicadas e apaixonadas por fazer a diferen\u00e7a.\" \/>\n<meta name=\"robots\" content=\"index, follow, max-snippet:-1, max-image-preview:large, max-video-preview:-1\" \/>\n<link rel=\"canonical\" href=\"https:\/\/escolaraiz.pt\/pt\/candidaturas-espontaneas\/\" \/>\n<meta name=\"twitter:card\" content=\"summary_large_image\" \/>\n<meta name=\"twitter:title\" content=\"Trabalhe connosco\" \/>\n<meta name=\"twitter:description\" content=\"Na Escola Raiz, acreditamos que uma educa\u00e7\u00e3o transformadora come\u00e7a com pessoas dedicadas e apaixonadas por fazer a diferen\u00e7a.\" \/>\n<meta name=\"twitter:image\" content=\"https:\/\/escolaraiz.pt\/pt\/wp-content\/uploads\/2025\/05\/HEADER_TRABALHE-CONNOSCO.png\" \/>\n<meta name=\"twitter:label1\" content=\"Tempo estimado de leitura\" \/>\n\t<meta name=\"twitter:data1\" content=\"1 minuto\" \/>\n<script type=\"application\/ld+json\" class=\"yoast-schema-graph\">{\"@context\":\"https:\\\/\\\/schema.org\",\"@graph\":[{\"@type\":\"WebPage\",\"@id\":\"https:\\\/\\\/escolaraiz.pt\\\/pt\\\/candidaturas-espontaneas\\\/\",\"url\":\"https:\\\/\\\/escolaraiz.pt\\\/pt\\\/candidaturas-espontaneas\\\/\",\"name\":\"Trabalhe Connosco - Raiz\",\"isPartOf\":{\"@id\":\"https:\\\/\\\/escolaraiz.pt\\\/pt\\\/#website\"},\"primaryImageOfPage\":{\"@id\":\"https:\\\/\\\/escolaraiz.pt\\\/pt\\\/candidaturas-espontaneas\\\/#primaryimage\"},\"image\":{\"@id\":\"https:\\\/\\\/escolaraiz.pt\\\/pt\\\/candidaturas-espontaneas\\\/#primaryimage\"},\"thumbnailUrl\":\"https:\\\/\\\/escolaraiz.pt\\\/pt\\\/wp-content\\\/uploads\\\/2025\\\/05\\\/HEADER_TRABALHE-CONNOSCO.png\",\"datePublished\":\"2025-05-26T10:42:25+00:00\",\"dateModified\":\"2025-05-29T14:26:24+00:00\",\"description\":\"Na Escola Raiz, acreditamos que uma educa\u00e7\u00e3o transformadora come\u00e7a com pessoas dedicadas e apaixonadas por fazer a diferen\u00e7a.\",\"breadcrumb\":{\"@id\":\"https:\\\/\\\/escolaraiz.pt\\\/pt\\\/candidaturas-espontaneas\\\/#breadcrumb\"},\"inLanguage\":\"pt-PT\",\"potentialAction\":[{\"@type\":\"ReadAction\",\"target\":[\"https:\\\/\\\/escolaraiz.pt\\\/pt\\\/candidaturas-espontaneas\\\/\"]}]},{\"@type\":\"ImageObject\",\"inLanguage\":\"pt-PT\",\"@id\":\"https:\\\/\\\/escolaraiz.pt\\\/pt\\\/candidaturas-espontaneas\\\/#primaryimage\",\"url\":\"https:\\\/\\\/escolaraiz.pt\\\/pt\\\/wp-content\\\/uploads\\\/2025\\\/05\\\/HEADER_TRABALHE-CONNOSCO.png\",\"contentUrl\":\"https:\\\/\\\/escolaraiz.pt\\\/pt\\\/wp-content\\\/uploads\\\/2025\\\/05\\\/HEADER_TRABALHE-CONNOSCO.png\",\"width\":1920,\"height\":1017,\"caption\":\"Trabalhe Connosco\"},{\"@type\":\"BreadcrumbList\",\"@id\":\"https:\\\/\\\/escolaraiz.pt\\\/pt\\\/candidaturas-espontaneas\\\/#breadcrumb\",\"itemListElement\":[{\"@type\":\"ListItem\",\"position\":1,\"name\":\"In\u00edcio\",\"item\":\"https:\\\/\\\/escolaraiz.pt\\\/pt\\\/\"},{\"@type\":\"ListItem\",\"position\":2,\"name\":\"Trabalhe Connosco\"}]},{\"@type\":\"WebSite\",\"@id\":\"https:\\\/\\\/escolaraiz.pt\\\/pt\\\/#website\",\"url\":\"https:\\\/\\\/escolaraiz.pt\\\/pt\\\/\",\"name\":\"Raiz\",\"description\":\"Active Learning School\",\"potentialAction\":[{\"@type\":\"SearchAction\",\"target\":{\"@type\":\"EntryPoint\",\"urlTemplate\":\"https:\\\/\\\/escolaraiz.pt\\\/pt\\\/?s={search_term_string}\"},\"query-input\":{\"@type\":\"PropertyValueSpecification\",\"valueRequired\":true,\"valueName\":\"search_term_string\"}}],\"inLanguage\":\"pt-PT\"}]}<\/script>\n<!-- \/ Yoast SEO plugin. -->","yoast_head_json":{"title":"Trabalhe Connosco - Raiz","description":"Na Escola Raiz, acreditamos que uma educa\u00e7\u00e3o transformadora come\u00e7a com pessoas dedicadas e apaixonadas por fazer a diferen\u00e7a.","robots":{"index":"index","follow":"follow","max-snippet":"max-snippet:-1","max-image-preview":"max-image-preview:large","max-video-preview":"max-video-preview:-1"},"canonical":"https:\/\/escolaraiz.pt\/pt\/candidaturas-espontaneas\/","twitter_card":"summary_large_image","twitter_title":"Trabalhe connosco","twitter_description":"Na Escola Raiz, acreditamos que uma educa\u00e7\u00e3o transformadora come\u00e7a com pessoas dedicadas e apaixonadas por fazer a diferen\u00e7a.","twitter_image":"https:\/\/escolaraiz.pt\/pt\/wp-content\/uploads\/2025\/05\/HEADER_TRABALHE-CONNOSCO.png","twitter_misc":{"Tempo estimado de leitura":"1 minuto"},"schema":{"@context":"https:\/\/schema.org","@graph":[{"@type":"WebPage","@id":"https:\/\/escolaraiz.pt\/pt\/candidaturas-espontaneas\/","url":"https:\/\/escolaraiz.pt\/pt\/candidaturas-espontaneas\/","name":"Trabalhe Connosco - Raiz","isPartOf":{"@id":"https:\/\/escolaraiz.pt\/pt\/#website"},"primaryImageOfPage":{"@id":"https:\/\/escolaraiz.pt\/pt\/candidaturas-espontaneas\/#primaryimage"},"image":{"@id":"https:\/\/escolaraiz.pt\/pt\/candidaturas-espontaneas\/#primaryimage"},"thumbnailUrl":"https:\/\/escolaraiz.pt\/pt\/wp-content\/uploads\/2025\/05\/HEADER_TRABALHE-CONNOSCO.png","datePublished":"2025-05-26T10:42:25+00:00","dateModified":"2025-05-29T14:26:24+00:00","description":"Na Escola Raiz, acreditamos que uma educa\u00e7\u00e3o transformadora come\u00e7a com pessoas dedicadas e apaixonadas por fazer a diferen\u00e7a.","breadcrumb":{"@id":"https:\/\/escolaraiz.pt\/pt\/candidaturas-espontaneas\/#breadcrumb"},"inLanguage":"pt-PT","potentialAction":[{"@type":"ReadAction","target":["https:\/\/escolaraiz.pt\/pt\/candidaturas-espontaneas\/"]}]},{"@type":"ImageObject","inLanguage":"pt-PT","@id":"https:\/\/escolaraiz.pt\/pt\/candidaturas-espontaneas\/#primaryimage","url":"https:\/\/escolaraiz.pt\/pt\/wp-content\/uploads\/2025\/05\/HEADER_TRABALHE-CONNOSCO.png","contentUrl":"https:\/\/escolaraiz.pt\/pt\/wp-content\/uploads\/2025\/05\/HEADER_TRABALHE-CONNOSCO.png","width":1920,"height":1017,"caption":"Trabalhe Connosco"},{"@type":"BreadcrumbList","@id":"https:\/\/escolaraiz.pt\/pt\/candidaturas-espontaneas\/#breadcrumb","itemListElement":[{"@type":"ListItem","position":1,"name":"In\u00edcio","item":"https:\/\/escolaraiz.pt\/pt\/"},{"@type":"ListItem","position":2,"name":"Trabalhe Connosco"}]},{"@type":"WebSite","@id":"https:\/\/escolaraiz.pt\/pt\/#website","url":"https:\/\/escolaraiz.pt\/pt\/","name":"Raiz","description":"Active Learning School","potentialAction":[{"@type":"SearchAction","target":{"@type":"EntryPoint","urlTemplate":"https:\/\/escolaraiz.pt\/pt\/?s={search_term_string}"},"query-input":{"@type":"PropertyValueSpecification","valueRequired":true,"valueName":"search_term_string"}}],"inLanguage":"pt-PT"}]}},"_links":{"self":[{"href":"https:\/\/escolaraiz.pt\/pt\/wp-json\/wp\/v2\/pages\/30840","targetHints":{"allow":["GET"]}}],"collection":[{"href":"https:\/\/escolaraiz.pt\/pt\/wp-json\/wp\/v2\/pages"}],"about":[{"href":"https:\/\/escolaraiz.pt\/pt\/wp-json\/wp\/v2\/types\/page"}],"author":[{"embeddable":true,"href":"https:\/\/escolaraiz.pt\/pt\/wp-json\/wp\/v2\/users\/1"}],"replies":[{"embeddable":true,"href":"https:\/\/escolaraiz.pt\/pt\/wp-json\/wp\/v2\/comments?post=30840"}],"version-history":[{"count":7,"href":"https:\/\/escolaraiz.pt\/pt\/wp-json\/wp\/v2\/pages\/30840\/revisions"}],"predecessor-version":[{"id":30916,"href":"https:\/\/escolaraiz.pt\/pt\/wp-json\/wp\/v2\/pages\/30840\/revisions\/30916"}],"wp:featuredmedia":[{"embeddable":true,"href":"https:\/\/escolaraiz.pt\/pt\/wp-json\/wp\/v2\/media\/30841"}],"wp:attachment":[{"href":"https:\/\/escolaraiz.pt\/pt\/wp-json\/wp\/v2\/media?parent=30840"}],"curies":[{"name":"wp","href":"https:\/\/api.w.org\/{rel}","templated":true}]}}