{"id":28658,"date":"2019-03-18T18:12:25","date_gmt":"2019-03-18T18:12:25","guid":{"rendered":"https:\/\/escolaraiz.pt\/pt\/?page_id=28658"},"modified":"2025-07-31T14:30:42","modified_gmt":"2025-07-31T14:30:42","slug":"processo-admissao","status":"publish","type":"page","link":"https:\/\/escolaraiz.pt\/pt\/processo-admissao\/","title":{"rendered":"Processo de Admiss\u00e3o"},"content":{"rendered":"<div class=\"wpb-content-wrapper\"><p>[vc_row css=&#8221;.vc_custom_1553190420426{padding-top: 30px !important;}&#8221;][vc_column][vc_single_image image=&#8221;28659&#8243; img_size=&#8221;full&#8221;][\/vc_column][\/vc_row][vc_row][vc_column width=&#8221;1\/4&#8243;][vc_single_image image=&#8221;28660&#8243; img_size=&#8221;319&#215;347&#8243;][\/vc_column][vc_column width=&#8221;3\/4&#8243;][vc_column_text css=&#8221;&#8221;]O processo de admiss\u00e3o de um aluno na Escola Raiz requer os seguintes passos:<br \/>\n1. <a href=\"https:\/\/escolaraiz.pt\/pt\/marcacao-de-visita\/\"><span style=\"color: #32c4ed;\">Marca\u00e7\u00e3o de Visita<\/span><\/a><br \/>\n2. Entrevista com elemento da equipa pedag\u00f3gica;<br \/>\n3. Processo de sele\u00e7\u00e3o de alunos a admitir por parte da Dire\u00e7\u00e3o da Escola com base nos crit\u00e9rios de sele\u00e7\u00e3o<br \/>\n4. Quando o aluno \u00e9 selecionado, os pais\/EE ter\u00e3o de preencher a Ficha de Inscri\u00e7\u00e3o (link facultado pela Escola), proceder ao pagamento da matr\u00edcula e entregar os documentos solicitados<br \/>\n<img loading=\"lazy\" decoding=\"async\" class=\"alignnone size-full wp-image-28661\" src=\"https:\/\/escolaraiz.pt\/pt\/wp-content\/uploads\/2019\/03\/txt11.jpg\" alt=\"\" width=\"807\" height=\"49\" srcset=\"https:\/\/escolaraiz.pt\/pt\/wp-content\/uploads\/2019\/03\/txt11.jpg 807w, https:\/\/escolaraiz.pt\/pt\/wp-content\/uploads\/2019\/03\/txt11-300x18.jpg 300w, https:\/\/escolaraiz.pt\/pt\/wp-content\/uploads\/2019\/03\/txt11-768x47.jpg 768w, https:\/\/escolaraiz.pt\/pt\/wp-content\/uploads\/2019\/03\/txt11-500x30.jpg 500w, https:\/\/escolaraiz.pt\/pt\/wp-content\/uploads\/2019\/03\/txt11-600x36.jpg 600w\" sizes=\"auto, (max-width: 807px) 100vw, 807px\" \/><\/p>\n<p>[\/vc_column_text][vc_column_text css=&#8221;&#8221;]<\/p>\n<h4><span style=\"color: #000000;\"><strong><a style=\"color: #000000;\" href=\"https:\/\/escolaraiz.pt\/pt\/marcacao-de-visita\/\">MARCA\u00c7\u00c3O DE VISITA<\/a><\/strong><\/span><\/h4>\n<p>[\/vc_column_text][\/vc_column][\/vc_row][vc_row css=&#8221;.vc_custom_1500377795928{padding-top: 30px !important;}&#8221;][vc_column][vc_single_image image=&#8221;28662&#8243; img_size=&#8221;full&#8221;][\/vc_column][\/vc_row][vc_row][vc_column][vc_column_text]Para a admiss\u00e3o dos alunos, ser\u00e3o tidos em considera\u00e7\u00e3o os seguintes aspetos:<br \/>\n1. Filhos de colaboradores, irm\u00e3os de alunos, e filhos de antigos alunos;<br \/>\n2. Necessidades educativas especiais (ser\u00e1 analisada a situa\u00e7\u00e3o com detalhe para perceber o caso e a resposta a ser dada pela escola);<br \/>\n3. Casos particulares ou situa\u00e7\u00f5es urgentes avaliado pela Dire\u00e7\u00e3o;<br \/>\n4. Data da marca\u00e7\u00e3o de entrevista<\/p>\n<p>[\/vc_column_text][\/vc_column][\/vc_row][vc_row full_width=&#8221;stretch_row&#8221; css=&#8221;.vc_custom_1481244682605{padding-top: 20px !important;padding-bottom: 40px !important;background-color: #00457c !important;}&#8221;][vc_column][vc_single_image image=&#8221;27563&#8243; img_size=&#8221;large&#8221; alignment=&#8221;center&#8221; onclick=&#8221;custom_link&#8221; css_animation=&#8221;fadeIn&#8221; css=&#8221;.vc_custom_1513356596083{background-color: #00457c !important;}&#8221; link=&#8221;https:\/\/escolaraiz.pt\/pt\/contactos\/&#8221;][\/vc_column][\/vc_row]<\/p>\n<\/div>","protected":false},"excerpt":{"rendered":"<p>[vc_row css=&#8221;.vc_custom_1553190420426{padding-top: 30px !important;}&#8221;][vc_column][vc_single_image image=&#8221;28659&#8243; img_size=&#8221;full&#8221;][\/vc_column][\/vc_row][vc_row][vc_column width=&#8221;1\/4&#8243;][vc_single_image image=&#8221;28660&#8243; img_size=&#8221;319&#215;347&#8243;][\/vc_column][vc_column width=&#8221;3\/4&#8243;][vc_column_text css=&#8221;&#8221;]O processo de admiss\u00e3o de um aluno na Escola Raiz requer os seguintes passos: 1. Marca\u00e7\u00e3o de Visita 2. Entrevista com elemento da equipa pedag\u00f3gica; 3. Processo de sele\u00e7\u00e3o de alunos a admitir por parte da Dire\u00e7\u00e3o da Escola com base nos crit\u00e9rios de sele\u00e7\u00e3o<\/p>\n","protected":false},"author":1,"featured_media":0,"parent":0,"menu_order":0,"comment_status":"closed","ping_status":"closed","template":"","meta":{"footnotes":""},"class_list":["post-28658","page","type-page","status-publish","hentry"],"yoast_head":"<!-- This site is optimized with the Yoast SEO plugin v27.4 - https:\/\/yoast.com\/product\/yoast-seo-wordpress\/ -->\n<title>Processo de Admiss\u00e3o - Raiz<\/title>\n<meta name=\"robots\" content=\"index, follow, max-snippet:-1, max-image-preview:large, max-video-preview:-1\" \/>\n<link rel=\"canonical\" href=\"https:\/\/escolaraiz.pt\/pt\/processo-admissao\/\" \/>\n<meta name=\"twitter:card\" content=\"summary_large_image\" \/>\n<meta name=\"twitter:title\" content=\"Processo de Admiss\u00e3o - Raiz\" \/>\n<meta name=\"twitter:description\" content=\"[vc_row css=&#8221;.vc_custom_1553190420426{padding-top: 30px !important;}&#8221;][vc_column][vc_single_image image=&#8221;28659&#8243; img_size=&#8221;full&#8221;][\/vc_column][\/vc_row][vc_row][vc_column width=&#8221;1\/4&#8243;][vc_single_image image=&#8221;28660&#8243; img_size=&#8221;319&#215;347&#8243;][\/vc_column][vc_column width=&#8221;3\/4&#8243;][vc_column_text css=&#8221;&#8221;]O processo de admiss\u00e3o de um aluno na Escola Raiz requer os seguintes passos: 1. Marca\u00e7\u00e3o de Visita 2. Entrevista com elemento da equipa pedag\u00f3gica; 3. Processo de sele\u00e7\u00e3o de alunos a admitir por parte da Dire\u00e7\u00e3o da Escola com base nos crit\u00e9rios de sele\u00e7\u00e3o\" \/>\n<meta name=\"twitter:image\" content=\"https:\/\/escolaraiz.pt\/pt\/wp-content\/uploads\/2019\/03\/txt11.jpg\" \/>\n<meta name=\"twitter:label1\" content=\"Tempo estimado de leitura\" \/>\n\t<meta name=\"twitter:data1\" content=\"2 minutos\" \/>\n<script type=\"application\/ld+json\" class=\"yoast-schema-graph\">{\"@context\":\"https:\\\/\\\/schema.org\",\"@graph\":[{\"@type\":\"WebPage\",\"@id\":\"https:\\\/\\\/escolaraiz.pt\\\/pt\\\/processo-admissao\\\/\",\"url\":\"https:\\\/\\\/escolaraiz.pt\\\/pt\\\/processo-admissao\\\/\",\"name\":\"Processo de Admiss\u00e3o - Raiz\",\"isPartOf\":{\"@id\":\"https:\\\/\\\/escolaraiz.pt\\\/pt\\\/#website\"},\"primaryImageOfPage\":{\"@id\":\"https:\\\/\\\/escolaraiz.pt\\\/pt\\\/processo-admissao\\\/#primaryimage\"},\"image\":{\"@id\":\"https:\\\/\\\/escolaraiz.pt\\\/pt\\\/processo-admissao\\\/#primaryimage\"},\"thumbnailUrl\":\"https:\\\/\\\/escolaraiz.pt\\\/pt\\\/wp-content\\\/uploads\\\/2019\\\/03\\\/txt11.jpg\",\"datePublished\":\"2019-03-18T18:12:25+00:00\",\"dateModified\":\"2025-07-31T14:30:42+00:00\",\"breadcrumb\":{\"@id\":\"https:\\\/\\\/escolaraiz.pt\\\/pt\\\/processo-admissao\\\/#breadcrumb\"},\"inLanguage\":\"pt-PT\",\"potentialAction\":[{\"@type\":\"ReadAction\",\"target\":[\"https:\\\/\\\/escolaraiz.pt\\\/pt\\\/processo-admissao\\\/\"]}]},{\"@type\":\"ImageObject\",\"inLanguage\":\"pt-PT\",\"@id\":\"https:\\\/\\\/escolaraiz.pt\\\/pt\\\/processo-admissao\\\/#primaryimage\",\"url\":\"https:\\\/\\\/escolaraiz.pt\\\/pt\\\/wp-content\\\/uploads\\\/2019\\\/03\\\/txt11.jpg\",\"contentUrl\":\"https:\\\/\\\/escolaraiz.pt\\\/pt\\\/wp-content\\\/uploads\\\/2019\\\/03\\\/txt11.jpg\",\"width\":807,\"height\":49},{\"@type\":\"BreadcrumbList\",\"@id\":\"https:\\\/\\\/escolaraiz.pt\\\/pt\\\/processo-admissao\\\/#breadcrumb\",\"itemListElement\":[{\"@type\":\"ListItem\",\"position\":1,\"name\":\"In\u00edcio\",\"item\":\"https:\\\/\\\/escolaraiz.pt\\\/pt\\\/\"},{\"@type\":\"ListItem\",\"position\":2,\"name\":\"Processo de Admiss\u00e3o\"}]},{\"@type\":\"WebSite\",\"@id\":\"https:\\\/\\\/escolaraiz.pt\\\/pt\\\/#website\",\"url\":\"https:\\\/\\\/escolaraiz.pt\\\/pt\\\/\",\"name\":\"Raiz\",\"description\":\"Active Learning School\",\"potentialAction\":[{\"@type\":\"SearchAction\",\"target\":{\"@type\":\"EntryPoint\",\"urlTemplate\":\"https:\\\/\\\/escolaraiz.pt\\\/pt\\\/?s={search_term_string}\"},\"query-input\":{\"@type\":\"PropertyValueSpecification\",\"valueRequired\":true,\"valueName\":\"search_term_string\"}}],\"inLanguage\":\"pt-PT\"}]}<\/script>\n<!-- \/ Yoast SEO plugin. -->","yoast_head_json":{"title":"Processo de Admiss\u00e3o - Raiz","robots":{"index":"index","follow":"follow","max-snippet":"max-snippet:-1","max-image-preview":"max-image-preview:large","max-video-preview":"max-video-preview:-1"},"canonical":"https:\/\/escolaraiz.pt\/pt\/processo-admissao\/","twitter_card":"summary_large_image","twitter_title":"Processo de Admiss\u00e3o - Raiz","twitter_description":"[vc_row css=&#8221;.vc_custom_1553190420426{padding-top: 30px !important;}&#8221;][vc_column][vc_single_image image=&#8221;28659&#8243; img_size=&#8221;full&#8221;][\/vc_column][\/vc_row][vc_row][vc_column width=&#8221;1\/4&#8243;][vc_single_image image=&#8221;28660&#8243; img_size=&#8221;319&#215;347&#8243;][\/vc_column][vc_column width=&#8221;3\/4&#8243;][vc_column_text css=&#8221;&#8221;]O processo de admiss\u00e3o de um aluno na Escola Raiz requer os seguintes passos: 1. Marca\u00e7\u00e3o de Visita 2. Entrevista com elemento da equipa pedag\u00f3gica; 3. Processo de sele\u00e7\u00e3o de alunos a admitir por parte da Dire\u00e7\u00e3o da Escola com base nos crit\u00e9rios de sele\u00e7\u00e3o","twitter_image":"https:\/\/escolaraiz.pt\/pt\/wp-content\/uploads\/2019\/03\/txt11.jpg","twitter_misc":{"Tempo estimado de leitura":"2 minutos"},"schema":{"@context":"https:\/\/schema.org","@graph":[{"@type":"WebPage","@id":"https:\/\/escolaraiz.pt\/pt\/processo-admissao\/","url":"https:\/\/escolaraiz.pt\/pt\/processo-admissao\/","name":"Processo de Admiss\u00e3o - Raiz","isPartOf":{"@id":"https:\/\/escolaraiz.pt\/pt\/#website"},"primaryImageOfPage":{"@id":"https:\/\/escolaraiz.pt\/pt\/processo-admissao\/#primaryimage"},"image":{"@id":"https:\/\/escolaraiz.pt\/pt\/processo-admissao\/#primaryimage"},"thumbnailUrl":"https:\/\/escolaraiz.pt\/pt\/wp-content\/uploads\/2019\/03\/txt11.jpg","datePublished":"2019-03-18T18:12:25+00:00","dateModified":"2025-07-31T14:30:42+00:00","breadcrumb":{"@id":"https:\/\/escolaraiz.pt\/pt\/processo-admissao\/#breadcrumb"},"inLanguage":"pt-PT","potentialAction":[{"@type":"ReadAction","target":["https:\/\/escolaraiz.pt\/pt\/processo-admissao\/"]}]},{"@type":"ImageObject","inLanguage":"pt-PT","@id":"https:\/\/escolaraiz.pt\/pt\/processo-admissao\/#primaryimage","url":"https:\/\/escolaraiz.pt\/pt\/wp-content\/uploads\/2019\/03\/txt11.jpg","contentUrl":"https:\/\/escolaraiz.pt\/pt\/wp-content\/uploads\/2019\/03\/txt11.jpg","width":807,"height":49},{"@type":"BreadcrumbList","@id":"https:\/\/escolaraiz.pt\/pt\/processo-admissao\/#breadcrumb","itemListElement":[{"@type":"ListItem","position":1,"name":"In\u00edcio","item":"https:\/\/escolaraiz.pt\/pt\/"},{"@type":"ListItem","position":2,"name":"Processo de Admiss\u00e3o"}]},{"@type":"WebSite","@id":"https:\/\/escolaraiz.pt\/pt\/#website","url":"https:\/\/escolaraiz.pt\/pt\/","name":"Raiz","description":"Active Learning School","potentialAction":[{"@type":"SearchAction","target":{"@type":"EntryPoint","urlTemplate":"https:\/\/escolaraiz.pt\/pt\/?s={search_term_string}"},"query-input":{"@type":"PropertyValueSpecification","valueRequired":true,"valueName":"search_term_string"}}],"inLanguage":"pt-PT"}]}},"_links":{"self":[{"href":"https:\/\/escolaraiz.pt\/pt\/wp-json\/wp\/v2\/pages\/28658","targetHints":{"allow":["GET"]}}],"collection":[{"href":"https:\/\/escolaraiz.pt\/pt\/wp-json\/wp\/v2\/pages"}],"about":[{"href":"https:\/\/escolaraiz.pt\/pt\/wp-json\/wp\/v2\/types\/page"}],"author":[{"embeddable":true,"href":"https:\/\/escolaraiz.pt\/pt\/wp-json\/wp\/v2\/users\/1"}],"replies":[{"embeddable":true,"href":"https:\/\/escolaraiz.pt\/pt\/wp-json\/wp\/v2\/comments?post=28658"}],"version-history":[{"count":8,"href":"https:\/\/escolaraiz.pt\/pt\/wp-json\/wp\/v2\/pages\/28658\/revisions"}],"predecessor-version":[{"id":30943,"href":"https:\/\/escolaraiz.pt\/pt\/wp-json\/wp\/v2\/pages\/28658\/revisions\/30943"}],"wp:attachment":[{"href":"https:\/\/escolaraiz.pt\/pt\/wp-json\/wp\/v2\/media?parent=28658"}],"curies":[{"name":"wp","href":"https:\/\/api.w.org\/{rel}","templated":true}]}}