{"id":28433,"date":"2018-01-09T12:05:27","date_gmt":"2018-01-09T12:05:27","guid":{"rendered":"https:\/\/escolaraiz.pt\/pt\/?page_id=28433"},"modified":"2025-07-16T14:59:45","modified_gmt":"2025-07-16T14:59:45","slug":"marcacao-de-visita","status":"publish","type":"page","link":"https:\/\/escolaraiz.pt\/pt\/marcacao-de-visita\/","title":{"rendered":"Marca\u00e7\u00e3o de Visita"},"content":{"rendered":"<div class=\"wpb-content-wrapper\"><p>[vc_row css=&#8221;.vc_custom_1553190714648{padding-top: 50px !important;}&#8221;][vc_column][vc_single_image image=&#8221;28444&#8243; img_size=&#8221;full&#8221;][\/vc_column][\/vc_row][vc_row][vc_column width=&#8221;1\/4&#8243;][vc_single_image image=&#8221;28654&#8243; img_size=&#8221;319&#215;347&#8243;][\/vc_column][vc_column width=&#8221;3\/4&#8243;][vc_column_text css=&#8221;&#8221;]A entrevista dos pais com um elemento da equipa pedag\u00f3gica da escola \u00e9 o primeiro passo do processo de admiss\u00e3o de uma crian\u00e7a na Escola Raiz. \u00c9 neste primeiro contato que os pais t\u00eam a possibilidade de avaliar se esta \u00e9 a escola que procuram para o seu filho. \u00c9 tamb\u00e9m nesta altura que a escola procura perceber se tem capacidade para responder \u00e0s expectativas dos pais.<\/p>\n<p><img loading=\"lazy\" decoding=\"async\" class=\"size-full wp-image-28652 alignnone\" src=\"https:\/\/escolaraiz.pt\/pt\/wp-content\/uploads\/2019\/03\/2019-03-18-Site-Admissao-v2.jpg\" alt=\"\" width=\"775\" height=\"59\" srcset=\"https:\/\/escolaraiz.pt\/pt\/wp-content\/uploads\/2019\/03\/2019-03-18-Site-Admissao-v2.jpg 775w, https:\/\/escolaraiz.pt\/pt\/wp-content\/uploads\/2019\/03\/2019-03-18-Site-Admissao-v2-300x23.jpg 300w, https:\/\/escolaraiz.pt\/pt\/wp-content\/uploads\/2019\/03\/2019-03-18-Site-Admissao-v2-768x58.jpg 768w, https:\/\/escolaraiz.pt\/pt\/wp-content\/uploads\/2019\/03\/2019-03-18-Site-Admissao-v2-500x38.jpg 500w, https:\/\/escolaraiz.pt\/pt\/wp-content\/uploads\/2019\/03\/2019-03-18-Site-Admissao-v2-600x46.jpg 600w\" sizes=\"auto, (max-width: 775px) 100vw, 775px\" \/><br \/>\nAgradecemos desde j\u00e1 o seu interesse na nossa escola.[\/vc_column_text][vc_column_text css=&#8221;&#8221;]<\/p>\n<h3><a href=\"https:\/\/docs.google.com\/forms\/d\/e\/1FAIpQLSeKJkCevfxzGa5zBbSzeIurvZgf0fnmHA_4Kl2UKfKzkU-yHQ\/viewform\" target=\"_blank\" rel=\"noopener\"><strong>MARQUE AQUI A SUA VISITA<\/strong><\/a><\/h3>\n<p>[\/vc_column_text][\/vc_column][\/vc_row]<\/p>\n<\/div>","protected":false},"excerpt":{"rendered":"<p>[vc_row css=&#8221;.vc_custom_1553190714648{padding-top: 50px !important;}&#8221;][vc_column][vc_single_image image=&#8221;28444&#8243; img_size=&#8221;full&#8221;][\/vc_column][\/vc_row][vc_row][vc_column width=&#8221;1\/4&#8243;][vc_single_image image=&#8221;28654&#8243; img_size=&#8221;319&#215;347&#8243;][\/vc_column][vc_column width=&#8221;3\/4&#8243;][vc_column_text css=&#8221;&#8221;]A entrevista dos pais com um elemento da equipa pedag\u00f3gica da escola \u00e9 o primeiro passo do processo de admiss\u00e3o de uma crian\u00e7a na Escola Raiz. \u00c9 neste primeiro contato que os pais t\u00eam a possibilidade de avaliar se esta \u00e9 a escola que procuram<\/p>\n","protected":false},"author":1,"featured_media":0,"parent":0,"menu_order":0,"comment_status":"closed","ping_status":"closed","template":"","meta":{"footnotes":""},"class_list":["post-28433","page","type-page","status-publish","hentry"],"yoast_head":"<!-- This site is optimized with the Yoast SEO plugin v27.4 - https:\/\/yoast.com\/product\/yoast-seo-wordpress\/ -->\n<title>Marca\u00e7\u00e3o de Visita - Raiz<\/title>\n<meta name=\"description\" content=\"A entrevista dos pais com um elemento da equipa pedag\u00f3gica da escola \u00e9 o primeiro passo do processo de admiss\u00e3o de uma crian\u00e7a na Escola Raiz.\" \/>\n<meta name=\"robots\" content=\"index, follow, max-snippet:-1, max-image-preview:large, max-video-preview:-1\" \/>\n<link rel=\"canonical\" href=\"https:\/\/escolaraiz.pt\/pt\/marcacao-de-visita\/\" \/>\n<meta name=\"twitter:card\" content=\"summary_large_image\" \/>\n<meta name=\"twitter:title\" content=\"marca\u00e7\u00e3o de visita\" \/>\n<meta name=\"twitter:description\" content=\"A entrevista dos pais com um elemento da equipa pedag\u00f3gica da escola \u00e9 o primeiro passo do processo de admiss\u00e3o de uma crian\u00e7a na Escola Raiz.\" \/>\n<meta name=\"twitter:image\" content=\"https:\/\/escolaraiz.pt\/pt\/wp-content\/uploads\/2022\/09\/WhatsApp-Image-2022-09-06-at-17.24.05-1.jpeg\" \/>\n<meta name=\"twitter:label1\" content=\"Tempo estimado de leitura\" \/>\n\t<meta name=\"twitter:data1\" content=\"2 minutos\" \/>\n<script type=\"application\/ld+json\" class=\"yoast-schema-graph\">{\"@context\":\"https:\\\/\\\/schema.org\",\"@graph\":[{\"@type\":\"WebPage\",\"@id\":\"https:\\\/\\\/escolaraiz.pt\\\/pt\\\/marcacao-de-visita\\\/\",\"url\":\"https:\\\/\\\/escolaraiz.pt\\\/pt\\\/marcacao-de-visita\\\/\",\"name\":\"Marca\u00e7\u00e3o de Visita - Raiz\",\"isPartOf\":{\"@id\":\"https:\\\/\\\/escolaraiz.pt\\\/pt\\\/#website\"},\"primaryImageOfPage\":{\"@id\":\"https:\\\/\\\/escolaraiz.pt\\\/pt\\\/marcacao-de-visita\\\/#primaryimage\"},\"image\":{\"@id\":\"https:\\\/\\\/escolaraiz.pt\\\/pt\\\/marcacao-de-visita\\\/#primaryimage\"},\"thumbnailUrl\":\"https:\\\/\\\/escolaraiz.pt\\\/pt\\\/wp-content\\\/uploads\\\/2019\\\/03\\\/2019-03-18-Site-Admissao-v2.jpg\",\"datePublished\":\"2018-01-09T12:05:27+00:00\",\"dateModified\":\"2025-07-16T14:59:45+00:00\",\"description\":\"A entrevista dos pais com um elemento da equipa pedag\u00f3gica da escola \u00e9 o primeiro passo do processo de admiss\u00e3o de uma crian\u00e7a na Escola Raiz.\",\"breadcrumb\":{\"@id\":\"https:\\\/\\\/escolaraiz.pt\\\/pt\\\/marcacao-de-visita\\\/#breadcrumb\"},\"inLanguage\":\"pt-PT\",\"potentialAction\":[{\"@type\":\"ReadAction\",\"target\":[\"https:\\\/\\\/escolaraiz.pt\\\/pt\\\/marcacao-de-visita\\\/\"]}]},{\"@type\":\"ImageObject\",\"inLanguage\":\"pt-PT\",\"@id\":\"https:\\\/\\\/escolaraiz.pt\\\/pt\\\/marcacao-de-visita\\\/#primaryimage\",\"url\":\"https:\\\/\\\/escolaraiz.pt\\\/pt\\\/wp-content\\\/uploads\\\/2019\\\/03\\\/2019-03-18-Site-Admissao-v2.jpg\",\"contentUrl\":\"https:\\\/\\\/escolaraiz.pt\\\/pt\\\/wp-content\\\/uploads\\\/2019\\\/03\\\/2019-03-18-Site-Admissao-v2.jpg\",\"width\":775,\"height\":59},{\"@type\":\"BreadcrumbList\",\"@id\":\"https:\\\/\\\/escolaraiz.pt\\\/pt\\\/marcacao-de-visita\\\/#breadcrumb\",\"itemListElement\":[{\"@type\":\"ListItem\",\"position\":1,\"name\":\"In\u00edcio\",\"item\":\"https:\\\/\\\/escolaraiz.pt\\\/pt\\\/\"},{\"@type\":\"ListItem\",\"position\":2,\"name\":\"Marca\u00e7\u00e3o de Visita\"}]},{\"@type\":\"WebSite\",\"@id\":\"https:\\\/\\\/escolaraiz.pt\\\/pt\\\/#website\",\"url\":\"https:\\\/\\\/escolaraiz.pt\\\/pt\\\/\",\"name\":\"Raiz\",\"description\":\"Active Learning School\",\"potentialAction\":[{\"@type\":\"SearchAction\",\"target\":{\"@type\":\"EntryPoint\",\"urlTemplate\":\"https:\\\/\\\/escolaraiz.pt\\\/pt\\\/?s={search_term_string}\"},\"query-input\":{\"@type\":\"PropertyValueSpecification\",\"valueRequired\":true,\"valueName\":\"search_term_string\"}}],\"inLanguage\":\"pt-PT\"}]}<\/script>\n<!-- \/ Yoast SEO plugin. -->","yoast_head_json":{"title":"Marca\u00e7\u00e3o de Visita - Raiz","description":"A entrevista dos pais com um elemento da equipa pedag\u00f3gica da escola \u00e9 o primeiro passo do processo de admiss\u00e3o de uma crian\u00e7a na Escola Raiz.","robots":{"index":"index","follow":"follow","max-snippet":"max-snippet:-1","max-image-preview":"max-image-preview:large","max-video-preview":"max-video-preview:-1"},"canonical":"https:\/\/escolaraiz.pt\/pt\/marcacao-de-visita\/","twitter_card":"summary_large_image","twitter_title":"marca\u00e7\u00e3o de visita","twitter_description":"A entrevista dos pais com um elemento da equipa pedag\u00f3gica da escola \u00e9 o primeiro passo do processo de admiss\u00e3o de uma crian\u00e7a na Escola Raiz.","twitter_image":"https:\/\/escolaraiz.pt\/pt\/wp-content\/uploads\/2022\/09\/WhatsApp-Image-2022-09-06-at-17.24.05-1.jpeg","twitter_misc":{"Tempo estimado de leitura":"2 minutos"},"schema":{"@context":"https:\/\/schema.org","@graph":[{"@type":"WebPage","@id":"https:\/\/escolaraiz.pt\/pt\/marcacao-de-visita\/","url":"https:\/\/escolaraiz.pt\/pt\/marcacao-de-visita\/","name":"Marca\u00e7\u00e3o de Visita - Raiz","isPartOf":{"@id":"https:\/\/escolaraiz.pt\/pt\/#website"},"primaryImageOfPage":{"@id":"https:\/\/escolaraiz.pt\/pt\/marcacao-de-visita\/#primaryimage"},"image":{"@id":"https:\/\/escolaraiz.pt\/pt\/marcacao-de-visita\/#primaryimage"},"thumbnailUrl":"https:\/\/escolaraiz.pt\/pt\/wp-content\/uploads\/2019\/03\/2019-03-18-Site-Admissao-v2.jpg","datePublished":"2018-01-09T12:05:27+00:00","dateModified":"2025-07-16T14:59:45+00:00","description":"A entrevista dos pais com um elemento da equipa pedag\u00f3gica da escola \u00e9 o primeiro passo do processo de admiss\u00e3o de uma crian\u00e7a na Escola Raiz.","breadcrumb":{"@id":"https:\/\/escolaraiz.pt\/pt\/marcacao-de-visita\/#breadcrumb"},"inLanguage":"pt-PT","potentialAction":[{"@type":"ReadAction","target":["https:\/\/escolaraiz.pt\/pt\/marcacao-de-visita\/"]}]},{"@type":"ImageObject","inLanguage":"pt-PT","@id":"https:\/\/escolaraiz.pt\/pt\/marcacao-de-visita\/#primaryimage","url":"https:\/\/escolaraiz.pt\/pt\/wp-content\/uploads\/2019\/03\/2019-03-18-Site-Admissao-v2.jpg","contentUrl":"https:\/\/escolaraiz.pt\/pt\/wp-content\/uploads\/2019\/03\/2019-03-18-Site-Admissao-v2.jpg","width":775,"height":59},{"@type":"BreadcrumbList","@id":"https:\/\/escolaraiz.pt\/pt\/marcacao-de-visita\/#breadcrumb","itemListElement":[{"@type":"ListItem","position":1,"name":"In\u00edcio","item":"https:\/\/escolaraiz.pt\/pt\/"},{"@type":"ListItem","position":2,"name":"Marca\u00e7\u00e3o de Visita"}]},{"@type":"WebSite","@id":"https:\/\/escolaraiz.pt\/pt\/#website","url":"https:\/\/escolaraiz.pt\/pt\/","name":"Raiz","description":"Active Learning School","potentialAction":[{"@type":"SearchAction","target":{"@type":"EntryPoint","urlTemplate":"https:\/\/escolaraiz.pt\/pt\/?s={search_term_string}"},"query-input":{"@type":"PropertyValueSpecification","valueRequired":true,"valueName":"search_term_string"}}],"inLanguage":"pt-PT"}]}},"_links":{"self":[{"href":"https:\/\/escolaraiz.pt\/pt\/wp-json\/wp\/v2\/pages\/28433","targetHints":{"allow":["GET"]}}],"collection":[{"href":"https:\/\/escolaraiz.pt\/pt\/wp-json\/wp\/v2\/pages"}],"about":[{"href":"https:\/\/escolaraiz.pt\/pt\/wp-json\/wp\/v2\/types\/page"}],"author":[{"embeddable":true,"href":"https:\/\/escolaraiz.pt\/pt\/wp-json\/wp\/v2\/users\/1"}],"replies":[{"embeddable":true,"href":"https:\/\/escolaraiz.pt\/pt\/wp-json\/wp\/v2\/comments?post=28433"}],"version-history":[{"count":9,"href":"https:\/\/escolaraiz.pt\/pt\/wp-json\/wp\/v2\/pages\/28433\/revisions"}],"predecessor-version":[{"id":30935,"href":"https:\/\/escolaraiz.pt\/pt\/wp-json\/wp\/v2\/pages\/28433\/revisions\/30935"}],"wp:attachment":[{"href":"https:\/\/escolaraiz.pt\/pt\/wp-json\/wp\/v2\/media?parent=28433"}],"curies":[{"name":"wp","href":"https:\/\/api.w.org\/{rel}","templated":true}]}}