{"id":28197,"date":"2017-10-20T14:06:42","date_gmt":"2017-10-20T14:06:42","guid":{"rendered":"https:\/\/escolaraiz.pt\/pt\/?page_id=28197"},"modified":"2025-05-27T17:40:35","modified_gmt":"2025-05-27T17:40:35","slug":"habitos","status":"publish","type":"page","link":"https:\/\/escolaraiz.pt\/pt\/habitos\/","title":{"rendered":"H\u00e1bitos"},"content":{"rendered":"<div class=\"wpb-content-wrapper\"><p>[vc_row css=&#8221;.vc_custom_1508509051849{border-top-width: 50px !important;}&#8221;][vc_column][vc_single_image image=&#8221;28203&#8243; img_size=&#8221;382&#215;288&#8243;][\/vc_column][\/vc_row][vc_row][vc_column][vc_column_text]Quanto aos H\u00e1bitos Raiz a ideia \u00e9 simples. Percebemos a import\u00e2ncia de escolher com intencionalidade os nossos h\u00e1bitos, sabemos que estamos a trabalhar ao n\u00edvel da raiz, da estrutura do indiv\u00edduo e que temos a possibilidade de o apoiar neste caminho. Ao contr\u00e1rio dos que, como n\u00f3s, s\u00f3 descobriram o Stephen Covey em adultos, estas crian\u00e7as t\u00eam a possibilidade de estruturar a sua personalidade com maior intencionalidade, com ra\u00edzes fortes e com uma enorme probabilidade de serem crian\u00e7as e adultos felizes. Desenvolver h\u00e1bitos intencionalmente \u00e9 um enorme poder na educa\u00e7\u00e3o de uma crian\u00e7a.<\/p>\n<p><strong>Introduza os H\u00e1bitos Raiz na sua vida e na dos seus filhos e ver\u00e1 como o dia se torna mais simples e desafiante.<\/strong><\/p>\n<p>Procurar solu\u00e7\u00f5es; Lideran\u00e7a; Entre ajuda; Diferencia\u00e7\u00e3o; Cuidar; Aprender Fazendo; Planear-Fazer-rever; Ser positivo; Ser eficaz e Aten\u00e7\u00e3o Plena[\/vc_column_text][vc_single_image image=&#8221;29608&#8243; img_size=&#8221;full&#8221;][\/vc_column][\/vc_row][vc_row full_width=&#8221;stretch_row&#8221; css=&#8221;.vc_custom_1481244682605{padding-top: 20px !important;padding-bottom: 40px !important;background-color: #00457c !important;}&#8221;][vc_column][vc_single_image image=&#8221;27452&#8243; img_size=&#8221;large&#8221; alignment=&#8221;center&#8221; onclick=&#8221;custom_link&#8221; css_animation=&#8221;fadeIn&#8221; css=&#8221;.vc_custom_1500550778599{background-color: #00457c !important;}&#8221; link=&#8221;https:\/\/escolaraiz.pt\/pt\/contactos\/&#8221;][\/vc_column][\/vc_row]<\/p>\n<\/div>","protected":false},"excerpt":{"rendered":"<p>[vc_row css=&#8221;.vc_custom_1508509051849{border-top-width: 50px !important;}&#8221;][vc_column][vc_single_image image=&#8221;28203&#8243; img_size=&#8221;382&#215;288&#8243;][\/vc_column][\/vc_row][vc_row][vc_column][vc_column_text]Quanto aos H\u00e1bitos Raiz a ideia \u00e9 simples. Percebemos a import\u00e2ncia de escolher com intencionalidade os nossos h\u00e1bitos, sabemos que estamos a trabalhar ao n\u00edvel da raiz, da estrutura do indiv\u00edduo e que temos a possibilidade de o apoiar neste caminho. Ao contr\u00e1rio dos que, como n\u00f3s, s\u00f3 descobriram o<\/p>\n","protected":false},"author":1,"featured_media":0,"parent":0,"menu_order":0,"comment_status":"closed","ping_status":"closed","template":"","meta":{"footnotes":""},"class_list":["post-28197","page","type-page","status-publish","hentry"],"yoast_head":"<!-- This site is optimized with the Yoast SEO plugin v27.4 - https:\/\/yoast.com\/product\/yoast-seo-wordpress\/ -->\n<title>H\u00e1bitos - Raiz<\/title>\n<meta name=\"description\" content=\"Introduza os H\u00e1bitos Raiz na sua vida e na dos seus filhos e ver\u00e1 como o dia se torna mais simples e desafiante.\" \/>\n<meta name=\"robots\" content=\"index, follow, max-snippet:-1, max-image-preview:large, max-video-preview:-1\" \/>\n<link rel=\"canonical\" href=\"https:\/\/escolaraiz.pt\/pt\/habitos\/\" \/>\n<meta name=\"twitter:card\" content=\"summary_large_image\" \/>\n<meta name=\"twitter:title\" content=\"H\u00e1bitos Raiz\" \/>\n<meta name=\"twitter:description\" content=\"Introduza os H\u00e1bitos Raiz na sua vida e na dos seus filhos e ver\u00e1 como o dia se torna mais simples e desafiante.\" \/>\n<meta name=\"twitter:image\" content=\"https:\/\/escolaraiz.pt\/pt\/wp-content\/uploads\/2023\/07\/347415163_940052810665886_3623625901392291742_n.jpg\" \/>\n<meta name=\"twitter:label1\" content=\"Tempo estimado de leitura\" \/>\n\t<meta name=\"twitter:data1\" content=\"2 minutos\" \/>\n<script type=\"application\/ld+json\" class=\"yoast-schema-graph\">{\"@context\":\"https:\\\/\\\/schema.org\",\"@graph\":[{\"@type\":\"WebPage\",\"@id\":\"https:\\\/\\\/escolaraiz.pt\\\/pt\\\/habitos\\\/\",\"url\":\"https:\\\/\\\/escolaraiz.pt\\\/pt\\\/habitos\\\/\",\"name\":\"H\u00e1bitos - Raiz\",\"isPartOf\":{\"@id\":\"https:\\\/\\\/escolaraiz.pt\\\/pt\\\/#website\"},\"datePublished\":\"2017-10-20T14:06:42+00:00\",\"dateModified\":\"2025-05-27T17:40:35+00:00\",\"description\":\"Introduza os H\u00e1bitos Raiz na sua vida e na dos seus filhos e ver\u00e1 como o dia se torna mais simples e desafiante.\",\"breadcrumb\":{\"@id\":\"https:\\\/\\\/escolaraiz.pt\\\/pt\\\/habitos\\\/#breadcrumb\"},\"inLanguage\":\"pt-PT\",\"potentialAction\":[{\"@type\":\"ReadAction\",\"target\":[\"https:\\\/\\\/escolaraiz.pt\\\/pt\\\/habitos\\\/\"]}]},{\"@type\":\"BreadcrumbList\",\"@id\":\"https:\\\/\\\/escolaraiz.pt\\\/pt\\\/habitos\\\/#breadcrumb\",\"itemListElement\":[{\"@type\":\"ListItem\",\"position\":1,\"name\":\"In\u00edcio\",\"item\":\"https:\\\/\\\/escolaraiz.pt\\\/pt\\\/\"},{\"@type\":\"ListItem\",\"position\":2,\"name\":\"H\u00e1bitos\"}]},{\"@type\":\"WebSite\",\"@id\":\"https:\\\/\\\/escolaraiz.pt\\\/pt\\\/#website\",\"url\":\"https:\\\/\\\/escolaraiz.pt\\\/pt\\\/\",\"name\":\"Raiz\",\"description\":\"Active Learning School\",\"potentialAction\":[{\"@type\":\"SearchAction\",\"target\":{\"@type\":\"EntryPoint\",\"urlTemplate\":\"https:\\\/\\\/escolaraiz.pt\\\/pt\\\/?s={search_term_string}\"},\"query-input\":{\"@type\":\"PropertyValueSpecification\",\"valueRequired\":true,\"valueName\":\"search_term_string\"}}],\"inLanguage\":\"pt-PT\"}]}<\/script>\n<!-- \/ Yoast SEO plugin. -->","yoast_head_json":{"title":"H\u00e1bitos - Raiz","description":"Introduza os H\u00e1bitos Raiz na sua vida e na dos seus filhos e ver\u00e1 como o dia se torna mais simples e desafiante.","robots":{"index":"index","follow":"follow","max-snippet":"max-snippet:-1","max-image-preview":"max-image-preview:large","max-video-preview":"max-video-preview:-1"},"canonical":"https:\/\/escolaraiz.pt\/pt\/habitos\/","twitter_card":"summary_large_image","twitter_title":"H\u00e1bitos Raiz","twitter_description":"Introduza os H\u00e1bitos Raiz na sua vida e na dos seus filhos e ver\u00e1 como o dia se torna mais simples e desafiante.","twitter_image":"https:\/\/escolaraiz.pt\/pt\/wp-content\/uploads\/2023\/07\/347415163_940052810665886_3623625901392291742_n.jpg","twitter_misc":{"Tempo estimado de leitura":"2 minutos"},"schema":{"@context":"https:\/\/schema.org","@graph":[{"@type":"WebPage","@id":"https:\/\/escolaraiz.pt\/pt\/habitos\/","url":"https:\/\/escolaraiz.pt\/pt\/habitos\/","name":"H\u00e1bitos - Raiz","isPartOf":{"@id":"https:\/\/escolaraiz.pt\/pt\/#website"},"datePublished":"2017-10-20T14:06:42+00:00","dateModified":"2025-05-27T17:40:35+00:00","description":"Introduza os H\u00e1bitos Raiz na sua vida e na dos seus filhos e ver\u00e1 como o dia se torna mais simples e desafiante.","breadcrumb":{"@id":"https:\/\/escolaraiz.pt\/pt\/habitos\/#breadcrumb"},"inLanguage":"pt-PT","potentialAction":[{"@type":"ReadAction","target":["https:\/\/escolaraiz.pt\/pt\/habitos\/"]}]},{"@type":"BreadcrumbList","@id":"https:\/\/escolaraiz.pt\/pt\/habitos\/#breadcrumb","itemListElement":[{"@type":"ListItem","position":1,"name":"In\u00edcio","item":"https:\/\/escolaraiz.pt\/pt\/"},{"@type":"ListItem","position":2,"name":"H\u00e1bitos"}]},{"@type":"WebSite","@id":"https:\/\/escolaraiz.pt\/pt\/#website","url":"https:\/\/escolaraiz.pt\/pt\/","name":"Raiz","description":"Active Learning School","potentialAction":[{"@type":"SearchAction","target":{"@type":"EntryPoint","urlTemplate":"https:\/\/escolaraiz.pt\/pt\/?s={search_term_string}"},"query-input":{"@type":"PropertyValueSpecification","valueRequired":true,"valueName":"search_term_string"}}],"inLanguage":"pt-PT"}]}},"_links":{"self":[{"href":"https:\/\/escolaraiz.pt\/pt\/wp-json\/wp\/v2\/pages\/28197","targetHints":{"allow":["GET"]}}],"collection":[{"href":"https:\/\/escolaraiz.pt\/pt\/wp-json\/wp\/v2\/pages"}],"about":[{"href":"https:\/\/escolaraiz.pt\/pt\/wp-json\/wp\/v2\/types\/page"}],"author":[{"embeddable":true,"href":"https:\/\/escolaraiz.pt\/pt\/wp-json\/wp\/v2\/users\/1"}],"replies":[{"embeddable":true,"href":"https:\/\/escolaraiz.pt\/pt\/wp-json\/wp\/v2\/comments?post=28197"}],"version-history":[{"count":6,"href":"https:\/\/escolaraiz.pt\/pt\/wp-json\/wp\/v2\/pages\/28197\/revisions"}],"predecessor-version":[{"id":30759,"href":"https:\/\/escolaraiz.pt\/pt\/wp-json\/wp\/v2\/pages\/28197\/revisions\/30759"}],"wp:attachment":[{"href":"https:\/\/escolaraiz.pt\/pt\/wp-json\/wp\/v2\/media?parent=28197"}],"curies":[{"name":"wp","href":"https:\/\/api.w.org\/{rel}","templated":true}]}}