{"id":27745,"date":"2017-07-17T10:02:36","date_gmt":"2017-07-17T10:02:36","guid":{"rendered":"https:\/\/escolaraiz.pt\/pt\/?page_id=27745"},"modified":"2025-08-21T18:01:49","modified_gmt":"2025-08-21T18:01:49","slug":"grandes-eixos","status":"publish","type":"page","link":"https:\/\/escolaraiz.pt\/pt\/grandes-eixos\/","title":{"rendered":"Grandes eixos"},"content":{"rendered":"<div class=\"wpb-content-wrapper\"><p>[vc_row full_width=&#8221;stretch_row&#8221; css=&#8221;.vc_custom_1499790628610{padding-top: 40px !important;}&#8221;][vc_column][vc_single_image image=&#8221;27750&#8243; img_size=&#8221;full&#8221;][\/vc_column][\/vc_row][vc_row css=&#8221;.vc_custom_1499790641202{padding-top: 10px !important;}&#8221;][vc_column width=&#8221;1\/4&#8243;][vc_single_image image=&#8221;27749&#8243; img_size=&#8221;389&#215;496&#8243;][\/vc_column][vc_column width=&#8221;3\/4&#8243;][vc_single_image image=&#8221;30777&#8243; img_size=&#8221;full&#8221; alignment=&#8221;center&#8221;][vc_column_text css=&#8221;.vc_custom_1708512334446{margin-top: -20px !important;border-top-width: -20px !important;}&#8221;]Por meio de propostas concretas, o professor apoia o aluno neste processo de aprendizagem. O professor cria atividades pr\u00e1ticas que levam o aluno a construir o seu conhecimento pela a\u00e7\u00e3o sobre os materiais, intera\u00e7\u00e3o com os outros, esclarecimento de d\u00favidas, verbaliza\u00e7\u00e3o dos conhecimentos aprendidos, sistematiza\u00e7\u00e3o dos conte\u00fados (recorrendo a t\u00e9cnicas eficazes de estudo) e reten\u00e7\u00e3o de informa\u00e7\u00e3o. As fichas e os manuais fazem parte integrante deste processo de aprendizagem, mas surgem de um modo contextualizado e com significado.<\/p>\n<p>O aluno precisa de aprender a aprender, precisa de se conhecer e decidir os m\u00e9todos de estudo e trabalho que mais se lhe adequam. Para isso, precisa de contactar com estrat\u00e9gias e t\u00e9cnicas diferentes, exercit\u00e1-las com efic\u00e1cia e refletir sobre os resultados. Todo este trabalho \u00e9 realizado com o apoio especializado de um professor HighScope.<\/p>\n<p>Isto significa que o programa n\u00e3o tem como foco o ensino da mat\u00e9ria, mas a aprendizagem da mesma. N\u00e3o basta o professor ensinar; \u00e9 preciso que o aluno aprenda atrav\u00e9s de um processo cont\u00ednuo e fascinante, o ensino-aprendizagem.[\/vc_column_text][\/vc_column][\/vc_row][vc_row][vc_column][vc_single_image image=&#8221;30960&#8243; img_size=&#8221;full&#8221; css=&#8221;.vc_custom_1755799281691{margin-bottom: 0px !important;border-bottom-width: 0px !important;padding-bottom: 0px !important;}&#8221;][vc_column_text css=&#8221;.vc_custom_1708512411765{margin-top: 20px !important;}&#8221;]A Intera\u00e7\u00e3o e a Aprendizagem andam de bra\u00e7o dado. Sabemos que, interagindo, o aluno aprende a dar e a receber, a ouvir e a falar, a expressar sentimentos e emo\u00e7\u00f5es e a procurar solu\u00e7\u00f5es perante os desafios.<\/p>\n<p>Um ambiente de intera\u00e7\u00e3o positivo foca-se em tudo o que o aluno consegue e sabe fazer. V\u00ea o erro como uma oportunidade de aprendizagem e a resili\u00eancia como uma capacidade fundamental para a evolu\u00e7\u00e3o do indiv\u00edduo.<\/p>\n<p>Os professores da Raiz fazem forma\u00e7\u00e3o espec\u00edfica em intera\u00e7\u00e3o, motiva\u00e7\u00e3o e resolu\u00e7\u00e3o de problemas, de modo a saberem como apoiar o aluno nesta \u00e1rea fundamental. Estes t\u00eam um papel determinante no modo como o aluno se v\u00ea, interage com os outros e interpreta o mundo.[\/vc_column_text][\/vc_column][\/vc_row][vc_row css=&#8221;.vc_custom_1499790641202{padding-top: 10px !important;}&#8221;][vc_column width=&#8221;1\/4&#8243;][vc_single_image image=&#8221;27757&#8243; img_size=&#8221;396&#215;414&#8243;][\/vc_column][vc_column width=&#8221;3\/4&#8243;][vc_single_image image=&#8221;28279&#8243; img_size=&#8221;full&#8221;][vc_column_text css=&#8221;.vc_custom_1708512446021{margin-top: -20px !important;}&#8221;]A Intera\u00e7\u00e3o e a Aprendizagem andam de bra\u00e7o dado. Sabemos que, interagindo, o aluno aprende a dar e a receber, a ouvir e a falar, a expressar sentimentos e emo\u00e7\u00f5es e a procurar solu\u00e7\u00f5es perante os desafios.[\/vc_column_text][\/vc_column][\/vc_row][vc_row][vc_column][vc_single_image image=&#8221;27755&#8243; img_size=&#8221;full&#8221; css=&#8221;.vc_custom_1500286638354{margin-bottom: 0px !important;border-bottom-width: 0px !important;padding-bottom: 0px !important;}&#8221;][vc_column_text]A avalia\u00e7\u00e3o \u00e9 umas das quatro partes da roda da aprendizagem ativa.<\/p>\n<p>Avaliar implica refletir sobre a evolu\u00e7\u00e3o do aluno nas v\u00e1rias \u00e1reas de desenvolvimento. A reflex\u00e3o \u00e9 um momento essencial. O aluno da Raiz reflete sobre o que faz, os resultados que obt\u00e9m e projeta medidas concretas para o que quer fazer e novas estrat\u00e9gias a implementar.<\/p>\n<p>O processo de avalia\u00e7\u00e3o tem contornos diferentes em cada etapa da vida dos alunos e, em todas elas, tem um papel determinante na aprendizagem. O <strong>Planear-Fazer-Rever (PDR) \u00e9 a pe\u00e7a central deste processo<\/strong> e torna-se numa ferramenta essencial que o aluno utiliza na sua vida escolar, pessoal e mais tarde profissional.<\/p>\n<p>Como Piaget afirma, <strong>\u201cconhecer n\u00e3o consiste em copiar o real, mas em agir sobre ele e transform\u00e1-lo.\u201d<\/strong>[\/vc_column_text][\/vc_column][\/vc_row][vc_row][vc_column width=&#8221;2\/3&#8243;][vc_single_image image=&#8221;27756&#8243; img_size=&#8221;full&#8221;][vc_column_text css=&#8221;.vc_custom_1708512532474{margin-top: -20px !important;}&#8221;]O Tempo \u00e9 um bem muito precioso e por isso ganha v\u00e1rias dimens\u00f5es no programa.<\/p>\n<p>A pontualidade, a assiduidade e a entrega plena \u00e0 situa\u00e7\u00e3o s\u00e3o vividas no dia-a-dia como promotoras de organiza\u00e7\u00e3o, efic\u00e1cia e sucesso. Os nossos tempos letivos est\u00e3o organizados de modo que o aluno tenha diariamente tempo para trabalhar individualmente, tempo de trabalho em grupos pequenos e tempo de trabalho em grande grupo.<\/p>\n<p>[\/vc_column_text][\/vc_column][vc_column width=&#8221;1\/3&#8243;][vc_single_image image=&#8221;27758&#8243; img_size=&#8221;401&#215;450&#8243; alignment=&#8221;right&#8221;][\/vc_column][\/vc_row][vc_row full_width=&#8221;stretch_row&#8221; css=&#8221;.vc_custom_1499793105237{margin-top: 20px !important;background-color: #00457c !important;}&#8221;][vc_column][vc_single_image image=&#8221;27563&#8243; img_size=&#8221;large&#8221; alignment=&#8221;center&#8221; onclick=&#8221;custom_link&#8221; css_animation=&#8221;fadeIn&#8221; css=&#8221;.vc_custom_1513355958586{background-color: #00457c !important;}&#8221; link=&#8221;https:\/\/escolaraiz.pt\/pt\/contactos\/&#8221;][\/vc_column][\/vc_row]<\/p>\n<\/div>","protected":false},"excerpt":{"rendered":"<p>[vc_row full_width=&#8221;stretch_row&#8221; css=&#8221;.vc_custom_1499790628610{padding-top: 40px !important;}&#8221;][vc_column][vc_single_image image=&#8221;27750&#8243; img_size=&#8221;full&#8221;][\/vc_column][\/vc_row][vc_row css=&#8221;.vc_custom_1499790641202{padding-top: 10px !important;}&#8221;][vc_column width=&#8221;1\/4&#8243;][vc_single_image image=&#8221;27749&#8243; img_size=&#8221;389&#215;496&#8243;][\/vc_column][vc_column width=&#8221;3\/4&#8243;][vc_single_image image=&#8221;30777&#8243; img_size=&#8221;full&#8221; alignment=&#8221;center&#8221;][vc_column_text css=&#8221;.vc_custom_1708512334446{margin-top: -20px !important;border-top-width: -20px !important;}&#8221;]Por meio de propostas concretas, o professor apoia o aluno neste processo de aprendizagem. O professor cria atividades pr\u00e1ticas que levam o aluno a construir o seu conhecimento pela a\u00e7\u00e3o sobre os materiais, intera\u00e7\u00e3o<\/p>\n","protected":false},"author":1,"featured_media":0,"parent":0,"menu_order":0,"comment_status":"closed","ping_status":"closed","template":"","meta":{"footnotes":""},"class_list":["post-27745","page","type-page","status-publish","hentry"],"yoast_head":"<!-- This site is optimized with the Yoast SEO plugin v27.4 - https:\/\/yoast.com\/product\/yoast-seo-wordpress\/ -->\n<title>Grandes eixos - Raiz<\/title>\n<meta name=\"description\" content=\"Por meio de propostas concretas, o professor apoia o aluno neste processo de aprendizagem.\" \/>\n<meta name=\"robots\" content=\"index, follow, max-snippet:-1, max-image-preview:large, max-video-preview:-1\" \/>\n<link rel=\"canonical\" href=\"https:\/\/escolaraiz.pt\/pt\/grandes-eixos\/\" \/>\n<meta name=\"twitter:card\" content=\"summary_large_image\" \/>\n<meta name=\"twitter:title\" content=\"Grandes Eixos\" \/>\n<meta name=\"twitter:description\" content=\"Por meio de propostas concretas, o professor apoia o aluno neste processo de aprendizagem.\" \/>\n<meta name=\"twitter:image\" content=\"https:\/\/escolaraiz.pt\/pt\/wp-content\/uploads\/2023\/07\/358087138_759510956023859_4054789469598366142_n.jpg\" \/>\n<meta name=\"twitter:label1\" content=\"Tempo estimado de leitura\" \/>\n\t<meta name=\"twitter:data1\" content=\"6 minutos\" \/>\n<script type=\"application\/ld+json\" class=\"yoast-schema-graph\">{\"@context\":\"https:\\\/\\\/schema.org\",\"@graph\":[{\"@type\":\"WebPage\",\"@id\":\"https:\\\/\\\/escolaraiz.pt\\\/pt\\\/grandes-eixos\\\/\",\"url\":\"https:\\\/\\\/escolaraiz.pt\\\/pt\\\/grandes-eixos\\\/\",\"name\":\"Grandes eixos - Raiz\",\"isPartOf\":{\"@id\":\"https:\\\/\\\/escolaraiz.pt\\\/pt\\\/#website\"},\"datePublished\":\"2017-07-17T10:02:36+00:00\",\"dateModified\":\"2025-08-21T18:01:49+00:00\",\"description\":\"Por meio de propostas concretas, o professor apoia o aluno neste processo de aprendizagem.\",\"breadcrumb\":{\"@id\":\"https:\\\/\\\/escolaraiz.pt\\\/pt\\\/grandes-eixos\\\/#breadcrumb\"},\"inLanguage\":\"pt-PT\",\"potentialAction\":[{\"@type\":\"ReadAction\",\"target\":[\"https:\\\/\\\/escolaraiz.pt\\\/pt\\\/grandes-eixos\\\/\"]}]},{\"@type\":\"BreadcrumbList\",\"@id\":\"https:\\\/\\\/escolaraiz.pt\\\/pt\\\/grandes-eixos\\\/#breadcrumb\",\"itemListElement\":[{\"@type\":\"ListItem\",\"position\":1,\"name\":\"In\u00edcio\",\"item\":\"https:\\\/\\\/escolaraiz.pt\\\/pt\\\/\"},{\"@type\":\"ListItem\",\"position\":2,\"name\":\"Grandes eixos\"}]},{\"@type\":\"WebSite\",\"@id\":\"https:\\\/\\\/escolaraiz.pt\\\/pt\\\/#website\",\"url\":\"https:\\\/\\\/escolaraiz.pt\\\/pt\\\/\",\"name\":\"Raiz\",\"description\":\"Active Learning School\",\"potentialAction\":[{\"@type\":\"SearchAction\",\"target\":{\"@type\":\"EntryPoint\",\"urlTemplate\":\"https:\\\/\\\/escolaraiz.pt\\\/pt\\\/?s={search_term_string}\"},\"query-input\":{\"@type\":\"PropertyValueSpecification\",\"valueRequired\":true,\"valueName\":\"search_term_string\"}}],\"inLanguage\":\"pt-PT\"}]}<\/script>\n<!-- \/ Yoast SEO plugin. -->","yoast_head_json":{"title":"Grandes eixos - Raiz","description":"Por meio de propostas concretas, o professor apoia o aluno neste processo de aprendizagem.","robots":{"index":"index","follow":"follow","max-snippet":"max-snippet:-1","max-image-preview":"max-image-preview:large","max-video-preview":"max-video-preview:-1"},"canonical":"https:\/\/escolaraiz.pt\/pt\/grandes-eixos\/","twitter_card":"summary_large_image","twitter_title":"Grandes Eixos","twitter_description":"Por meio de propostas concretas, o professor apoia o aluno neste processo de aprendizagem.","twitter_image":"https:\/\/escolaraiz.pt\/pt\/wp-content\/uploads\/2023\/07\/358087138_759510956023859_4054789469598366142_n.jpg","twitter_misc":{"Tempo estimado de leitura":"6 minutos"},"schema":{"@context":"https:\/\/schema.org","@graph":[{"@type":"WebPage","@id":"https:\/\/escolaraiz.pt\/pt\/grandes-eixos\/","url":"https:\/\/escolaraiz.pt\/pt\/grandes-eixos\/","name":"Grandes eixos - Raiz","isPartOf":{"@id":"https:\/\/escolaraiz.pt\/pt\/#website"},"datePublished":"2017-07-17T10:02:36+00:00","dateModified":"2025-08-21T18:01:49+00:00","description":"Por meio de propostas concretas, o professor apoia o aluno neste processo de aprendizagem.","breadcrumb":{"@id":"https:\/\/escolaraiz.pt\/pt\/grandes-eixos\/#breadcrumb"},"inLanguage":"pt-PT","potentialAction":[{"@type":"ReadAction","target":["https:\/\/escolaraiz.pt\/pt\/grandes-eixos\/"]}]},{"@type":"BreadcrumbList","@id":"https:\/\/escolaraiz.pt\/pt\/grandes-eixos\/#breadcrumb","itemListElement":[{"@type":"ListItem","position":1,"name":"In\u00edcio","item":"https:\/\/escolaraiz.pt\/pt\/"},{"@type":"ListItem","position":2,"name":"Grandes eixos"}]},{"@type":"WebSite","@id":"https:\/\/escolaraiz.pt\/pt\/#website","url":"https:\/\/escolaraiz.pt\/pt\/","name":"Raiz","description":"Active Learning School","potentialAction":[{"@type":"SearchAction","target":{"@type":"EntryPoint","urlTemplate":"https:\/\/escolaraiz.pt\/pt\/?s={search_term_string}"},"query-input":{"@type":"PropertyValueSpecification","valueRequired":true,"valueName":"search_term_string"}}],"inLanguage":"pt-PT"}]}},"_links":{"self":[{"href":"https:\/\/escolaraiz.pt\/pt\/wp-json\/wp\/v2\/pages\/27745","targetHints":{"allow":["GET"]}}],"collection":[{"href":"https:\/\/escolaraiz.pt\/pt\/wp-json\/wp\/v2\/pages"}],"about":[{"href":"https:\/\/escolaraiz.pt\/pt\/wp-json\/wp\/v2\/types\/page"}],"author":[{"embeddable":true,"href":"https:\/\/escolaraiz.pt\/pt\/wp-json\/wp\/v2\/users\/1"}],"replies":[{"embeddable":true,"href":"https:\/\/escolaraiz.pt\/pt\/wp-json\/wp\/v2\/comments?post=27745"}],"version-history":[{"count":19,"href":"https:\/\/escolaraiz.pt\/pt\/wp-json\/wp\/v2\/pages\/27745\/revisions"}],"predecessor-version":[{"id":30961,"href":"https:\/\/escolaraiz.pt\/pt\/wp-json\/wp\/v2\/pages\/27745\/revisions\/30961"}],"wp:attachment":[{"href":"https:\/\/escolaraiz.pt\/pt\/wp-json\/wp\/v2\/media?parent=27745"}],"curies":[{"name":"wp","href":"https:\/\/api.w.org\/{rel}","templated":true}]}}