{"id":27364,"date":"2017-06-01T09:46:50","date_gmt":"2017-06-01T09:46:50","guid":{"rendered":"https:\/\/escolaraiz.pt\/pt\/?page_id=27364"},"modified":"2025-05-23T14:07:07","modified_gmt":"2025-05-23T14:07:07","slug":"bolsas","status":"publish","type":"page","link":"https:\/\/escolaraiz.pt\/pt\/bolsas\/","title":{"rendered":"Bolsas"},"content":{"rendered":"<div class=\"wpb-content-wrapper\"><p>[vc_row css=&#8221;.vc_custom_1500377795928{padding-top: 30px !important;}&#8221;][vc_column][vc_single_image image=&#8221;27825&#8243; img_size=&#8221;full&#8221;][\/vc_column][\/vc_row][vc_row][vc_column width=&#8221;1\/4&#8243;][vc_single_image image=&#8221;27826&#8243; img_size=&#8221;319&#215;347&#8243;][\/vc_column][vc_column width=&#8221;3\/4&#8243;][vc_column_text]Este programa tem o objetivo de proporcionar a crian\u00e7as com grande potencial escolar e menores possibilidades econ\u00f3micas os benef\u00edcios de uma aprendizagem ativa no modelo HighScope e de diversificar a sua comunidade escolar. A Escola Raiz oferece aos candidatos a possibilidade de frequentarem a escola com uma mensalidade reduzida. O valor da mensalidade a pagar pelos candidatos escolhidos depender\u00e1 dos rendimentos do agregado familiar, devidamente comprovados.<\/p>\n<p>A sele\u00e7\u00e3o dos candidatos ser\u00e1 realizada tendo em conta a data da candidatura, idade da crian\u00e7a, zona de resid\u00eancia, interesse e motiva\u00e7\u00e3o dos pais e desempenho da crian\u00e7a.<\/p>\n<p>As Bolsas de Estudo destinam-se a novos alunos que nunca tiveram uma experi\u00eancia HighScope.<\/p>\n<p>Inscreva-se para <a href=\"mailto:escolaraiz@escolaraiz.pt\">escolaraiz@escolaraiz.pt<\/a>. O n\u00famero de vagas \u00e9 limitado.[\/vc_column_text][\/vc_column][\/vc_row][vc_row full_width=&#8221;stretch_row&#8221; css=&#8221;.vc_custom_1481244682605{padding-top: 20px !important;padding-bottom: 40px !important;background-color: #00457c !important;}&#8221;][vc_column][vc_single_image image=&#8221;27563&#8243; img_size=&#8221;large&#8221; alignment=&#8221;center&#8221; onclick=&#8221;custom_link&#8221; css_animation=&#8221;fadeIn&#8221; css=&#8221;.vc_custom_1513356596083{background-color: #00457c !important;}&#8221; link=&#8221;https:\/\/escolaraiz.pt\/pt\/contactos\/&#8221;][\/vc_column][\/vc_row]<\/p>\n<\/div>","protected":false},"excerpt":{"rendered":"<p>[vc_row css=&#8221;.vc_custom_1500377795928{padding-top: 30px !important;}&#8221;][vc_column][vc_single_image image=&#8221;27825&#8243; img_size=&#8221;full&#8221;][\/vc_column][\/vc_row][vc_row][vc_column width=&#8221;1\/4&#8243;][vc_single_image image=&#8221;27826&#8243; img_size=&#8221;319&#215;347&#8243;][\/vc_column][vc_column width=&#8221;3\/4&#8243;][vc_column_text]Este programa tem o objetivo de proporcionar a crian\u00e7as com grande potencial escolar e menores possibilidades econ\u00f3micas os benef\u00edcios de uma aprendizagem ativa no modelo HighScope e de diversificar a sua comunidade escolar. A Escola Raiz oferece aos candidatos a possibilidade de frequentarem a escola com<\/p>\n","protected":false},"author":1,"featured_media":0,"parent":0,"menu_order":0,"comment_status":"closed","ping_status":"closed","template":"","meta":{"footnotes":""},"class_list":["post-27364","page","type-page","status-publish","hentry"],"yoast_head":"<!-- This site is optimized with the Yoast SEO plugin v27.5 - https:\/\/yoast.com\/product\/yoast-seo-wordpress\/ -->\n<title>Bolsas - Raiz<\/title>\n<meta name=\"description\" content=\"A possibilidade de frequentarem a Escola com uma mensalidade reduzida.\" \/>\n<meta name=\"robots\" content=\"index, follow, max-snippet:-1, max-image-preview:large, max-video-preview:-1\" \/>\n<link rel=\"canonical\" href=\"https:\/\/escolaraiz.pt\/pt\/bolsas\/\" \/>\n<meta name=\"twitter:card\" content=\"summary_large_image\" \/>\n<meta name=\"twitter:title\" content=\"Bolsas - Raiz\" \/>\n<meta name=\"twitter:description\" content=\"A possibilidade de frequentarem a Escola com uma mensalidade reduzida.\" \/>\n<meta name=\"twitter:label1\" content=\"Tempo estimado de leitura\" \/>\n\t<meta name=\"twitter:data1\" content=\"2 minutos\" \/>\n<script type=\"application\/ld+json\" class=\"yoast-schema-graph\">{\"@context\":\"https:\\\/\\\/schema.org\",\"@graph\":[{\"@type\":\"WebPage\",\"@id\":\"https:\\\/\\\/escolaraiz.pt\\\/pt\\\/bolsas\\\/\",\"url\":\"https:\\\/\\\/escolaraiz.pt\\\/pt\\\/bolsas\\\/\",\"name\":\"Bolsas - Raiz\",\"isPartOf\":{\"@id\":\"https:\\\/\\\/escolaraiz.pt\\\/pt\\\/#website\"},\"datePublished\":\"2017-06-01T09:46:50+00:00\",\"dateModified\":\"2025-05-23T14:07:07+00:00\",\"description\":\"A possibilidade de frequentarem a Escola com uma mensalidade reduzida.\",\"breadcrumb\":{\"@id\":\"https:\\\/\\\/escolaraiz.pt\\\/pt\\\/bolsas\\\/#breadcrumb\"},\"inLanguage\":\"pt-PT\",\"potentialAction\":[{\"@type\":\"ReadAction\",\"target\":[\"https:\\\/\\\/escolaraiz.pt\\\/pt\\\/bolsas\\\/\"]}]},{\"@type\":\"BreadcrumbList\",\"@id\":\"https:\\\/\\\/escolaraiz.pt\\\/pt\\\/bolsas\\\/#breadcrumb\",\"itemListElement\":[{\"@type\":\"ListItem\",\"position\":1,\"name\":\"In\u00edcio\",\"item\":\"https:\\\/\\\/escolaraiz.pt\\\/pt\\\/\"},{\"@type\":\"ListItem\",\"position\":2,\"name\":\"Bolsas\"}]},{\"@type\":\"WebSite\",\"@id\":\"https:\\\/\\\/escolaraiz.pt\\\/pt\\\/#website\",\"url\":\"https:\\\/\\\/escolaraiz.pt\\\/pt\\\/\",\"name\":\"Raiz\",\"description\":\"Active Learning School\",\"potentialAction\":[{\"@type\":\"SearchAction\",\"target\":{\"@type\":\"EntryPoint\",\"urlTemplate\":\"https:\\\/\\\/escolaraiz.pt\\\/pt\\\/?s={search_term_string}\"},\"query-input\":{\"@type\":\"PropertyValueSpecification\",\"valueRequired\":true,\"valueName\":\"search_term_string\"}}],\"inLanguage\":\"pt-PT\"}]}<\/script>\n<!-- \/ Yoast SEO plugin. -->","yoast_head_json":{"title":"Bolsas - Raiz","description":"A possibilidade de frequentarem a Escola com uma mensalidade reduzida.","robots":{"index":"index","follow":"follow","max-snippet":"max-snippet:-1","max-image-preview":"max-image-preview:large","max-video-preview":"max-video-preview:-1"},"canonical":"https:\/\/escolaraiz.pt\/pt\/bolsas\/","twitter_card":"summary_large_image","twitter_title":"Bolsas - Raiz","twitter_description":"A possibilidade de frequentarem a Escola com uma mensalidade reduzida.","twitter_misc":{"Tempo estimado de leitura":"2 minutos"},"schema":{"@context":"https:\/\/schema.org","@graph":[{"@type":"WebPage","@id":"https:\/\/escolaraiz.pt\/pt\/bolsas\/","url":"https:\/\/escolaraiz.pt\/pt\/bolsas\/","name":"Bolsas - Raiz","isPartOf":{"@id":"https:\/\/escolaraiz.pt\/pt\/#website"},"datePublished":"2017-06-01T09:46:50+00:00","dateModified":"2025-05-23T14:07:07+00:00","description":"A possibilidade de frequentarem a Escola com uma mensalidade reduzida.","breadcrumb":{"@id":"https:\/\/escolaraiz.pt\/pt\/bolsas\/#breadcrumb"},"inLanguage":"pt-PT","potentialAction":[{"@type":"ReadAction","target":["https:\/\/escolaraiz.pt\/pt\/bolsas\/"]}]},{"@type":"BreadcrumbList","@id":"https:\/\/escolaraiz.pt\/pt\/bolsas\/#breadcrumb","itemListElement":[{"@type":"ListItem","position":1,"name":"In\u00edcio","item":"https:\/\/escolaraiz.pt\/pt\/"},{"@type":"ListItem","position":2,"name":"Bolsas"}]},{"@type":"WebSite","@id":"https:\/\/escolaraiz.pt\/pt\/#website","url":"https:\/\/escolaraiz.pt\/pt\/","name":"Raiz","description":"Active Learning School","potentialAction":[{"@type":"SearchAction","target":{"@type":"EntryPoint","urlTemplate":"https:\/\/escolaraiz.pt\/pt\/?s={search_term_string}"},"query-input":{"@type":"PropertyValueSpecification","valueRequired":true,"valueName":"search_term_string"}}],"inLanguage":"pt-PT"}]}},"_links":{"self":[{"href":"https:\/\/escolaraiz.pt\/pt\/wp-json\/wp\/v2\/pages\/27364","targetHints":{"allow":["GET"]}}],"collection":[{"href":"https:\/\/escolaraiz.pt\/pt\/wp-json\/wp\/v2\/pages"}],"about":[{"href":"https:\/\/escolaraiz.pt\/pt\/wp-json\/wp\/v2\/types\/page"}],"author":[{"embeddable":true,"href":"https:\/\/escolaraiz.pt\/pt\/wp-json\/wp\/v2\/users\/1"}],"replies":[{"embeddable":true,"href":"https:\/\/escolaraiz.pt\/pt\/wp-json\/wp\/v2\/comments?post=27364"}],"version-history":[{"count":7,"href":"https:\/\/escolaraiz.pt\/pt\/wp-json\/wp\/v2\/pages\/27364\/revisions"}],"predecessor-version":[{"id":30795,"href":"https:\/\/escolaraiz.pt\/pt\/wp-json\/wp\/v2\/pages\/27364\/revisions\/30795"}],"wp:attachment":[{"href":"https:\/\/escolaraiz.pt\/pt\/wp-json\/wp\/v2\/media?parent=27364"}],"curies":[{"name":"wp","href":"https:\/\/api.w.org\/{rel}","templated":true}]}}