{"id":27227,"date":"2017-05-30T16:54:56","date_gmt":"2017-05-30T16:54:56","guid":{"rendered":"https:\/\/escolaraiz.pt\/pt\/?page_id=27227"},"modified":"2024-02-08T15:58:27","modified_gmt":"2024-02-08T15:58:27","slug":"desporto","status":"publish","type":"page","link":"https:\/\/escolaraiz.pt\/pt\/desporto\/","title":{"rendered":"Desporto"},"content":{"rendered":"<div class=\"wpb-content-wrapper\"><p>[vc_row][vc_column][vc_single_image image=&#8221;27627&#8243; img_size=&#8221;full&#8221; css=&#8221;.vc_custom_1499870609363{padding-top: 40px !important;}&#8221;][\/vc_column][\/vc_row][vc_row css=&#8221;.vc_custom_1483088684231{padding-top: 40px !important;}&#8221;][vc_column width=&#8221;1\/4&#8243;][vc_single_image image=&#8221;27626&#8243; img_size=&#8221;382&#215;288&#8243;][\/vc_column][vc_column width=&#8221;3\/4&#8243;][vc_column_text]Promovemos um desporto de qualidade realizado num espa\u00e7o que promove o gosto pelas modalidades e potencia o desenvolvimento da crian\u00e7a e do jovem.<\/p>\n<p>Temos parceria com os Gin\u00e1sios do <a href=\"https:\/\/www.facebook.com\/p\/Caselas-Futebol-Clube-100054306409125\/?locale=pt_PT\" target=\"_blank\" rel=\"noopener\">Caselas Futebol Clube<\/a> e do <a href=\"https:\/\/www.sportalgesedafundo.com\/\" target=\"_blank\" rel=\"noopener\">Sport Alg\u00e9s e Dafundo<\/a>, para que o desporto possa ser realizado em campos de jogos, gin\u00e1sios e piscinas. Temos tamb\u00e9m parceria com o <a href=\"https:\/\/www.osbelenenses.com\/basquetebol\/\" target=\"_blank\" rel=\"noopener\">Basquetebol do Belenenses<\/a>.<\/p>\n<p>[\/vc_column_text][\/vc_column][\/vc_row][vc_row full_width=&#8221;stretch_row&#8221; css=&#8221;.vc_custom_1481244682605{padding-top: 20px !important;padding-bottom: 40px !important;background-color: #00457c !important;}&#8221;][vc_column][vc_single_image image=&#8221;27452&#8243; img_size=&#8221;large&#8221; alignment=&#8221;center&#8221; onclick=&#8221;custom_link&#8221; css_animation=&#8221;fadeIn&#8221; css=&#8221;.vc_custom_1500550778599{background-color: #00457c !important;}&#8221; link=&#8221;https:\/\/escolaraiz.pt\/pt\/contactos\/&#8221;][\/vc_column][\/vc_row]<\/p>\n<\/div>","protected":false},"excerpt":{"rendered":"<p>[vc_row][vc_column][vc_single_image image=&#8221;27627&#8243; img_size=&#8221;full&#8221; css=&#8221;.vc_custom_1499870609363{padding-top: 40px !important;}&#8221;][\/vc_column][\/vc_row][vc_row css=&#8221;.vc_custom_1483088684231{padding-top: 40px !important;}&#8221;][vc_column width=&#8221;1\/4&#8243;][vc_single_image image=&#8221;27626&#8243; img_size=&#8221;382&#215;288&#8243;][\/vc_column][vc_column width=&#8221;3\/4&#8243;][vc_column_text]Promovemos um desporto de qualidade realizado num espa\u00e7o que promove o gosto pelas modalidades e potencia o desenvolvimento da crian\u00e7a e do jovem. Temos parceria com os Gin\u00e1sios do Caselas Futebol Clube e do Sport Alg\u00e9s e Dafundo, para que o desporto possa<\/p>\n","protected":false},"author":1,"featured_media":27544,"parent":0,"menu_order":0,"comment_status":"closed","ping_status":"closed","template":"","meta":{"footnotes":""},"class_list":["post-27227","page","type-page","status-publish","has-post-thumbnail","hentry"],"yoast_head":"<!-- This site is optimized with the Yoast SEO plugin v27.4 - https:\/\/yoast.com\/product\/yoast-seo-wordpress\/ -->\n<title>Desporto - Raiz<\/title>\n<meta name=\"description\" content=\"Promovemos um desporto de qualidade realizado num espa\u00e7o que promove o gosto pelas modalidades e potencia o desenvolvimento da crian\u00e7a e do jovem.\" \/>\n<meta name=\"robots\" content=\"index, follow, max-snippet:-1, max-image-preview:large, max-video-preview:-1\" \/>\n<link rel=\"canonical\" href=\"https:\/\/escolaraiz.pt\/pt\/desporto\/\" \/>\n<meta name=\"twitter:card\" content=\"summary_large_image\" \/>\n<meta name=\"twitter:title\" content=\"Desporto\" \/>\n<meta name=\"twitter:description\" content=\"Promovemos um desporto de qualidade realizado num espa\u00e7o que promove o gosto pelas modalidades e potencia o desenvolvimento da crian\u00e7a e do jovem.\" \/>\n<meta name=\"twitter:image\" content=\"https:\/\/escolaraiz.pt\/pt\/wp-content\/uploads\/2017\/05\/desporto_img_1.png\" \/>\n<meta name=\"twitter:label1\" content=\"Tempo estimado de leitura\" \/>\n\t<meta name=\"twitter:data1\" content=\"1 minuto\" \/>\n<script type=\"application\/ld+json\" class=\"yoast-schema-graph\">{\"@context\":\"https:\\\/\\\/schema.org\",\"@graph\":[{\"@type\":\"WebPage\",\"@id\":\"https:\\\/\\\/escolaraiz.pt\\\/pt\\\/desporto\\\/\",\"url\":\"https:\\\/\\\/escolaraiz.pt\\\/pt\\\/desporto\\\/\",\"name\":\"Desporto - Raiz\",\"isPartOf\":{\"@id\":\"https:\\\/\\\/escolaraiz.pt\\\/pt\\\/#website\"},\"primaryImageOfPage\":{\"@id\":\"https:\\\/\\\/escolaraiz.pt\\\/pt\\\/desporto\\\/#primaryimage\"},\"image\":{\"@id\":\"https:\\\/\\\/escolaraiz.pt\\\/pt\\\/desporto\\\/#primaryimage\"},\"thumbnailUrl\":\"https:\\\/\\\/escolaraiz.pt\\\/pt\\\/wp-content\\\/uploads\\\/2017\\\/05\\\/extra_curriculares_1.png\",\"datePublished\":\"2017-05-30T16:54:56+00:00\",\"dateModified\":\"2024-02-08T15:58:27+00:00\",\"description\":\"Promovemos um desporto de qualidade realizado num espa\u00e7o que promove o gosto pelas modalidades e potencia o desenvolvimento da crian\u00e7a e do jovem.\",\"breadcrumb\":{\"@id\":\"https:\\\/\\\/escolaraiz.pt\\\/pt\\\/desporto\\\/#breadcrumb\"},\"inLanguage\":\"pt-PT\",\"potentialAction\":[{\"@type\":\"ReadAction\",\"target\":[\"https:\\\/\\\/escolaraiz.pt\\\/pt\\\/desporto\\\/\"]}]},{\"@type\":\"ImageObject\",\"inLanguage\":\"pt-PT\",\"@id\":\"https:\\\/\\\/escolaraiz.pt\\\/pt\\\/desporto\\\/#primaryimage\",\"url\":\"https:\\\/\\\/escolaraiz.pt\\\/pt\\\/wp-content\\\/uploads\\\/2017\\\/05\\\/extra_curriculares_1.png\",\"contentUrl\":\"https:\\\/\\\/escolaraiz.pt\\\/pt\\\/wp-content\\\/uploads\\\/2017\\\/05\\\/extra_curriculares_1.png\",\"width\":442,\"height\":357},{\"@type\":\"BreadcrumbList\",\"@id\":\"https:\\\/\\\/escolaraiz.pt\\\/pt\\\/desporto\\\/#breadcrumb\",\"itemListElement\":[{\"@type\":\"ListItem\",\"position\":1,\"name\":\"In\u00edcio\",\"item\":\"https:\\\/\\\/escolaraiz.pt\\\/pt\\\/\"},{\"@type\":\"ListItem\",\"position\":2,\"name\":\"Desporto\"}]},{\"@type\":\"WebSite\",\"@id\":\"https:\\\/\\\/escolaraiz.pt\\\/pt\\\/#website\",\"url\":\"https:\\\/\\\/escolaraiz.pt\\\/pt\\\/\",\"name\":\"Raiz\",\"description\":\"Active Learning School\",\"potentialAction\":[{\"@type\":\"SearchAction\",\"target\":{\"@type\":\"EntryPoint\",\"urlTemplate\":\"https:\\\/\\\/escolaraiz.pt\\\/pt\\\/?s={search_term_string}\"},\"query-input\":{\"@type\":\"PropertyValueSpecification\",\"valueRequired\":true,\"valueName\":\"search_term_string\"}}],\"inLanguage\":\"pt-PT\"}]}<\/script>\n<!-- \/ Yoast SEO plugin. -->","yoast_head_json":{"title":"Desporto - Raiz","description":"Promovemos um desporto de qualidade realizado num espa\u00e7o que promove o gosto pelas modalidades e potencia o desenvolvimento da crian\u00e7a e do jovem.","robots":{"index":"index","follow":"follow","max-snippet":"max-snippet:-1","max-image-preview":"max-image-preview:large","max-video-preview":"max-video-preview:-1"},"canonical":"https:\/\/escolaraiz.pt\/pt\/desporto\/","twitter_card":"summary_large_image","twitter_title":"Desporto","twitter_description":"Promovemos um desporto de qualidade realizado num espa\u00e7o que promove o gosto pelas modalidades e potencia o desenvolvimento da crian\u00e7a e do jovem.","twitter_image":"https:\/\/escolaraiz.pt\/pt\/wp-content\/uploads\/2017\/05\/desporto_img_1.png","twitter_misc":{"Tempo estimado de leitura":"1 minuto"},"schema":{"@context":"https:\/\/schema.org","@graph":[{"@type":"WebPage","@id":"https:\/\/escolaraiz.pt\/pt\/desporto\/","url":"https:\/\/escolaraiz.pt\/pt\/desporto\/","name":"Desporto - Raiz","isPartOf":{"@id":"https:\/\/escolaraiz.pt\/pt\/#website"},"primaryImageOfPage":{"@id":"https:\/\/escolaraiz.pt\/pt\/desporto\/#primaryimage"},"image":{"@id":"https:\/\/escolaraiz.pt\/pt\/desporto\/#primaryimage"},"thumbnailUrl":"https:\/\/escolaraiz.pt\/pt\/wp-content\/uploads\/2017\/05\/extra_curriculares_1.png","datePublished":"2017-05-30T16:54:56+00:00","dateModified":"2024-02-08T15:58:27+00:00","description":"Promovemos um desporto de qualidade realizado num espa\u00e7o que promove o gosto pelas modalidades e potencia o desenvolvimento da crian\u00e7a e do jovem.","breadcrumb":{"@id":"https:\/\/escolaraiz.pt\/pt\/desporto\/#breadcrumb"},"inLanguage":"pt-PT","potentialAction":[{"@type":"ReadAction","target":["https:\/\/escolaraiz.pt\/pt\/desporto\/"]}]},{"@type":"ImageObject","inLanguage":"pt-PT","@id":"https:\/\/escolaraiz.pt\/pt\/desporto\/#primaryimage","url":"https:\/\/escolaraiz.pt\/pt\/wp-content\/uploads\/2017\/05\/extra_curriculares_1.png","contentUrl":"https:\/\/escolaraiz.pt\/pt\/wp-content\/uploads\/2017\/05\/extra_curriculares_1.png","width":442,"height":357},{"@type":"BreadcrumbList","@id":"https:\/\/escolaraiz.pt\/pt\/desporto\/#breadcrumb","itemListElement":[{"@type":"ListItem","position":1,"name":"In\u00edcio","item":"https:\/\/escolaraiz.pt\/pt\/"},{"@type":"ListItem","position":2,"name":"Desporto"}]},{"@type":"WebSite","@id":"https:\/\/escolaraiz.pt\/pt\/#website","url":"https:\/\/escolaraiz.pt\/pt\/","name":"Raiz","description":"Active Learning School","potentialAction":[{"@type":"SearchAction","target":{"@type":"EntryPoint","urlTemplate":"https:\/\/escolaraiz.pt\/pt\/?s={search_term_string}"},"query-input":{"@type":"PropertyValueSpecification","valueRequired":true,"valueName":"search_term_string"}}],"inLanguage":"pt-PT"}]}},"_links":{"self":[{"href":"https:\/\/escolaraiz.pt\/pt\/wp-json\/wp\/v2\/pages\/27227","targetHints":{"allow":["GET"]}}],"collection":[{"href":"https:\/\/escolaraiz.pt\/pt\/wp-json\/wp\/v2\/pages"}],"about":[{"href":"https:\/\/escolaraiz.pt\/pt\/wp-json\/wp\/v2\/types\/page"}],"author":[{"embeddable":true,"href":"https:\/\/escolaraiz.pt\/pt\/wp-json\/wp\/v2\/users\/1"}],"replies":[{"embeddable":true,"href":"https:\/\/escolaraiz.pt\/pt\/wp-json\/wp\/v2\/comments?post=27227"}],"version-history":[{"count":7,"href":"https:\/\/escolaraiz.pt\/pt\/wp-json\/wp\/v2\/pages\/27227\/revisions"}],"predecessor-version":[{"id":30773,"href":"https:\/\/escolaraiz.pt\/pt\/wp-json\/wp\/v2\/pages\/27227\/revisions\/30773"}],"wp:featuredmedia":[{"embeddable":true,"href":"https:\/\/escolaraiz.pt\/pt\/wp-json\/wp\/v2\/media\/27544"}],"wp:attachment":[{"href":"https:\/\/escolaraiz.pt\/pt\/wp-json\/wp\/v2\/media?parent=27227"}],"curies":[{"name":"wp","href":"https:\/\/api.w.org\/{rel}","templated":true}]}}