{"id":27224,"date":"2017-05-30T16:51:05","date_gmt":"2017-05-30T16:51:05","guid":{"rendered":"https:\/\/escolaraiz.pt\/pt\/?page_id=27224"},"modified":"2025-07-30T13:42:47","modified_gmt":"2025-07-30T13:42:47","slug":"ensino-bilingue","status":"publish","type":"page","link":"https:\/\/escolaraiz.pt\/pt\/ensino-bilingue\/","title":{"rendered":"Ensino Bilingue"},"content":{"rendered":"<div class=\"wpb-content-wrapper\"><p>[vc_row css=&#8221;.vc_custom_1499870221118{padding-top: 40px !important;}&#8221;][vc_column][vc_single_image image=&#8221;28098&#8243; img_size=&#8221;full&#8221;][\/vc_column][\/vc_row][vc_row css=&#8221;.vc_custom_1483088684231{padding-top: 40px !important;}&#8221;][vc_column width=&#8221;1\/4&#8243;][vc_single_image image=&#8221;27620&#8243; img_size=&#8221;316&#215;344&#8243;][\/vc_column][vc_column width=&#8221;3\/4&#8243;][vc_column_text css=&#8221;&#8221;]Os alunos t\u00eam professores que falam portugu\u00eas e outros que falam ingl\u00eas, habituando-se assim a comunicar nas duas l\u00ednguas com os colegas e professores. A l\u00edngua inglesa surge como a segunda ou primeira l\u00edngua da maioria dos estudantes.<\/p>\n<p>[\/vc_column_text][vc_single_image image=&#8221;28261&#8243; img_size=&#8221;full&#8221;][vc_column_text]<\/p>\n<p>[\/vc_column_text][\/vc_column][\/vc_row][vc_row full_width=&#8221;stretch_row&#8221; css=&#8221;.vc_custom_1481244682605{padding-top: 20px !important;padding-bottom: 40px !important;background-color: #00457c !important;}&#8221;][vc_column][vc_single_image image=&#8221;27452&#8243; img_size=&#8221;large&#8221; alignment=&#8221;center&#8221; onclick=&#8221;custom_link&#8221; css_animation=&#8221;fadeIn&#8221; css=&#8221;.vc_custom_1500550729017{background-color: #00457c !important;}&#8221; link=&#8221;https:\/\/escolaraiz.pt\/pt\/contactos\/&#8221;][\/vc_column][\/vc_row]<\/p>\n<\/div>","protected":false},"excerpt":{"rendered":"<p>[vc_row css=&#8221;.vc_custom_1499870221118{padding-top: 40px !important;}&#8221;][vc_column][vc_single_image image=&#8221;28098&#8243; img_size=&#8221;full&#8221;][\/vc_column][\/vc_row][vc_row css=&#8221;.vc_custom_1483088684231{padding-top: 40px !important;}&#8221;][vc_column width=&#8221;1\/4&#8243;][vc_single_image image=&#8221;27620&#8243; img_size=&#8221;316&#215;344&#8243;][\/vc_column][vc_column width=&#8221;3\/4&#8243;][vc_column_text css=&#8221;&#8221;]Os alunos t\u00eam professores que falam portugu\u00eas e outros que falam ingl\u00eas, habituando-se assim a comunicar nas duas l\u00ednguas com os colegas e professores. A l\u00edngua inglesa surge como a segunda ou primeira l\u00edngua da maioria dos estudantes. [\/vc_column_text][vc_single_image image=&#8221;28261&#8243; img_size=&#8221;full&#8221;][vc_column_text] [\/vc_column_text][\/vc_column][\/vc_row][vc_row<\/p>\n","protected":false},"author":1,"featured_media":0,"parent":0,"menu_order":0,"comment_status":"closed","ping_status":"closed","template":"","meta":{"footnotes":""},"class_list":["post-27224","page","type-page","status-publish","hentry"],"yoast_head":"<!-- This site is optimized with the Yoast SEO plugin v27.5 - https:\/\/yoast.com\/product\/yoast-seo-wordpress\/ -->\n<title>Ensino Bilingue - Raiz<\/title>\n<meta name=\"description\" content=\"As aulas de ingl\u00eas e de portugu\u00eas fazem parte integrante do curr\u00edculo em todas as idades.\" \/>\n<meta name=\"robots\" content=\"index, follow, max-snippet:-1, max-image-preview:large, max-video-preview:-1\" \/>\n<link rel=\"canonical\" href=\"https:\/\/escolaraiz.pt\/pt\/ensino-bilingue\/\" \/>\n<meta name=\"twitter:card\" content=\"summary_large_image\" \/>\n<meta name=\"twitter:title\" content=\"Ensino Bilingue\" \/>\n<meta name=\"twitter:description\" content=\"As aulas de ingl\u00eas e de portugu\u00eas fazem parte integrante do curr\u00edculo em todas as idades.\" \/>\n<meta name=\"twitter:image\" content=\"https:\/\/escolaraiz.pt\/pt\/wp-content\/uploads\/2017\/02\/2017-10-10-Homepage-bilingue.png\" \/>\n<meta name=\"twitter:label1\" content=\"Tempo estimado de leitura\" \/>\n\t<meta name=\"twitter:data1\" content=\"2 minutos\" \/>\n<script type=\"application\/ld+json\" class=\"yoast-schema-graph\">{\"@context\":\"https:\\\/\\\/schema.org\",\"@graph\":[{\"@type\":\"WebPage\",\"@id\":\"https:\\\/\\\/escolaraiz.pt\\\/pt\\\/ensino-bilingue\\\/\",\"url\":\"https:\\\/\\\/escolaraiz.pt\\\/pt\\\/ensino-bilingue\\\/\",\"name\":\"Ensino Bilingue - Raiz\",\"isPartOf\":{\"@id\":\"https:\\\/\\\/escolaraiz.pt\\\/pt\\\/#website\"},\"datePublished\":\"2017-05-30T16:51:05+00:00\",\"dateModified\":\"2025-07-30T13:42:47+00:00\",\"description\":\"As aulas de ingl\u00eas e de portugu\u00eas fazem parte integrante do curr\u00edculo em todas as idades.\",\"breadcrumb\":{\"@id\":\"https:\\\/\\\/escolaraiz.pt\\\/pt\\\/ensino-bilingue\\\/#breadcrumb\"},\"inLanguage\":\"pt-PT\",\"potentialAction\":[{\"@type\":\"ReadAction\",\"target\":[\"https:\\\/\\\/escolaraiz.pt\\\/pt\\\/ensino-bilingue\\\/\"]}]},{\"@type\":\"BreadcrumbList\",\"@id\":\"https:\\\/\\\/escolaraiz.pt\\\/pt\\\/ensino-bilingue\\\/#breadcrumb\",\"itemListElement\":[{\"@type\":\"ListItem\",\"position\":1,\"name\":\"In\u00edcio\",\"item\":\"https:\\\/\\\/escolaraiz.pt\\\/pt\\\/\"},{\"@type\":\"ListItem\",\"position\":2,\"name\":\"Ensino Bilingue\"}]},{\"@type\":\"WebSite\",\"@id\":\"https:\\\/\\\/escolaraiz.pt\\\/pt\\\/#website\",\"url\":\"https:\\\/\\\/escolaraiz.pt\\\/pt\\\/\",\"name\":\"Raiz\",\"description\":\"Active Learning School\",\"potentialAction\":[{\"@type\":\"SearchAction\",\"target\":{\"@type\":\"EntryPoint\",\"urlTemplate\":\"https:\\\/\\\/escolaraiz.pt\\\/pt\\\/?s={search_term_string}\"},\"query-input\":{\"@type\":\"PropertyValueSpecification\",\"valueRequired\":true,\"valueName\":\"search_term_string\"}}],\"inLanguage\":\"pt-PT\"}]}<\/script>\n<!-- \/ Yoast SEO plugin. -->","yoast_head_json":{"title":"Ensino Bilingue - Raiz","description":"As aulas de ingl\u00eas e de portugu\u00eas fazem parte integrante do curr\u00edculo em todas as idades.","robots":{"index":"index","follow":"follow","max-snippet":"max-snippet:-1","max-image-preview":"max-image-preview:large","max-video-preview":"max-video-preview:-1"},"canonical":"https:\/\/escolaraiz.pt\/pt\/ensino-bilingue\/","twitter_card":"summary_large_image","twitter_title":"Ensino Bilingue","twitter_description":"As aulas de ingl\u00eas e de portugu\u00eas fazem parte integrante do curr\u00edculo em todas as idades.","twitter_image":"https:\/\/escolaraiz.pt\/pt\/wp-content\/uploads\/2017\/02\/2017-10-10-Homepage-bilingue.png","twitter_misc":{"Tempo estimado de leitura":"2 minutos"},"schema":{"@context":"https:\/\/schema.org","@graph":[{"@type":"WebPage","@id":"https:\/\/escolaraiz.pt\/pt\/ensino-bilingue\/","url":"https:\/\/escolaraiz.pt\/pt\/ensino-bilingue\/","name":"Ensino Bilingue - Raiz","isPartOf":{"@id":"https:\/\/escolaraiz.pt\/pt\/#website"},"datePublished":"2017-05-30T16:51:05+00:00","dateModified":"2025-07-30T13:42:47+00:00","description":"As aulas de ingl\u00eas e de portugu\u00eas fazem parte integrante do curr\u00edculo em todas as idades.","breadcrumb":{"@id":"https:\/\/escolaraiz.pt\/pt\/ensino-bilingue\/#breadcrumb"},"inLanguage":"pt-PT","potentialAction":[{"@type":"ReadAction","target":["https:\/\/escolaraiz.pt\/pt\/ensino-bilingue\/"]}]},{"@type":"BreadcrumbList","@id":"https:\/\/escolaraiz.pt\/pt\/ensino-bilingue\/#breadcrumb","itemListElement":[{"@type":"ListItem","position":1,"name":"In\u00edcio","item":"https:\/\/escolaraiz.pt\/pt\/"},{"@type":"ListItem","position":2,"name":"Ensino Bilingue"}]},{"@type":"WebSite","@id":"https:\/\/escolaraiz.pt\/pt\/#website","url":"https:\/\/escolaraiz.pt\/pt\/","name":"Raiz","description":"Active Learning School","potentialAction":[{"@type":"SearchAction","target":{"@type":"EntryPoint","urlTemplate":"https:\/\/escolaraiz.pt\/pt\/?s={search_term_string}"},"query-input":{"@type":"PropertyValueSpecification","valueRequired":true,"valueName":"search_term_string"}}],"inLanguage":"pt-PT"}]}},"_links":{"self":[{"href":"https:\/\/escolaraiz.pt\/pt\/wp-json\/wp\/v2\/pages\/27224","targetHints":{"allow":["GET"]}}],"collection":[{"href":"https:\/\/escolaraiz.pt\/pt\/wp-json\/wp\/v2\/pages"}],"about":[{"href":"https:\/\/escolaraiz.pt\/pt\/wp-json\/wp\/v2\/types\/page"}],"author":[{"embeddable":true,"href":"https:\/\/escolaraiz.pt\/pt\/wp-json\/wp\/v2\/users\/1"}],"replies":[{"embeddable":true,"href":"https:\/\/escolaraiz.pt\/pt\/wp-json\/wp\/v2\/comments?post=27224"}],"version-history":[{"count":8,"href":"https:\/\/escolaraiz.pt\/pt\/wp-json\/wp\/v2\/pages\/27224\/revisions"}],"predecessor-version":[{"id":30941,"href":"https:\/\/escolaraiz.pt\/pt\/wp-json\/wp\/v2\/pages\/27224\/revisions\/30941"}],"wp:attachment":[{"href":"https:\/\/escolaraiz.pt\/pt\/wp-json\/wp\/v2\/media?parent=27224"}],"curies":[{"name":"wp","href":"https:\/\/api.w.org\/{rel}","templated":true}]}}