{"id":27183,"date":"2017-05-30T11:56:29","date_gmt":"2017-05-30T11:56:29","guid":{"rendered":"https:\/\/escolaraiz.pt\/pt\/?page_id=27183"},"modified":"2025-05-27T17:25:40","modified_gmt":"2025-05-27T17:25:40","slug":"informacao-geral","status":"publish","type":"page","link":"https:\/\/escolaraiz.pt\/pt\/informacao-geral\/","title":{"rendered":"Informa\u00e7\u00e3o Geral"},"content":{"rendered":"<div class=\"wpb-content-wrapper\"><p>[vc_row full_width=&#8221;stretch_row&#8221; css=&#8221;.vc_custom_1500285110276{padding-top: 30px !important;}&#8221;][vc_column][vc_single_image image=&#8221;27736&#8243; img_size=&#8221;full&#8221; alignment=&#8221;center&#8221;][vc_single_image image=&#8221;27737&#8243; img_size=&#8221;full&#8221; alignment=&#8221;center&#8221;][vc_column_text]<\/p>\n<p style=\"text-align: center;\">Um programa simples e eficaz, organizado numa roda, onde a <strong>Aprendizagem Ativa \u00e9 a base do processo<\/strong> de ensino-aprendizagem.<br \/>\nDeste modo, o aluno aprende fazendo, atrav\u00e9s da intera\u00e7\u00e3o com os materiais, com os outros e com o meio.<\/p>\n<p>[\/vc_column_text][vc_single_image image=&#8221;27735&#8243; img_size=&#8221;full&#8221; alignment=&#8221;center&#8221;][\/vc_column][\/vc_row][vc_row css=&#8221;.vc_custom_1500285500133{padding-bottom: 30px !important;}&#8221;][vc_column]<div id=\"mpc_accordion-2569e1b62bbf47e\" class=\"mpc-accordion mpc-init mpc-transition mpc-animation mpc-accordion--toggle \"  data-animation-in=\"transition.fadeIn||300||0||100\"><ul class=\"mpc-accordion__content\"><li class=\"mpc-accordion__item background-color: #6666be;\"><div class=\"mpc-accordion-item__heading mpc-transition\"><div data-id=\"mpc_icon-8669e1b62bbf440\" class=\"mpc-icon mpc-init mpc-transition mpc-effect-fade mpc-icon-hover \"><div class=\"mpc-icon-wrap\"><i class=\"mpc-icon-part mpc-regular mpc-transition  fa fa-angle-double-right\"><\/i><i class=\"mpc-icon-part mpc-hover mpc-transition  fa fa-angle-double-down\"><\/i><\/div><\/div><h3>International Program<\/h3><\/div><div class=\"mpc-accordion-item__content mpc-container\" ><div class=\"mpc-accordion-item__wrapper\"><div id=\"mpc_textblock-1369e1b62bbf608\" class=\"mpc-textblock mpc-init \"><p>A Raiz pertence \u00e0 rede internacional de escolas HighScope.<\/p>\n<p>Os diretores do programa participam anualmente na HighScope International Conference como oradores. Participam nas reuni\u00f5es internacionais onde estudam e avaliam as implementa\u00e7\u00f5es do modelo no mundo em mudan\u00e7a, tomam medidas e partilham sucessos e desafios.<\/p>\n<\/div><\/div><\/div><\/li><li class=\"mpc-accordion__item background-color: #e64c29;\"><div class=\"mpc-accordion-item__heading mpc-transition\"><div data-id=\"mpc_icon-8669e1b62bbf440\" class=\"mpc-icon mpc-init mpc-transition mpc-effect-fade mpc-icon-hover \"><div class=\"mpc-icon-wrap\"><i class=\"mpc-icon-part mpc-regular mpc-transition  fa fa-angle-double-right\"><\/i><i class=\"mpc-icon-part mpc-hover mpc-transition  fa fa-angle-double-down\"><\/i><\/div><\/div><h3>National Program<\/h3><\/div><div class=\"mpc-accordion-item__content mpc-container\" ><div class=\"mpc-accordion-item__wrapper\"><div id=\"mpc_textblock-8169e1b62bbf6f3\" class=\"mpc-textblock mpc-init \"><p>A Raiz segue o programa curricular do Minist\u00e9rio da Educa\u00e7\u00e3o, tendo assim, qualquer aluno, entrada direta em qualquer outra escola de ensino portugu\u00eas.<\/p>\n<p>Os alunos preparam-se e realizam os exames e\/ou as provas de aferi\u00e7\u00e3o nacionais.<br \/>\nDependendo da sua l\u00edngua materna, os alunos t\u00eam programas complementares na l\u00edngua n\u00e3o materna (portugu\u00eas ou ingl\u00eas), de modo que todos se tornem bilingues.<\/p>\n<\/div><\/div><\/div><\/li><li class=\"mpc-accordion__item \"><div class=\"mpc-accordion-item__heading mpc-transition\"><div data-id=\"mpc_icon-8669e1b62bbf440\" class=\"mpc-icon mpc-init mpc-transition mpc-effect-fade mpc-icon-hover \"><div class=\"mpc-icon-wrap\"><i class=\"mpc-icon-part mpc-regular mpc-transition  fa fa-angle-double-right\"><\/i><i class=\"mpc-icon-part mpc-hover mpc-transition  fa fa-angle-double-down\"><\/i><\/div><\/div><h3>SEL Program<\/h3><\/div><div class=\"mpc-accordion-item__content mpc-container\" ><div class=\"mpc-accordion-item__wrapper\">[vc_row_inner][vc_column_inner][vc_column_text]Social-Emotional Learning Program. De acordo com as indica\u00e7\u00f5es do CASEL (Collaborative for Academic, Social and Emotional Learning), em todos os n\u00edveis de ensino, a Raiz integra um programa de desenvolvimento s\u00f3cio-emocional que caminha a par e passo com o programa de desenvolvimento cognitivo.<\/p>\n<p>Os alunos inseridos nos SEL Program t\u00eam melhores resultados acad\u00e9micos, maior assiduidade e maior tend\u00eancia a responderem positivamente perante uma adversidade.[\/vc_column_text][\/vc_column_inner][\/vc_row_inner]<\/div><\/div><\/li><\/ul><\/div>[\/vc_column][\/vc_row][vc_row full_width=&#8221;stretch_row&#8221; css=&#8221;.vc_custom_1481244682605{padding-top: 20px !important;padding-bottom: 40px !important;background-color: #00457c !important;}&#8221;][vc_column][vc_single_image image=&#8221;27452&#8243; img_size=&#8221;large&#8221; alignment=&#8221;center&#8221; onclick=&#8221;custom_link&#8221; css_animation=&#8221;fadeIn&#8221; css=&#8221;.vc_custom_1513355841402{background-color: #00457c !important;}&#8221; link=&#8221;https:\/\/escolaraiz.pt\/pt\/contactos\/&#8221;][\/vc_column][\/vc_row]<\/p>\n<\/div>","protected":false},"excerpt":{"rendered":"<p>[vc_row full_width=&#8221;stretch_row&#8221; css=&#8221;.vc_custom_1500285110276{padding-top: 30px !important;}&#8221;][vc_column][vc_single_image image=&#8221;27736&#8243; img_size=&#8221;full&#8221; alignment=&#8221;center&#8221;][vc_single_image image=&#8221;27737&#8243; img_size=&#8221;full&#8221; alignment=&#8221;center&#8221;][vc_column_text] Um programa simples e eficaz, organizado numa roda, onde a Aprendizagem Ativa \u00e9 a base do processo de ensino-aprendizagem. Deste modo, o aluno aprende fazendo, atrav\u00e9s da intera\u00e7\u00e3o com os materiais, com os outros e com o meio. [\/vc_column_text][vc_single_image image=&#8221;27735&#8243; img_size=&#8221;full&#8221; alignment=&#8221;center&#8221;][\/vc_column][\/vc_row][vc_row css=&#8221;.vc_custom_1500285500133{padding-bottom: 30px<\/p>\n","protected":false},"author":1,"featured_media":0,"parent":0,"menu_order":0,"comment_status":"closed","ping_status":"closed","template":"","meta":{"footnotes":""},"class_list":["post-27183","page","type-page","status-publish","hentry"],"yoast_head":"<!-- This site is optimized with the Yoast SEO plugin v27.4 - https:\/\/yoast.com\/product\/yoast-seo-wordpress\/ -->\n<title>Informa\u00e7\u00e3o Geral - Raiz<\/title>\n<meta name=\"description\" content=\"Um programa simples e eficaz, organizado numa roda, onde a Aprendizagem Ativa \u00e9 a base do processo de ensino-aprendizagem.\" \/>\n<meta name=\"robots\" content=\"index, follow, max-snippet:-1, max-image-preview:large, max-video-preview:-1\" \/>\n<link rel=\"canonical\" href=\"https:\/\/escolaraiz.pt\/pt\/informacao-geral\/\" \/>\n<meta name=\"twitter:card\" content=\"summary_large_image\" \/>\n<meta name=\"twitter:title\" content=\"Informa\u00e7\u00e3o Geral\" \/>\n<meta name=\"twitter:description\" content=\"Um programa simples e eficaz, organizado numa roda, onde a Aprendizagem Ativa \u00e9 a base do processo de ensino-aprendizagem.\" \/>\n<meta name=\"twitter:image\" content=\"https:\/\/escolaraiz.pt\/pt\/wp-content\/uploads\/2017\/10\/habitos.png\" \/>\n<meta name=\"twitter:label1\" content=\"Tempo estimado de leitura\" \/>\n\t<meta name=\"twitter:data1\" content=\"3 minutos\" \/>\n<script type=\"application\/ld+json\" class=\"yoast-schema-graph\">{\"@context\":\"https:\\\/\\\/schema.org\",\"@graph\":[{\"@type\":\"WebPage\",\"@id\":\"https:\\\/\\\/escolaraiz.pt\\\/pt\\\/informacao-geral\\\/\",\"url\":\"https:\\\/\\\/escolaraiz.pt\\\/pt\\\/informacao-geral\\\/\",\"name\":\"Informa\u00e7\u00e3o Geral - Raiz\",\"isPartOf\":{\"@id\":\"https:\\\/\\\/escolaraiz.pt\\\/pt\\\/#website\"},\"datePublished\":\"2017-05-30T11:56:29+00:00\",\"dateModified\":\"2025-05-27T17:25:40+00:00\",\"description\":\"Um programa simples e eficaz, organizado numa roda, onde a Aprendizagem Ativa \u00e9 a base do processo de ensino-aprendizagem.\",\"breadcrumb\":{\"@id\":\"https:\\\/\\\/escolaraiz.pt\\\/pt\\\/informacao-geral\\\/#breadcrumb\"},\"inLanguage\":\"pt-PT\",\"potentialAction\":[{\"@type\":\"ReadAction\",\"target\":[\"https:\\\/\\\/escolaraiz.pt\\\/pt\\\/informacao-geral\\\/\"]}]},{\"@type\":\"BreadcrumbList\",\"@id\":\"https:\\\/\\\/escolaraiz.pt\\\/pt\\\/informacao-geral\\\/#breadcrumb\",\"itemListElement\":[{\"@type\":\"ListItem\",\"position\":1,\"name\":\"In\u00edcio\",\"item\":\"https:\\\/\\\/escolaraiz.pt\\\/pt\\\/\"},{\"@type\":\"ListItem\",\"position\":2,\"name\":\"Informa\u00e7\u00e3o Geral\"}]},{\"@type\":\"WebSite\",\"@id\":\"https:\\\/\\\/escolaraiz.pt\\\/pt\\\/#website\",\"url\":\"https:\\\/\\\/escolaraiz.pt\\\/pt\\\/\",\"name\":\"Raiz\",\"description\":\"Active Learning School\",\"potentialAction\":[{\"@type\":\"SearchAction\",\"target\":{\"@type\":\"EntryPoint\",\"urlTemplate\":\"https:\\\/\\\/escolaraiz.pt\\\/pt\\\/?s={search_term_string}\"},\"query-input\":{\"@type\":\"PropertyValueSpecification\",\"valueRequired\":true,\"valueName\":\"search_term_string\"}}],\"inLanguage\":\"pt-PT\"}]}<\/script>\n<!-- \/ Yoast SEO plugin. -->","yoast_head_json":{"title":"Informa\u00e7\u00e3o Geral - Raiz","description":"Um programa simples e eficaz, organizado numa roda, onde a Aprendizagem Ativa \u00e9 a base do processo de ensino-aprendizagem.","robots":{"index":"index","follow":"follow","max-snippet":"max-snippet:-1","max-image-preview":"max-image-preview:large","max-video-preview":"max-video-preview:-1"},"canonical":"https:\/\/escolaraiz.pt\/pt\/informacao-geral\/","twitter_card":"summary_large_image","twitter_title":"Informa\u00e7\u00e3o Geral","twitter_description":"Um programa simples e eficaz, organizado numa roda, onde a Aprendizagem Ativa \u00e9 a base do processo de ensino-aprendizagem.","twitter_image":"https:\/\/escolaraiz.pt\/pt\/wp-content\/uploads\/2017\/10\/habitos.png","twitter_misc":{"Tempo estimado de leitura":"3 minutos"},"schema":{"@context":"https:\/\/schema.org","@graph":[{"@type":"WebPage","@id":"https:\/\/escolaraiz.pt\/pt\/informacao-geral\/","url":"https:\/\/escolaraiz.pt\/pt\/informacao-geral\/","name":"Informa\u00e7\u00e3o Geral - Raiz","isPartOf":{"@id":"https:\/\/escolaraiz.pt\/pt\/#website"},"datePublished":"2017-05-30T11:56:29+00:00","dateModified":"2025-05-27T17:25:40+00:00","description":"Um programa simples e eficaz, organizado numa roda, onde a Aprendizagem Ativa \u00e9 a base do processo de ensino-aprendizagem.","breadcrumb":{"@id":"https:\/\/escolaraiz.pt\/pt\/informacao-geral\/#breadcrumb"},"inLanguage":"pt-PT","potentialAction":[{"@type":"ReadAction","target":["https:\/\/escolaraiz.pt\/pt\/informacao-geral\/"]}]},{"@type":"BreadcrumbList","@id":"https:\/\/escolaraiz.pt\/pt\/informacao-geral\/#breadcrumb","itemListElement":[{"@type":"ListItem","position":1,"name":"In\u00edcio","item":"https:\/\/escolaraiz.pt\/pt\/"},{"@type":"ListItem","position":2,"name":"Informa\u00e7\u00e3o Geral"}]},{"@type":"WebSite","@id":"https:\/\/escolaraiz.pt\/pt\/#website","url":"https:\/\/escolaraiz.pt\/pt\/","name":"Raiz","description":"Active Learning School","potentialAction":[{"@type":"SearchAction","target":{"@type":"EntryPoint","urlTemplate":"https:\/\/escolaraiz.pt\/pt\/?s={search_term_string}"},"query-input":{"@type":"PropertyValueSpecification","valueRequired":true,"valueName":"search_term_string"}}],"inLanguage":"pt-PT"}]}},"_links":{"self":[{"href":"https:\/\/escolaraiz.pt\/pt\/wp-json\/wp\/v2\/pages\/27183","targetHints":{"allow":["GET"]}}],"collection":[{"href":"https:\/\/escolaraiz.pt\/pt\/wp-json\/wp\/v2\/pages"}],"about":[{"href":"https:\/\/escolaraiz.pt\/pt\/wp-json\/wp\/v2\/types\/page"}],"author":[{"embeddable":true,"href":"https:\/\/escolaraiz.pt\/pt\/wp-json\/wp\/v2\/users\/1"}],"replies":[{"embeddable":true,"href":"https:\/\/escolaraiz.pt\/pt\/wp-json\/wp\/v2\/comments?post=27183"}],"version-history":[{"count":9,"href":"https:\/\/escolaraiz.pt\/pt\/wp-json\/wp\/v2\/pages\/27183\/revisions"}],"predecessor-version":[{"id":30754,"href":"https:\/\/escolaraiz.pt\/pt\/wp-json\/wp\/v2\/pages\/27183\/revisions\/30754"}],"wp:attachment":[{"href":"https:\/\/escolaraiz.pt\/pt\/wp-json\/wp\/v2\/media?parent=27183"}],"curies":[{"name":"wp","href":"https:\/\/api.w.org\/{rel}","templated":true}]}}