{"id":27120,"date":"2017-05-29T17:26:29","date_gmt":"2017-05-29T17:26:29","guid":{"rendered":"https:\/\/escolaraiz.pt\/pt\/?page_id=27120"},"modified":"2025-05-27T17:18:11","modified_gmt":"2025-05-27T17:18:11","slug":"moving-to-lisbon","status":"publish","type":"page","link":"https:\/\/escolaraiz.pt\/pt\/moving-to-lisbon\/","title":{"rendered":"Moving To Lisbon"},"content":{"rendered":"<div class=\"wpb-content-wrapper\"><p>[vc_row css=&#8221;.vc_custom_1499859486348{padding-top: 40px !important;}&#8221;][vc_column][vc_single_image image=&#8221;30744&#8243; img_size=&#8221;full&#8221; css_animation=&#8221;fadeIn&#8221;][vc_column_text]Temos todo o gosto em ajud\u00e1-lo na sua mudan\u00e7a para Lisboa. Quando chegamos a um pa\u00eds \u00e9 preciso tomar tantas decis\u00f5es, que uma equipa especializada no processo pode facilitar a integra\u00e7\u00e3o, reduzir o tempo despendido, e conseguir melhores resultados.<\/p>\n<p>[\/vc_column_text][vc_single_image image=&#8221;28185&#8243; img_size=&#8221;full&#8221; css_animation=&#8221;fadeIn&#8221;][vc_column_text]Se \u00e9 o seu caso, <a href=\"https:\/\/escolaraiz.pt\/pt\/contactos\/\">contacte<\/a> os nossos servi\u00e7os <a href=\"mailto:escolaraiz@escolaraiz.pt\">escolaraiz@escolaraiz.pt<\/a> .<\/p>\n<p>[\/vc_column_text][vc_single_image image=&#8221;27573&#8243; img_size=&#8221;full&#8221;][\/vc_column][\/vc_row][vc_row][vc_column width=&#8221;1\/6&#8243;][vc_single_image image=&#8221;27582&#8243; img_size=&#8221;full&#8221; alignment=&#8221;center&#8221; onclick=&#8221;custom_link&#8221; img_link_target=&#8221;_blank&#8221; link=&#8221;https:\/\/www.visitlisboa.com\/&#8221;][\/vc_column][vc_column width=&#8221;1\/6&#8243;][vc_single_image image=&#8221;27594&#8243; img_size=&#8221;full&#8221; alignment=&#8221;center&#8221; onclick=&#8221;custom_link&#8221; img_link_target=&#8221;_blank&#8221; link=&#8221;http:\/\/www.darwincafe.com\/&#8221;][\/vc_column][vc_column width=&#8221;1\/6&#8243;][vc_single_image image=&#8221;27593&#8243; img_size=&#8221;full&#8221; alignment=&#8221;center&#8221; onclick=&#8221;custom_link&#8221; img_link_target=&#8221;_blank&#8221; link=&#8221;http:\/\/www.lisbonlux.com\/&#8221;][\/vc_column][vc_column width=&#8221;1\/6&#8243;][vc_single_image image=&#8221;27591&#8243; img_size=&#8221;full&#8221; alignment=&#8221;center&#8221; onclick=&#8221;custom_link&#8221; img_link_target=&#8221;_blank&#8221; link=&#8221;http:\/\/www.cif.org.pt\/&#8221;][\/vc_column][vc_column width=&#8221;1\/6&#8243;][\/vc_column][vc_column width=&#8221;1\/6&#8243;][\/vc_column][\/vc_row][vc_row][vc_column width=&#8221;1\/6&#8243;][vc_single_image image=&#8221;27590&#8243; img_size=&#8221;full&#8221; alignment=&#8221;center&#8221; onclick=&#8221;custom_link&#8221; img_link_target=&#8221;_blank&#8221; link=&#8221;https:\/\/www.timeout.pt\/&#8221;][\/vc_column][vc_column width=&#8221;1\/6&#8243;][vc_single_image image=&#8221;27595&#8243; img_size=&#8221;full&#8221; alignment=&#8221;center&#8221; onclick=&#8221;custom_link&#8221; img_link_target=&#8221;_blank&#8221; link=&#8221;http:\/\/www.infantedesagres.com\/&#8221;][\/vc_column][vc_column width=&#8221;1\/6&#8243;][vc_single_image image=&#8221;27588&#8243; img_size=&#8221;full&#8221; alignment=&#8221;center&#8221; onclick=&#8221;custom_link&#8221; img_link_target=&#8221;_blank&#8221; link=&#8221;http:\/\/www.jf-belem.pt\/&#8221;][\/vc_column][vc_column width=&#8221;1\/6&#8243;][\/vc_column][vc_column width=&#8221;1\/6&#8243;][\/vc_column][vc_column width=&#8221;1\/6&#8243;][\/vc_column][\/vc_row][vc_row][vc_column][vc_empty_space height=&#8221;60px&#8221;][\/vc_column][\/vc_row][vc_row full_width=&#8221;stretch_row&#8221; css=&#8221;.vc_custom_1481244682605{padding-top: 20px !important;padding-bottom: 40px !important;background-color: #00457c !important;}&#8221;][vc_column][vc_single_image image=&#8221;27452&#8243; img_size=&#8221;large&#8221; alignment=&#8221;center&#8221; onclick=&#8221;custom_link&#8221; css_animation=&#8221;fadeIn&#8221; css=&#8221;.vc_custom_1500549371935{background-color: #00457c !important;}&#8221; link=&#8221;https:\/\/escolaraiz.pt\/pt\/contactos\/&#8221;][\/vc_column][\/vc_row]<\/p>\n<\/div>","protected":false},"excerpt":{"rendered":"<p>[vc_row css=&#8221;.vc_custom_1499859486348{padding-top: 40px !important;}&#8221;][vc_column][vc_single_image image=&#8221;30744&#8243; img_size=&#8221;full&#8221; css_animation=&#8221;fadeIn&#8221;][vc_column_text]Temos todo o gosto em ajud\u00e1-lo na sua mudan\u00e7a para Lisboa. Quando chegamos a um pa\u00eds \u00e9 preciso tomar tantas decis\u00f5es, que uma equipa especializada no processo pode facilitar a integra\u00e7\u00e3o, reduzir o tempo despendido, e conseguir melhores resultados. [\/vc_column_text][vc_single_image image=&#8221;28185&#8243; img_size=&#8221;full&#8221; css_animation=&#8221;fadeIn&#8221;][vc_column_text]Se \u00e9 o seu caso, contacte os<\/p>\n","protected":false},"author":1,"featured_media":0,"parent":0,"menu_order":0,"comment_status":"closed","ping_status":"closed","template":"","meta":{"footnotes":""},"class_list":["post-27120","page","type-page","status-publish","hentry"],"yoast_head":"<!-- This site is optimized with the Yoast SEO plugin v27.4 - https:\/\/yoast.com\/product\/yoast-seo-wordpress\/ -->\n<title>Moving To Lisbon - Raiz<\/title>\n<meta name=\"description\" content=\"Uma equipa especializada no processo pode facilitar a integra\u00e7\u00e3o, reduzir o tempo despendido, e conseguir melhores resultados.\" \/>\n<meta name=\"robots\" content=\"index, follow, max-snippet:-1, max-image-preview:large, max-video-preview:-1\" \/>\n<link rel=\"canonical\" href=\"https:\/\/escolaraiz.pt\/pt\/moving-to-lisbon\/\" \/>\n<meta name=\"twitter:card\" content=\"summary_large_image\" \/>\n<meta name=\"twitter:title\" content=\"Moving to Lisbon\" \/>\n<meta name=\"twitter:description\" content=\"Uma equipa especializada no processo pode facilitar a integra\u00e7\u00e3o, reduzir o tempo despendido, e conseguir melhores resultados.\" \/>\n<meta name=\"twitter:image\" content=\"https:\/\/escolaraiz.pt\/pt\/wp-content\/uploads\/2023\/01\/317902552_608981607743462_3571988121585388179_n.jpg\" \/>\n<meta name=\"twitter:label1\" content=\"Tempo estimado de leitura\" \/>\n\t<meta name=\"twitter:data1\" content=\"3 minutos\" \/>\n<script type=\"application\/ld+json\" class=\"yoast-schema-graph\">{\"@context\":\"https:\\\/\\\/schema.org\",\"@graph\":[{\"@type\":\"WebPage\",\"@id\":\"https:\\\/\\\/escolaraiz.pt\\\/pt\\\/moving-to-lisbon\\\/\",\"url\":\"https:\\\/\\\/escolaraiz.pt\\\/pt\\\/moving-to-lisbon\\\/\",\"name\":\"Moving To Lisbon - Raiz\",\"isPartOf\":{\"@id\":\"https:\\\/\\\/escolaraiz.pt\\\/pt\\\/#website\"},\"datePublished\":\"2017-05-29T17:26:29+00:00\",\"dateModified\":\"2025-05-27T17:18:11+00:00\",\"description\":\"Uma equipa especializada no processo pode facilitar a integra\u00e7\u00e3o, reduzir o tempo despendido, e conseguir melhores resultados.\",\"breadcrumb\":{\"@id\":\"https:\\\/\\\/escolaraiz.pt\\\/pt\\\/moving-to-lisbon\\\/#breadcrumb\"},\"inLanguage\":\"pt-PT\",\"potentialAction\":[{\"@type\":\"ReadAction\",\"target\":[\"https:\\\/\\\/escolaraiz.pt\\\/pt\\\/moving-to-lisbon\\\/\"]}]},{\"@type\":\"BreadcrumbList\",\"@id\":\"https:\\\/\\\/escolaraiz.pt\\\/pt\\\/moving-to-lisbon\\\/#breadcrumb\",\"itemListElement\":[{\"@type\":\"ListItem\",\"position\":1,\"name\":\"In\u00edcio\",\"item\":\"https:\\\/\\\/escolaraiz.pt\\\/pt\\\/\"},{\"@type\":\"ListItem\",\"position\":2,\"name\":\"Moving To Lisbon\"}]},{\"@type\":\"WebSite\",\"@id\":\"https:\\\/\\\/escolaraiz.pt\\\/pt\\\/#website\",\"url\":\"https:\\\/\\\/escolaraiz.pt\\\/pt\\\/\",\"name\":\"Raiz\",\"description\":\"Active Learning School\",\"potentialAction\":[{\"@type\":\"SearchAction\",\"target\":{\"@type\":\"EntryPoint\",\"urlTemplate\":\"https:\\\/\\\/escolaraiz.pt\\\/pt\\\/?s={search_term_string}\"},\"query-input\":{\"@type\":\"PropertyValueSpecification\",\"valueRequired\":true,\"valueName\":\"search_term_string\"}}],\"inLanguage\":\"pt-PT\"}]}<\/script>\n<!-- \/ Yoast SEO plugin. -->","yoast_head_json":{"title":"Moving To Lisbon - Raiz","description":"Uma equipa especializada no processo pode facilitar a integra\u00e7\u00e3o, reduzir o tempo despendido, e conseguir melhores resultados.","robots":{"index":"index","follow":"follow","max-snippet":"max-snippet:-1","max-image-preview":"max-image-preview:large","max-video-preview":"max-video-preview:-1"},"canonical":"https:\/\/escolaraiz.pt\/pt\/moving-to-lisbon\/","twitter_card":"summary_large_image","twitter_title":"Moving to Lisbon","twitter_description":"Uma equipa especializada no processo pode facilitar a integra\u00e7\u00e3o, reduzir o tempo despendido, e conseguir melhores resultados.","twitter_image":"https:\/\/escolaraiz.pt\/pt\/wp-content\/uploads\/2023\/01\/317902552_608981607743462_3571988121585388179_n.jpg","twitter_misc":{"Tempo estimado de leitura":"3 minutos"},"schema":{"@context":"https:\/\/schema.org","@graph":[{"@type":"WebPage","@id":"https:\/\/escolaraiz.pt\/pt\/moving-to-lisbon\/","url":"https:\/\/escolaraiz.pt\/pt\/moving-to-lisbon\/","name":"Moving To Lisbon - Raiz","isPartOf":{"@id":"https:\/\/escolaraiz.pt\/pt\/#website"},"datePublished":"2017-05-29T17:26:29+00:00","dateModified":"2025-05-27T17:18:11+00:00","description":"Uma equipa especializada no processo pode facilitar a integra\u00e7\u00e3o, reduzir o tempo despendido, e conseguir melhores resultados.","breadcrumb":{"@id":"https:\/\/escolaraiz.pt\/pt\/moving-to-lisbon\/#breadcrumb"},"inLanguage":"pt-PT","potentialAction":[{"@type":"ReadAction","target":["https:\/\/escolaraiz.pt\/pt\/moving-to-lisbon\/"]}]},{"@type":"BreadcrumbList","@id":"https:\/\/escolaraiz.pt\/pt\/moving-to-lisbon\/#breadcrumb","itemListElement":[{"@type":"ListItem","position":1,"name":"In\u00edcio","item":"https:\/\/escolaraiz.pt\/pt\/"},{"@type":"ListItem","position":2,"name":"Moving To Lisbon"}]},{"@type":"WebSite","@id":"https:\/\/escolaraiz.pt\/pt\/#website","url":"https:\/\/escolaraiz.pt\/pt\/","name":"Raiz","description":"Active Learning School","potentialAction":[{"@type":"SearchAction","target":{"@type":"EntryPoint","urlTemplate":"https:\/\/escolaraiz.pt\/pt\/?s={search_term_string}"},"query-input":{"@type":"PropertyValueSpecification","valueRequired":true,"valueName":"search_term_string"}}],"inLanguage":"pt-PT"}]}},"_links":{"self":[{"href":"https:\/\/escolaraiz.pt\/pt\/wp-json\/wp\/v2\/pages\/27120","targetHints":{"allow":["GET"]}}],"collection":[{"href":"https:\/\/escolaraiz.pt\/pt\/wp-json\/wp\/v2\/pages"}],"about":[{"href":"https:\/\/escolaraiz.pt\/pt\/wp-json\/wp\/v2\/types\/page"}],"author":[{"embeddable":true,"href":"https:\/\/escolaraiz.pt\/pt\/wp-json\/wp\/v2\/users\/1"}],"replies":[{"embeddable":true,"href":"https:\/\/escolaraiz.pt\/pt\/wp-json\/wp\/v2\/comments?post=27120"}],"version-history":[{"count":10,"href":"https:\/\/escolaraiz.pt\/pt\/wp-json\/wp\/v2\/pages\/27120\/revisions"}],"predecessor-version":[{"id":30891,"href":"https:\/\/escolaraiz.pt\/pt\/wp-json\/wp\/v2\/pages\/27120\/revisions\/30891"}],"wp:attachment":[{"href":"https:\/\/escolaraiz.pt\/pt\/wp-json\/wp\/v2\/media?parent=27120"}],"curies":[{"name":"wp","href":"https:\/\/api.w.org\/{rel}","templated":true}]}}