{"id":27038,"date":"2017-05-29T14:49:21","date_gmt":"2017-05-29T14:49:21","guid":{"rendered":"https:\/\/escolaraiz.pt\/pt\/?page_id=27038"},"modified":"2025-05-22T18:13:17","modified_gmt":"2025-05-22T18:13:17","slug":"testemunhos","status":"publish","type":"page","link":"https:\/\/escolaraiz.pt\/pt\/testemunhos\/","title":{"rendered":"Testemunhos"},"content":{"rendered":"<div class=\"wpb-content-wrapper\"><p>[vc_row css=&#8221;.vc_custom_1500394150513{padding-top: 30px !important;}&#8221;][vc_column width=&#8221;1\/4&#8243;][vc_single_image image=&#8221;27888&#8243; img_size=&#8221;400&#215;250&#8243;][\/vc_column][vc_column width=&#8221;3\/4&#8243;][vc_column_text]Esta \u00e9 uma escola estruturada segundo uma l\u00f3gica de grupo, colocando os alunos no centro do processo educativo, envolvendo a fam\u00edlia, promovendo a partilha e a entreajuda. As crian\u00e7as aprendem de forma ativa, refor\u00e7ando a sua autonomia e consci\u00eancia c\u00edvica, num ambiente de profundo respeito e alegria. Os pais s\u00e3o apoiados no caminho, por vezes delicado, da parentalidade.<\/p>\n<p><strong>Patr\u00edcia Pacheco<\/strong><br \/>\n<strong>M\u00e3e do Francisco (5.\u00ba ano) e do Louren\u00e7o Soares (Pr\u00e9-escolar)<\/strong>[\/vc_column_text][\/vc_column][\/vc_row][vc_row css=&#8221;.vc_custom_1500394150513{padding-top: 30px !important;}&#8221;][vc_column width=&#8221;1\/4&#8243;][vc_video link=&#8221;https:\/\/youtu.be\/xzWBeXcH-cs&#8221;][\/vc_column][vc_column width=&#8221;3\/4&#8243;][vc_column_text]Sabe quais s\u00e3o as raz\u00f5es do sucesso do Chefe Kiko e como idealiza a escola do futuro? Ou\u00e7a aqui, na primeira pessoa e em directo de uma das suas cozinhas.<\/p>\n<p><strong>Chefe Kiko<\/strong><strong><br \/>\n<\/strong>[\/vc_column_text][\/vc_column][\/vc_row][vc_row css=&#8221;.vc_custom_1500394150513{padding-top: 30px !important;}&#8221;][vc_column width=&#8221;1\/4&#8243;][vc_video link=&#8221;https:\/\/youtu.be\/cKW4kfq27Yk&#8221;][\/vc_column][vc_column width=&#8221;3\/4&#8243;][vc_column_text]A escola de sonho da professora universit\u00e1ria Helena Marujo n\u00e3o est\u00e1, afinal, t\u00e3o longe assim da realidade. Ora ou\u00e7a.<\/p>\n<p><strong>Helena Marujo<\/strong><strong><br \/>\n<\/strong>[\/vc_column_text][\/vc_column][\/vc_row][vc_row css=&#8221;.vc_custom_1500394150513{padding-top: 30px !important;}&#8221;][vc_column width=&#8221;1\/4&#8243;][vc_single_image image=&#8221;27888&#8243; img_size=&#8221;400&#215;250&#8243;][\/vc_column][vc_column width=&#8221;3\/4&#8243;][vc_column_text]&#8221;A escolha da escola prendeu-se essencialmente pela forma como todos os profissionais transbordam uma vontade imensa de fazer as crian\u00e7as felizes. Hoje sentimos que os nossos filhos s\u00e3o genuinamente felizes na escola, podendo interagir com crian\u00e7as de diferentes pa\u00edses e culturas, recebendo ao mesmo tempo, ferramentas \u00fateis que lhes v\u00e3o servir para a vida, no sentido de serem bons seres humanos.&#8221;<\/p>\n<p><strong>Nuno Espana e In\u00eas Fernandes<\/strong>[\/vc_column_text][\/vc_column][\/vc_row][vc_row css=&#8221;.vc_custom_1500394150513{padding-top: 30px !important;}&#8221;][vc_column width=&#8221;1\/4&#8243;][vc_video link=&#8221;https:\/\/youtu.be\/ycisgX0rQ-E&#8221;][\/vc_column][vc_column width=&#8221;3\/4&#8243;][vc_column_text]\u00c9 a ambi\u00e7\u00e3o importante para o sucesso profissional? Miguel Raposo Magalh\u00e3es partilha connosco que valores s\u00e3o importantes, na sua vis\u00e3o.<\/p>\n<p><strong>Miguel Raposo Magalh\u00e3es<\/strong><\/p>\n<p><strong>\u00a0<\/strong>[\/vc_column_text][\/vc_column][\/vc_row][vc_row css=&#8221;.vc_custom_1500394150513{padding-top: 30px !important;}&#8221;][vc_column width=&#8221;1\/4&#8243;][vc_single_image image=&#8221;27888&#8243; img_size=&#8221;400&#215;250&#8243;][\/vc_column][vc_column width=&#8221;3\/4&#8243;][vc_column_text]&#8221;Tenho dois netos na Raiz e verifico que, nesta escola, transmitem os conhecimentos e estimulam o desenvolvimento de uma forma que considero extraordin\u00e1ria e que tem como denominador a felicidade de cada crian\u00e7a! Obrigada Raiz!!!!<\/p>\n<p><strong>Av\u00f3 Margarida\u00a0Espana<\/strong>[\/vc_column_text][\/vc_column][\/vc_row][vc_row css=&#8221;.vc_custom_1500394150513{padding-top: 30px !important;}&#8221;][vc_column width=&#8221;1\/4&#8243;][vc_video link=&#8221;https:\/\/youtu.be\/xInQNwbNXDE&#8221;][\/vc_column][vc_column width=&#8221;3\/4&#8243;][vc_column_text]Bem-vindos, welcome all! No nosso Open Day mostr\u00e1mos energia, que somos amigos da natureza e ainda mim\u00e1mos o nosso bairro. N\u00f3s somos assim!<\/p>\n<p><strong>Open Day<\/strong><\/p>\n<p><strong>\u00a0<\/strong>[\/vc_column_text][\/vc_column][\/vc_row][vc_row css=&#8221;.vc_custom_1500394150513{padding-top: 30px !important;}&#8221;][vc_column width=&#8221;1\/4&#8243;][vc_single_image image=&#8221;27888&#8243; img_size=&#8221;400&#215;250&#8243;][\/vc_column][vc_column width=&#8221;3\/4&#8243;][vc_column_text]A escolha da Escola Raiz foi como &#8220;amor \u00e0 primeira vista&#8221;. Era o primeiro filho , tinha apenas 2 anos e tudo teria de ser perfeito.<\/p>\n<p>Quando entrei na escola senti conforto, carinho e muito respeito em ambos os sentidos professor\/aluno e aluno\/professor.\u00a0A metodologia tamb\u00e9m pesou, o ensino \u00e9 muito personalizado e focado, mas sinceramente foi este ambiente tranquilo e familiar que ditou a escolha. Se fosse hoje voltaria a repetir e agora com mais certezas ainda.<\/p>\n<p><strong>M\u00e3e do Diogo que frequenta o: 4.\u00ba ano<\/strong>[\/vc_column_text][\/vc_column][\/vc_row][vc_row css=&#8221;.vc_custom_1500394150513{padding-top: 30px !important;}&#8221;][vc_column width=&#8221;1\/4&#8243;][vc_video link=&#8221;https:\/\/youtu.be\/nLVCgCWvMbM&#8221;][\/vc_column][vc_column width=&#8221;3\/4&#8243;][vc_column_text]Filipe Luz \u00e9 professor universit\u00e1rio e refere o ensino passivo, com excessiva exposi\u00e7\u00e3o de mat\u00e9ria, como um factor \u201cprofundamente errado\u201d nos m\u00e9todos atuais.<\/p>\n<p><strong>Filipe Luz <\/strong>[\/vc_column_text][\/vc_column][\/vc_row][vc_row css=&#8221;.vc_custom_1500394150513{padding-top: 30px !important;}&#8221;][vc_column width=&#8221;1\/4&#8243;][vc_single_image image=&#8221;27888&#8243; img_size=&#8221;400&#215;250&#8243;][\/vc_column][vc_column width=&#8221;3\/4&#8243;][vc_column_text]&#8221;Ao longo dos anos senti um enorme desenvolvimento pessoal no meu neto, sobretudo \u00a0na capacidade de enfrentar e de resolver situa\u00e7\u00f5es com que se depara. Esta seguran\u00e7a faz dele uma crian\u00e7a mais feliz, e ser feliz \u00e9 fundamental para ter sucesso!&#8221;<\/p>\n<p><strong>Z\u00e9 M\u00e1rio L\u00facio &#8211; \u00a0Av\u00f4 do Filipe<\/strong>[\/vc_column_text][\/vc_column][\/vc_row][vc_row css=&#8221;.vc_custom_1500394150513{padding-top: 30px !important;}&#8221;][vc_column width=&#8221;1\/4&#8243;][vc_single_image image=&#8221;27888&#8243; img_size=&#8221;400&#215;250&#8243;][\/vc_column][vc_column width=&#8221;3\/4&#8243;][vc_column_text]&#8221;Estamos permanentemente apoiados por uma equipa pedag\u00f3gica excecional e juntos trabalhamos diariamente na educa\u00e7\u00e3o dos nossos filhos.&#8221;<\/p>\n<p><strong>Mafalda Fialho m\u00e3e da Marta de 5 anos e do Diogo de 2 anos<\/strong>[\/vc_column_text][\/vc_column][\/vc_row][vc_row css=&#8221;.vc_custom_1500394150513{padding-top: 30px !important;}&#8221;][vc_column width=&#8221;1\/4&#8243;][vc_video link=&#8221;https:\/\/youtu.be\/8NYZfJAAeu0&#8243;][\/vc_column][vc_column width=&#8221;3\/4&#8243;][vc_column_text]Para a judoca e professora de educa\u00e7\u00e3o f\u00edsica Filipa Cavalleri, a Raiz destaca-se pela rela\u00e7\u00e3o estreita entre pais, alunos e comunidade educativa.<\/p>\n<p><strong>Filipa Cavalleri<\/strong><\/p>\n<p><strong>\u00a0<\/strong>[\/vc_column_text][\/vc_column][\/vc_row][vc_row css=&#8221;.vc_custom_1500394150513{padding-top: 30px !important;}&#8221;][vc_column width=&#8221;1\/4&#8243;][vc_single_image image=&#8221;27888&#8243; img_size=&#8221;400&#215;250&#8243;][\/vc_column][vc_column width=&#8221;3\/4&#8243;][vc_column_text]Enquanto m\u00e3e de um ex-aluno, hoje com 21 anos, e de uma atual aluna do 6\u00ba ano, com 11 anos, n\u00e3o consigo imaginar uma Escola onde os meus filhos pudessem ter adquirido melhores valores e mais compet\u00eancias para a sua vida futura, quer do ponto de vista emocional, quer do ponto de vista profissional. Em suma, n\u00e3o creio que exista uma Escola, onde pudessem ter sido mais felizes\u2026<\/p>\n<p>Um beijinho e votos de pleno sucesso!!!<\/p>\n<p><strong>Ana Ramos<\/strong>[\/vc_column_text][\/vc_column][\/vc_row][vc_row css=&#8221;.vc_custom_1500394150513{padding-top: 30px !important;}&#8221;][vc_column width=&#8221;1\/4&#8243;][vc_video link=&#8221;https:\/\/youtu.be\/qD8fsHEEP9I&#8221;][\/vc_column][vc_column width=&#8221;3\/4&#8243;][vc_column_text]Para os pais, o que mais se destaca na escola Raiz e no modelo HighScope? Algumas das caracter\u00edsticas aqui apontadas por Michelle Draymond.<\/p>\n<p><strong>Michelle Dreimann<\/strong>[\/vc_column_text][\/vc_column][\/vc_row][vc_row css=&#8221;.vc_custom_1500394150513{padding-top: 30px !important;}&#8221;][vc_column width=&#8221;1\/4&#8243;][vc_single_image image=&#8221;27888&#8243; img_size=&#8221;400&#215;250&#8243;][\/vc_column][vc_column width=&#8221;3\/4&#8243;][vc_column_text]Muitos dos h\u00e1bitos que ensinam na Escola Raiz s\u00e3o o que n\u00f3s adultos, mais tarde, em forma\u00e7\u00e3o nas empresas, aprendemos como compet\u00eancias transversais indispens\u00e1veis. A mais valia de uma crian\u00e7a aprender desde cedo a import\u00e2ncia da lideran\u00e7a, da autonomia, do planear e da entreajuda foi uma das raz\u00f5es que nos levou a inscrever os nossos filhos nesta Escola e n\u00e3o pod\u00edamos estar mais satisfeitos.<\/p>\n<p><strong>Diana Baptista Vargas<\/strong><br \/>\n<strong>M\u00e3e de alunos que frequentam o 2.\u00ba e 5.\u00ba ano<\/strong>[\/vc_column_text][\/vc_column][\/vc_row][vc_row css=&#8221;.vc_custom_1500394150513{padding-top: 30px !important;}&#8221;][vc_column width=&#8221;1\/4&#8243;][vc_video link=&#8221;https:\/\/youtu.be\/ql2klrqnHws&#8221;][\/vc_column][vc_column width=&#8221;3\/4&#8243;][vc_column_text]O ambiente acolhedor, desafiante e divertido \u00e9, n\u00e3o s\u00f3, mas tamb\u00e9m o que move diariamente a Teresa Rodrigues, aluna da nossa escola.<\/p>\n<p><strong>Teresa Aires Rodrigues<\/strong>[\/vc_column_text][\/vc_column][\/vc_row][vc_row css=&#8221;.vc_custom_1500394150513{padding-top: 30px !important;}&#8221;][vc_column width=&#8221;1\/4&#8243;][vc_single_image image=&#8221;27888&#8243; img_size=&#8221;400&#215;250&#8243;][\/vc_column][vc_column width=&#8221;3\/4&#8243;][vc_column_text]A nossa filha est\u00e1 h\u00e1 6 meses nesta escola e come\u00e7\u00e1mos a notar, de forma clara, as diferen\u00e7as. Maior sentido de responsabilidade, maior capacidade de trabalho em equipa, desenvolvimento cognitivo e liberdade criativa em momentos inesperados. Em todas as escolas h\u00e1 um esfor\u00e7o para integrar os pais no processo de ensino-aprendizagem, normalmente com TPC de car\u00e1cter manual ou pesquisa, que nem sempre s\u00e3o do agrado dos pais, gerando, tamb\u00e9m, uma competitividade desnecess\u00e1ria em rela\u00e7\u00e3o aos resultados que as crian\u00e7as apresentam na escola. Aqui sinto-me integrada de uma forma diferente e que, para mim, faz mais sentido, porque me permite participar, deixando que seja a minha filha a, efectivamente, realizar as atividades. Estamos muito contentes com a mudan\u00e7a para esta escola.<\/p>\n<p><strong>Paula e Bruno Mendes, pais da Rita Mendes (3.\u00ba ano)<\/strong>[\/vc_column_text][\/vc_column][\/vc_row][vc_row css=&#8221;.vc_custom_1500394150513{padding-top: 30px !important;}&#8221;][vc_column width=&#8221;1\/4&#8243;][vc_single_image image=&#8221;27888&#8243; img_size=&#8221;400&#215;250&#8243;][\/vc_column][vc_column width=&#8221;3\/4&#8243;][vc_column_text]A melhor forma de compreender o que \u00e9 a Escola Raiz e o m\u00e9todo HighScope \u00e9 visit\u00e1-la e ver como as crian\u00e7as, professores e equipa est\u00e3o nas &#8220;esta\u00e7\u00f5es&#8221; em sala a trabalhar.<\/p>\n<p>S\u00f3 o facto de poder ser um aluno a acompanhar a visita e ser capaz de explicar o m\u00e9todo de ensino, mostra o quanto esta escola \u00e9 diferente.<\/p>\n<p><strong>Diana Baptista Vargas<\/strong><br \/>\n<strong>M\u00e3e alunos que frequentam o 2.\u00ba e 5.\u00ba ano<\/strong>[\/vc_column_text][\/vc_column][\/vc_row][vc_row css=&#8221;.vc_custom_1500394150513{padding-top: 30px !important;}&#8221;][vc_column width=&#8221;1\/4&#8243;][vc_single_image image=&#8221;27888&#8243; img_size=&#8221;400&#215;250&#8243;][\/vc_column][vc_column width=&#8221;3\/4&#8243;][vc_column_text]A Madalena tem 5 anos e este \u00e9 o primeiro que frequenta a Escola Raiz.<br \/>\nO desenvolvimento \u00e9 vis\u00edvel aos olhos de todos, a n\u00edvel cognitivo, criativo, emocional e social, e alcan\u00e7ado em t\u00e3o pouco tempo!<br \/>\nO melhor \u00e9 que tudo isto vem acompanhado da felicidade da Madalena em estar na escola, espelhada em frases como &#8220;Mam\u00e3, posso passar a ficar no prolongamento para estar mais tempo na escola, se faz favor?&#8221;<\/p>\n<p>Nada como sabermos que os nossos filhos est\u00e3o com magn\u00edficos profissionais, que desenvolvem um m\u00e9todo de excel\u00eancia, que os faz mega felizes.<\/p>\n<p>Gratos por tudo.<\/p>\n<p><strong>Sofia Baptista e Jorge Almodovar<\/strong><br \/>\n<strong>Pais da Madalena Almodovar que frequenta a sala nespereira do pr\u00e9-escolar.<\/strong>[\/vc_column_text][\/vc_column][\/vc_row][vc_row css=&#8221;.vc_custom_1500394150513{padding-top: 30px !important;}&#8221;][vc_column width=&#8221;1\/4&#8243;][vc_video link=&#8221;https:\/\/youtu.be\/_Gzaag0H1yk&#8221;][\/vc_column][vc_column width=&#8221;3\/4&#8243;][vc_column_text]O que impulsiona os alunos a fazer o seu melhor, todos os dias? Ou\u00e7a as raz\u00f5es da Zainab Abiza, nas suas pr\u00f3prias palavras.<\/p>\n<p><strong>Zainab Abiza<\/strong>[\/vc_column_text][\/vc_column][\/vc_row][vc_row css=&#8221;.vc_custom_1500394150513{padding-top: 30px !important;}&#8221;][vc_column width=&#8221;1\/4&#8243;][vc_single_image image=&#8221;27888&#8243; img_size=&#8221;400&#215;250&#8243;][\/vc_column][vc_column width=&#8221;3\/4&#8243;][vc_column_text]N\u00e3o podia estar mais satisfeita com a escola que escolhi para a minha filha. Todas as manh\u00e3s, vou descansada trabalhar, porque sei que ela est\u00e1 muito bem entregue e ali \u00e9 formada enquanto pessoa. O m\u00e9todo de ensino da aprendizagem ativa foi o que me levou at\u00e9 \u00e0 Raiz, mas, com igual valor, temos o lado humano, as rela\u00e7\u00f5es afetivas, a aten\u00e7\u00e3o que \u00e9 dada a cada crian\u00e7a, a positividade e a simples resolu\u00e7\u00e3o de conflitos, a consci\u00eancia na educa\u00e7\u00e3o de seres humanos. Um ninho socio-emocional educativo que me faz querer que ela nunca saia dali. Nem eu! Porque at\u00e9 para os pais h\u00e1 muito espa\u00e7o e muita dedica\u00e7\u00e3o.<\/p>\n<p><strong>Vanda Gi\u00e3o<\/strong><br \/>\n<strong>M\u00e3e de Violeta Patr\u00edcio, aluna da Pr\u00e9-Escolar<\/strong>[\/vc_column_text][\/vc_column][\/vc_row][vc_row css=&#8221;.vc_custom_1500394150513{padding-top: 30px !important;}&#8221;][vc_column width=&#8221;1\/4&#8243;][vc_single_image image=&#8221;27888&#8243; img_size=&#8221;400&#215;250&#8243;][\/vc_column][vc_column width=&#8221;3\/4&#8243;][vc_column_text]Os nossos filhos aprendem pela intera\u00e7\u00e3o, analisam, investigam, s\u00e3o ainda mais curiosos. E isto porque na Escola n\u00e3o est\u00e3o apenas sentados a ouvir, para depois estudar e mostrar num teste aquilo que ouviram. S\u00e3o estimulados e ensinados a pensar por si, a questionar, a ser criativos.<\/p>\n<p><strong>Diana e Luis Vargas<\/strong><br \/>\n<strong>Pais alunos que frequentam o 2.\u00ba e 5.\u00ba ano<\/strong>[\/vc_column_text][\/vc_column][\/vc_row][vc_row css=&#8221;.vc_custom_1500394150513{padding-top: 30px !important;}&#8221;][vc_column width=&#8221;1\/4&#8243;][vc_single_image image=&#8221;27888&#8243; img_size=&#8221;400&#215;250&#8243;][\/vc_column][vc_column width=&#8221;3\/4&#8243;][vc_column_text]Aqui fica o de uma das av\u00f3s!<\/p>\n<p>&#8220;Uma escola a recomendar, porque as crian\u00e7as desenvolvem-se e crescem em sabedoria, estando visivelmente felizes.&#8221;<\/p>\n<p><strong>Maria Baptista Martins<\/strong><br \/>\n<strong>Av\u00f3 da Madalena Almodovar, sala nespreira do pr\u00e9 escolar<\/strong>[\/vc_column_text][\/vc_column][\/vc_row][vc_row css=&#8221;.vc_custom_1500394150513{padding-top: 30px !important;}&#8221;][vc_column width=&#8221;1\/4&#8243;][vc_single_image image=&#8221;27888&#8243; img_size=&#8221;400&#215;250&#8243;][\/vc_column][vc_column width=&#8221;3\/4&#8243;][vc_column_text]Debitar conhecimento \u00e9 f\u00e1cil&#8230;&#8230; \u00e9 o que se faz por a\u00ed&#8230;..<\/p>\n<p>Ser Pedagogo exige compreender a realidade de cada crian\u00e7a, estimular a aprendizagem, cuidar e dar sentido \u00e0s diferentes fases do desenvolvimento humano.<br \/>\nA Sofia e o Manuel entraram este ano para o Col\u00e9gio, para o 2.\u00ba e 1.\u00ba ano<\/p>\n<p>Parab\u00e9ns ao Col\u00e9gio por estar a\u00a0atingir os objetivos a que se\u00a0prop\u00f4s,\u00a0de uma forma persistente, construtiva e honrada.<\/p>\n<p><strong>Av\u00f3 Teresa Mafalda Barbato<\/strong>[\/vc_column_text][\/vc_column][\/vc_row]<\/p>\n<\/div>","protected":false},"excerpt":{"rendered":"<p>[vc_row css=&#8221;.vc_custom_1500394150513{padding-top: 30px !important;}&#8221;][vc_column width=&#8221;1\/4&#8243;][vc_single_image image=&#8221;27888&#8243; img_size=&#8221;400&#215;250&#8243;][\/vc_column][vc_column width=&#8221;3\/4&#8243;][vc_column_text]Esta \u00e9 uma escola estruturada segundo uma l\u00f3gica de grupo, colocando os alunos no centro do processo educativo, envolvendo a fam\u00edlia, promovendo a partilha e a entreajuda. As crian\u00e7as aprendem de forma ativa, refor\u00e7ando a sua autonomia e consci\u00eancia c\u00edvica, num ambiente de profundo respeito e alegria. Os<\/p>\n","protected":false},"author":1,"featured_media":0,"parent":0,"menu_order":0,"comment_status":"closed","ping_status":"closed","template":"","meta":{"footnotes":""},"class_list":["post-27038","page","type-page","status-publish","hentry"],"yoast_head":"<!-- This site is optimized with the Yoast SEO plugin v27.5 - https:\/\/yoast.com\/product\/yoast-seo-wordpress\/ -->\n<title>Testemunhos - Raiz<\/title>\n<meta name=\"robots\" content=\"index, follow, max-snippet:-1, max-image-preview:large, max-video-preview:-1\" \/>\n<link rel=\"canonical\" href=\"https:\/\/escolaraiz.pt\/pt\/testemunhos\/\" \/>\n<meta name=\"twitter:card\" content=\"summary_large_image\" \/>\n<meta name=\"twitter:title\" content=\"Testemunhos - Raiz\" \/>\n<meta name=\"twitter:description\" content=\"[vc_row css=&#8221;.vc_custom_1500394150513{padding-top: 30px !important;}&#8221;][vc_column width=&#8221;1\/4&#8243;][vc_single_image image=&#8221;27888&#8243; img_size=&#8221;400&#215;250&#8243;][\/vc_column][vc_column width=&#8221;3\/4&#8243;][vc_column_text]Esta \u00e9 uma escola estruturada segundo uma l\u00f3gica de grupo, colocando os alunos no centro do processo educativo, envolvendo a fam\u00edlia, promovendo a partilha e a entreajuda. As crian\u00e7as aprendem de forma ativa, refor\u00e7ando a sua autonomia e consci\u00eancia c\u00edvica, num ambiente de profundo respeito e alegria. Os\" \/>\n<meta name=\"twitter:label1\" content=\"Tempo estimado de leitura\" \/>\n\t<meta name=\"twitter:data1\" content=\"12 minutos\" \/>\n<script type=\"application\/ld+json\" class=\"yoast-schema-graph\">{\"@context\":\"https:\\\/\\\/schema.org\",\"@graph\":[{\"@type\":\"WebPage\",\"@id\":\"https:\\\/\\\/escolaraiz.pt\\\/pt\\\/testemunhos\\\/\",\"url\":\"https:\\\/\\\/escolaraiz.pt\\\/pt\\\/testemunhos\\\/\",\"name\":\"Testemunhos - Raiz\",\"isPartOf\":{\"@id\":\"https:\\\/\\\/escolaraiz.pt\\\/pt\\\/#website\"},\"datePublished\":\"2017-05-29T14:49:21+00:00\",\"dateModified\":\"2025-05-22T18:13:17+00:00\",\"breadcrumb\":{\"@id\":\"https:\\\/\\\/escolaraiz.pt\\\/pt\\\/testemunhos\\\/#breadcrumb\"},\"inLanguage\":\"pt-PT\",\"potentialAction\":[{\"@type\":\"ReadAction\",\"target\":[\"https:\\\/\\\/escolaraiz.pt\\\/pt\\\/testemunhos\\\/\"]}]},{\"@type\":\"BreadcrumbList\",\"@id\":\"https:\\\/\\\/escolaraiz.pt\\\/pt\\\/testemunhos\\\/#breadcrumb\",\"itemListElement\":[{\"@type\":\"ListItem\",\"position\":1,\"name\":\"In\u00edcio\",\"item\":\"https:\\\/\\\/escolaraiz.pt\\\/pt\\\/\"},{\"@type\":\"ListItem\",\"position\":2,\"name\":\"Testemunhos\"}]},{\"@type\":\"WebSite\",\"@id\":\"https:\\\/\\\/escolaraiz.pt\\\/pt\\\/#website\",\"url\":\"https:\\\/\\\/escolaraiz.pt\\\/pt\\\/\",\"name\":\"Raiz\",\"description\":\"Active Learning School\",\"potentialAction\":[{\"@type\":\"SearchAction\",\"target\":{\"@type\":\"EntryPoint\",\"urlTemplate\":\"https:\\\/\\\/escolaraiz.pt\\\/pt\\\/?s={search_term_string}\"},\"query-input\":{\"@type\":\"PropertyValueSpecification\",\"valueRequired\":true,\"valueName\":\"search_term_string\"}}],\"inLanguage\":\"pt-PT\"}]}<\/script>\n<!-- \/ Yoast SEO plugin. -->","yoast_head_json":{"title":"Testemunhos - Raiz","robots":{"index":"index","follow":"follow","max-snippet":"max-snippet:-1","max-image-preview":"max-image-preview:large","max-video-preview":"max-video-preview:-1"},"canonical":"https:\/\/escolaraiz.pt\/pt\/testemunhos\/","twitter_card":"summary_large_image","twitter_title":"Testemunhos - Raiz","twitter_description":"[vc_row css=&#8221;.vc_custom_1500394150513{padding-top: 30px !important;}&#8221;][vc_column width=&#8221;1\/4&#8243;][vc_single_image image=&#8221;27888&#8243; img_size=&#8221;400&#215;250&#8243;][\/vc_column][vc_column width=&#8221;3\/4&#8243;][vc_column_text]Esta \u00e9 uma escola estruturada segundo uma l\u00f3gica de grupo, colocando os alunos no centro do processo educativo, envolvendo a fam\u00edlia, promovendo a partilha e a entreajuda. As crian\u00e7as aprendem de forma ativa, refor\u00e7ando a sua autonomia e consci\u00eancia c\u00edvica, num ambiente de profundo respeito e alegria. Os","twitter_misc":{"Tempo estimado de leitura":"12 minutos"},"schema":{"@context":"https:\/\/schema.org","@graph":[{"@type":"WebPage","@id":"https:\/\/escolaraiz.pt\/pt\/testemunhos\/","url":"https:\/\/escolaraiz.pt\/pt\/testemunhos\/","name":"Testemunhos - Raiz","isPartOf":{"@id":"https:\/\/escolaraiz.pt\/pt\/#website"},"datePublished":"2017-05-29T14:49:21+00:00","dateModified":"2025-05-22T18:13:17+00:00","breadcrumb":{"@id":"https:\/\/escolaraiz.pt\/pt\/testemunhos\/#breadcrumb"},"inLanguage":"pt-PT","potentialAction":[{"@type":"ReadAction","target":["https:\/\/escolaraiz.pt\/pt\/testemunhos\/"]}]},{"@type":"BreadcrumbList","@id":"https:\/\/escolaraiz.pt\/pt\/testemunhos\/#breadcrumb","itemListElement":[{"@type":"ListItem","position":1,"name":"In\u00edcio","item":"https:\/\/escolaraiz.pt\/pt\/"},{"@type":"ListItem","position":2,"name":"Testemunhos"}]},{"@type":"WebSite","@id":"https:\/\/escolaraiz.pt\/pt\/#website","url":"https:\/\/escolaraiz.pt\/pt\/","name":"Raiz","description":"Active Learning School","potentialAction":[{"@type":"SearchAction","target":{"@type":"EntryPoint","urlTemplate":"https:\/\/escolaraiz.pt\/pt\/?s={search_term_string}"},"query-input":{"@type":"PropertyValueSpecification","valueRequired":true,"valueName":"search_term_string"}}],"inLanguage":"pt-PT"}]}},"_links":{"self":[{"href":"https:\/\/escolaraiz.pt\/pt\/wp-json\/wp\/v2\/pages\/27038","targetHints":{"allow":["GET"]}}],"collection":[{"href":"https:\/\/escolaraiz.pt\/pt\/wp-json\/wp\/v2\/pages"}],"about":[{"href":"https:\/\/escolaraiz.pt\/pt\/wp-json\/wp\/v2\/types\/page"}],"author":[{"embeddable":true,"href":"https:\/\/escolaraiz.pt\/pt\/wp-json\/wp\/v2\/users\/1"}],"replies":[{"embeddable":true,"href":"https:\/\/escolaraiz.pt\/pt\/wp-json\/wp\/v2\/comments?post=27038"}],"version-history":[{"count":6,"href":"https:\/\/escolaraiz.pt\/pt\/wp-json\/wp\/v2\/pages\/27038\/revisions"}],"predecessor-version":[{"id":30814,"href":"https:\/\/escolaraiz.pt\/pt\/wp-json\/wp\/v2\/pages\/27038\/revisions\/30814"}],"wp:attachment":[{"href":"https:\/\/escolaraiz.pt\/pt\/wp-json\/wp\/v2\/media?parent=27038"}],"curies":[{"name":"wp","href":"https:\/\/api.w.org\/{rel}","templated":true}]}}