{"id":26937,"date":"2017-05-29T11:11:00","date_gmt":"2017-05-29T11:11:00","guid":{"rendered":"https:\/\/escolaraiz.pt\/pt\/?page_id=26937"},"modified":"2025-05-28T14:27:37","modified_gmt":"2025-05-28T14:27:37","slug":"historia","status":"publish","type":"page","link":"https:\/\/escolaraiz.pt\/pt\/historia\/","title":{"rendered":"Hist\u00f3ria"},"content":{"rendered":"<div class=\"wpb-content-wrapper\"><p>[vc_row bg_type=&#8221;bg_color&#8221; bg_override=&#8221;full&#8221; animation_type=&#8221;h&#8221; horizontal_animation=&#8221;left-animation&#8221; vertical_animation=&#8221;top-animation&#8221; padding_top=&#8221;60px&#8221;][vc_column width=&#8221;1\/3&#8243;]<div data-id=\"mpc_callout-1169e1717b23106\" class=\"mpc-callout mpc-init mpc-callout--style_3 \" ><div class=\"mpc-callout__icon-wrap mpc-icon--image\"><div class=\"mpc-callout__icon\"><i class=\"mpc-transition \"><img decoding=\"async\" class=\"\" src=\"https:\/\/escolaraiz.pt\/pt\/wp-content\/uploads\/2025\/05\/RAIZ_IMAGENS_SITE_HISTORIA_APRENDER-375x375.png\" width=\"375\" height=\"375\" alt=\"Aprender\" title=\"Aprender\" loading=\"lazy\" \/><\/i><\/div><\/div><div class=\"mpc-callout__content\"><div data-id=\"mpc_divider-2369e1717b2314b\" class=\"mpc-divider-wrap\"><div class=\"mpc-divider mpc-init mpc-align--center mpc-disable--left \" ><div class=\"mpc-divider__line mpc-side--left\"><span><\/span><\/div><div class=\"mpc-divider__line mpc-side--right\"><span><\/span><\/div><\/div><\/div><div class=\"mpc-callout__description\"><p>Sonh\u00e1mos que seria poss\u00edvel aprender fazendo, deixar para tr\u00e1s as horas infind\u00e1veis sentados numa cadeira, em frente a uma mesa, a ouvir o professor e a fazer fichas digitais ou em papel.<\/p>\n<\/div><\/div><\/div>[\/vc_column][vc_column width=&#8221;1\/3&#8243; css=&#8221;.vc_custom_1499681272384{padding-top: -30px !important;}&#8221;]<div data-id=\"mpc_callout-3569e1717b2364c\" class=\"mpc-callout mpc-init mpc-callout--style_3 \" ><div class=\"mpc-callout__icon-wrap mpc-icon--image\"><div class=\"mpc-callout__icon\"><i class=\"mpc-transition \"><img decoding=\"async\" class=\"\" src=\"https:\/\/escolaraiz.pt\/pt\/wp-content\/uploads\/2025\/05\/RAIZ_IMAGENS_SITE_HISTORIA_CONFIANCA-375x375.png\" width=\"375\" height=\"375\" alt=\"Confian\u00e7a\" title=\"Confian\u00e7a\" loading=\"lazy\" \/><\/i><\/div><\/div><div class=\"mpc-callout__content\"><div data-id=\"mpc_divider-6869e1717b2367f\" class=\"mpc-divider-wrap\"><div class=\"mpc-divider mpc-init mpc-align--center mpc-disable--left \" ><div class=\"mpc-divider__line mpc-side--left\"><span><\/span><\/div><div class=\"mpc-divider__line mpc-side--right\"><span><\/span><\/div><\/div><\/div><div class=\"mpc-callout__description\"><p>Uma boa cabe\u00e7a e um bom cora\u00e7\u00e3o s\u00e3o sempre uma combina\u00e7\u00e3o formid\u00e1vel.<\/p>\n<\/div><\/div><\/div>[\/vc_column][vc_column width=&#8221;1\/3&#8243;]<div data-id=\"mpc_callout-669e1717b23b2d\" class=\"mpc-callout mpc-init mpc-callout--style_3 \" ><div class=\"mpc-callout__icon-wrap mpc-icon--image\"><div class=\"mpc-callout__icon\"><i class=\"mpc-transition \"><img decoding=\"async\" class=\"\" src=\"https:\/\/escolaraiz.pt\/pt\/wp-content\/uploads\/2025\/05\/RAIZ_IMAGENS_SITE_HISTORIA_REFLEXAO-1-375x375.png\" width=\"375\" height=\"375\" alt=\"RAIZ_IMAGENS_SITE_HISTORIA_REFLEXAO\" title=\"RAIZ_IMAGENS_SITE_HISTORIA_REFLEXAO\" loading=\"lazy\" \/><\/i><\/div><\/div><div class=\"mpc-callout__content\"><div data-id=\"mpc_divider-769e1717b23b5a\" class=\"mpc-divider-wrap\"><div class=\"mpc-divider mpc-init mpc-align--center mpc-disable--left \" ><div class=\"mpc-divider__line mpc-side--left\"><span><\/span><\/div><div class=\"mpc-divider__line mpc-side--right\"><span><\/span><\/div><\/div><\/div><div class=\"mpc-callout__description\"><p>Sonh\u00e1mos que seria poss\u00edvel termos mais que uma autoavalia\u00e7\u00e3o no final do trimestre. Quer\u00edamos um ambiente de avalia\u00e7\u00e3o promotor do sucesso do qual a crian\u00e7a fizesse parte integrante, no dia-a-dia, nas reuni\u00f5es com os pais, na reflex\u00e3o de como fazer mais e melhor.<\/p>\n<\/div><\/div><\/div>[\/vc_column][\/vc_row][vc_row bg_type=&#8221;bg_color&#8221; bg_override=&#8221;full&#8221; animation_type=&#8221;h&#8221; horizontal_animation=&#8221;left-animation&#8221; vertical_animation=&#8221;top-animation&#8221; padding_top=&#8221;60px&#8221;][vc_column width=&#8221;1\/3&#8243;]<div data-id=\"mpc_callout-9869e1717b23fad\" class=\"mpc-callout mpc-init mpc-callout--style_3 \" ><div class=\"mpc-callout__icon-wrap mpc-icon--image\"><div class=\"mpc-callout__icon\"><i class=\"mpc-transition \"><img decoding=\"async\" class=\"\" src=\"https:\/\/escolaraiz.pt\/pt\/wp-content\/uploads\/2025\/05\/RAIZ_IMAGENS_SITE_HISTORIA_APRENDER-NO-MEIO-375x375.png\" width=\"375\" height=\"375\" alt=\"Aprender no meio\" title=\"RAIZ_IMAGENS_SITE_HISTORIA_APRENDER-NO-MEIO\" loading=\"lazy\" \/><\/i><\/div><\/div><div class=\"mpc-callout__content\"><div data-id=\"mpc_divider-169e1717b23fdd\" class=\"mpc-divider-wrap\"><div class=\"mpc-divider mpc-init mpc-align--center mpc-disable--left \" ><div class=\"mpc-divider__line mpc-side--left\"><span><\/span><\/div><div class=\"mpc-divider__line mpc-side--right\"><span><\/span><\/div><\/div><\/div><div class=\"mpc-callout__description\"><p>Pens\u00e1mos se seria poss\u00edvel sair das quatro paredes, rir, saltar e aprender no meio com os nossos amigos e com os nossos professores, fazer disso parte integrante da nossa aprendizagem. Quer\u00edamos tamb\u00e9m transformar as visitas de estudo para que deixassem de preencher tempos ou simplesmente criar divers\u00e3o e passassem a ser meios de aprendizagem recorrentes.<\/p>\n<\/div><\/div><\/div>[\/vc_column][vc_column width=&#8221;1\/3&#8243; css=&#8221;.vc_custom_1499681272384{padding-top: -30px !important;}&#8221;]<div data-id=\"mpc_callout-9669e1717b24415\" class=\"mpc-callout mpc-init mpc-callout--style_3 \" ><div class=\"mpc-callout__icon-wrap mpc-icon--image\"><div class=\"mpc-callout__icon\"><i class=\"mpc-transition \"><img decoding=\"async\" class=\"\" src=\"https:\/\/escolaraiz.pt\/pt\/wp-content\/uploads\/2025\/05\/RAIZ_IMAGENS_SITE_HISTORIA_DESCONTRAIDO-375x375.png\" width=\"375\" height=\"375\" alt=\"Descontra\u00eddo\" title=\"RAIZ_IMAGENS_SITE_HISTORIA_DESCONTRAIDO\" loading=\"lazy\" \/><\/i><\/div><\/div><div class=\"mpc-callout__content\"><div data-id=\"mpc_divider-5869e1717b24440\" class=\"mpc-divider-wrap\"><div class=\"mpc-divider mpc-init mpc-align--center mpc-disable--left \" ><div class=\"mpc-divider__line mpc-side--left\"><span><\/span><\/div><div class=\"mpc-divider__line mpc-side--right\"><span><\/span><\/div><\/div><\/div><div class=\"mpc-callout__description\"><p>Sonh\u00e1mos com um ambiente descontra\u00eddo, com regras estruturantes, promotor do sucesso e da individualidade.<\/p>\n<\/div><\/div><\/div>[\/vc_column][vc_column width=&#8221;1\/3&#8243;]<div data-id=\"mpc_callout-5769e1717b2487a\" class=\"mpc-callout mpc-init mpc-callout--style_3 \" ><div class=\"mpc-callout__icon-wrap mpc-icon--image\"><div class=\"mpc-callout__icon\"><i class=\"mpc-transition \"><img decoding=\"async\" class=\"\" src=\"https:\/\/escolaraiz.pt\/pt\/wp-content\/uploads\/2017\/05\/hist_pecas.png\" width=\"375\" height=\"375\" alt=\"&gt;&gt;\" title=\"&gt;&gt;\" loading=\"lazy\" \/><\/i><\/div><\/div><div class=\"mpc-callout__content\"><div data-id=\"mpc_divider-8469e1717b248a2\" class=\"mpc-divider-wrap\"><div class=\"mpc-divider mpc-init mpc-align--center mpc-disable--left \" ><div class=\"mpc-divider__line mpc-side--left\"><span><\/span><\/div><div class=\"mpc-divider__line mpc-side--right\"><span><\/span><\/div><\/div><\/div><\/div><\/div>[\/vc_column][\/vc_row][vc_row full_width=&#8221;stretch_row&#8221; css=&#8221;.vc_custom_1499682950804{padding-top: 20px !important;}&#8221;][vc_column][vc_single_image image=&#8221;27433&#8243; img_size=&#8221;large&#8221; css_animation=&#8221;fadeIn&#8221;][\/vc_column][\/vc_row][vc_row css=&#8221;.vc_custom_1499682981781{padding-top: 20px !important;}&#8221;][vc_column width=&#8221;1\/4&#8243;][vc_single_image image=&#8221;27439&#8243; img_size=&#8221;250&#215;382&#8243;][\/vc_column][vc_column width=&#8221;3\/4&#8243;][vc_column_text]Base\u00e1mos o nosso sonho no poema de Sebasti\u00e3o da Gama \u201cPelo sonho \u00e9 que vamos\u201d. Em 1995, partimos numa enorme aventura, fomos aos EUA estudar modelos, observar pr\u00e1ticas e tomar decis\u00f5es. Regress\u00e1mos, decididos a emigrar e realizar l\u00e1 o nosso sonho. Mas, desafiados pela fam\u00edlia a criar e construir esse sonho em Portugal, aceit\u00e1mos o desafio e com ajuda de todos, nasceu a Escola Raiz &#8211; atual Raiz International Active Learning School.[\/vc_column_text][vc_single_image image=&#8221;28177&#8243; img_size=&#8221;large&#8221;][vc_column_text]Anos mais tarde, um dos diretores, Margarida Silveira Rodrigues, psic\u00f3loga, aceitava o desafio de dar continuidade aos seus estudos nos EUA em Ypsilanti, certificando-se como HighScope Teacher e depois como HighScope\u00a0 Trainer.<\/p>\n<p>Com o modelo HighScope consolidado na pr\u00e1tica educativa de toda a escola, a Raiz dava mais um passo na implementa\u00e7\u00e3o da qualidade e da excel\u00eancia. Assim, os pais tiveram sempre a seguran\u00e7a de saberem que os seus filhos estavam numa escola sem misturas de modelos, modas ou aventuras e que tinham um modelo estudado, investigado e com mais de 50 anos de experi\u00eancia, o modelo HighScope.[\/vc_column_text][\/vc_column][\/vc_row][vc_row css=&#8221;.vc_custom_1483088684231{padding-top: 40px !important;}&#8221;][vc_column width=&#8221;2\/3&#8243;][vc_column_text]Isto permitiu uma jun\u00e7\u00e3o de fatores fundamentais ao sucesso. Na Raiz, juntou-se irrever\u00eancia da diretora, a sensatez e determina\u00e7\u00e3o do diretor e a vis\u00e3o de ambos a uma equipa din\u00e2mica, jovem e motivada para marcar a diferen\u00e7a alicer\u00e7ada num modelo que dava a seguran\u00e7a de um caminho j\u00e1 testado.<\/p>\n<p>Quem melhor do que os pr\u00f3prios pais e alunos para falarem da sua escola, da Escola Raiz?[\/vc_column_text][vc_column_text]<span style=\"color: #333399;\">Vivemos com serenidade as crises que abalaram todo o pa\u00eds, vivemos momentos intensos e decisivos que nos tornaram mais fortes, mais competitivos, mais solid\u00e1rios e mais agradecidos.<\/span>[\/vc_column_text][vc_single_image image=&#8221;27444&#8243; img_size=&#8221;large&#8221; css_animation=&#8221;fadeIn&#8221; css=&#8221;.vc_custom_1499684129893{padding-top: -10px !important;padding-bottom: -10px !important;}&#8221;][vc_column_text]Sabemos que realiz\u00e1mos um sonho, demos voz ao sonho de tantos profissionais, pais e crian\u00e7as e contribu\u00edmos para um mundo melhor. Influenci\u00e1mos significativamente a educa\u00e7\u00e3o em Portugal e vemos as nossas marcas um pouco por todo o lado.<\/p>\n<p>Revolucion\u00e1mos o conceito do espa\u00e7o de sala de aula, o conceito de uniforme, o conceito de intera\u00e7\u00e3o professor-aluno, aluno-aluno e escola-fam\u00edlia.[\/vc_column_text][\/vc_column][vc_column width=&#8221;1\/3&#8243;][vc_single_image image=&#8221;30856&#8243; img_size=&#8221;400&#215;473&#8243; css=&#8221;&#8221;][\/vc_column][\/vc_row][vc_row css=&#8221;.vc_custom_1483088684231{padding-top: 40px !important;}&#8221;][vc_column][vc_single_image image=&#8221;28102&#8243; img_size=&#8221;large&#8221;][vc_column_text]Com o poema de Sebasti\u00e3o da Gama no horizonte, aceit\u00e1mos um novo desafio. Olh\u00e1mos para as excelentes universidades portuguesas e estrangeiras que acompanham este mundo em mudan\u00e7a e pens\u00e1mos como seria importante os alunos terem a oportunidade de realizar todo o seu processo de ensino at\u00e9 aos 18 anos num ambiente de aprendizagem ativa, promotor do sucesso, da autonomia e da autoestima. Um ambiente onde cada um desenvolve todo o seu potencial, acredita na sua pr\u00f3pria realiza\u00e7\u00e3o, aperfei\u00e7oa m\u00e9todos de estudo e trabalho, decide com apoio individual o percurso acad\u00e9mico e profissional que quer realizar em Portugal ou no estrangeiro e vive de um modo feliz. Aceit\u00e1mos o desafio de olhar o aluno atual sabendo que o seu desafio \u00e9 estudar hoje para estar preparado para as profiss\u00f5es que vai desempenhar e que ainda n\u00e3o existem. Neste cen\u00e1rio, a flexibilidade \u00e9 a palavra de destaque e essa n\u00e3o se cria sentado numa sala de aula virado para um quadro seja ele de ard\u00f3sia, branco ou interativo. Inici\u00e1mos assim um processo de consultoria a outras escolas dispon\u00edveis para dizer \u201cSim\u201d \u00e0 mudan\u00e7a, \u00e0 aprendizagem ativa, ao ambiente s\u00f3cio-emocional e \u00e0 constru\u00e7\u00e3o do conhecimento. Num mundo em mudan\u00e7a, acelerada pelas crises atuais que temos passado, tem sido fundamental fazermos parcerias e procurarmos novas respostas de modo que possamos chegar a mais crian\u00e7as e num espetro mais alargado at\u00e9 ao ensino secund\u00e1rio. \u00c9 preciso unirmos esfor\u00e7os, unirmos escolas e rompermos juntos o ensino transmissivo![\/vc_column_text][vc_single_image image=&#8221;27448&#8243; img_size=&#8221;full&#8221;][vc_column_text]<\/p>\n<h4><\/h4>\n<h4>Cri\u00e1mos assim a Raiz International Active Learning School!<\/h4>\n<p>[\/vc_column_text][\/vc_column][\/vc_row][vc_row][vc_column][vc_media_grid element_width=&#8221;2&#8243; gap=&#8221;20&#8243; grid_id=&#8221;vc_gid:1748441406649-cb41fe7f-eb5c-4&#8243; include=&#8221;28230,28229,28228,28227,28226,28225,28224,28223,28222,28221,28220,28219,28218,28217,28216,28234&#8243;][\/vc_column][\/vc_row][vc_row full_width=&#8221;stretch_row&#8221; css=&#8221;.vc_custom_1499686198254{padding-top: 20px !important;padding-bottom: 20px !important;background-color: #00457c !important;}&#8221;][vc_column][vc_single_image image=&#8221;27452&#8243; img_size=&#8221;large&#8221; alignment=&#8221;center&#8221; onclick=&#8221;custom_link&#8221; css_animation=&#8221;fadeIn&#8221; css=&#8221;.vc_custom_1500546790409{background-color: #00457c !important;}&#8221; link=&#8221;https:\/\/escolaraiz.pt\/pt\/contactos\/&#8221;][\/vc_column][\/vc_row]<\/p>\n<\/div>","protected":false},"excerpt":{"rendered":"<p>[vc_row bg_type=&#8221;bg_color&#8221; bg_override=&#8221;full&#8221; animation_type=&#8221;h&#8221; horizontal_animation=&#8221;left-animation&#8221; vertical_animation=&#8221;top-animation&#8221; padding_top=&#8221;60px&#8221;][vc_column width=&#8221;1\/3&#8243;][\/vc_column][vc_column width=&#8221;1\/3&#8243; css=&#8221;.vc_custom_1499681272384{padding-top: -30px !important;}&#8221;][\/vc_column][vc_column width=&#8221;1\/3&#8243;][\/vc_column][\/vc_row][vc_row bg_type=&#8221;bg_color&#8221; bg_override=&#8221;full&#8221; animation_type=&#8221;h&#8221; horizontal_animation=&#8221;left-animation&#8221; vertical_animation=&#8221;top-animation&#8221; padding_top=&#8221;60px&#8221;][vc_column width=&#8221;1\/3&#8243;][\/vc_column][vc_column width=&#8221;1\/3&#8243; css=&#8221;.vc_custom_1499681272384{padding-top: -30px !important;}&#8221;][\/vc_column][vc_column width=&#8221;1\/3&#8243;][\/vc_column][\/vc_row][vc_row full_width=&#8221;stretch_row&#8221; css=&#8221;.vc_custom_1499682950804{padding-top: 20px !important;}&#8221;][vc_column][vc_single_image image=&#8221;27433&#8243; img_size=&#8221;large&#8221; css_animation=&#8221;fadeIn&#8221;][\/vc_column][\/vc_row][vc_row css=&#8221;.vc_custom_1499682981781{padding-top: 20px !important;}&#8221;][vc_column width=&#8221;1\/4&#8243;][vc_single_image image=&#8221;27439&#8243; img_size=&#8221;250&#215;382&#8243;][\/vc_column][vc_column width=&#8221;3\/4&#8243;][vc_column_text]Base\u00e1mos o nosso sonho no poema de Sebasti\u00e3o da Gama \u201cPelo sonho \u00e9 que vamos\u201d. Em 1995,<\/p>\n","protected":false},"author":1,"featured_media":0,"parent":0,"menu_order":0,"comment_status":"closed","ping_status":"closed","template":"","meta":{"footnotes":""},"class_list":["post-26937","page","type-page","status-publish","hentry"],"yoast_head":"<!-- This site is optimized with the Yoast SEO plugin v27.4 - https:\/\/yoast.com\/product\/yoast-seo-wordpress\/ -->\n<title>Hist\u00f3ria - Raiz<\/title>\n<meta name=\"description\" content=\"Base\u00e1mos o nosso sonho no poema de Sebasti\u00e3o da Gama \u201cPelo sonho \u00e9 que vamos\u201d. Fomos aos EUA estudar modelos.\" \/>\n<meta name=\"robots\" content=\"index, follow, max-snippet:-1, max-image-preview:large, max-video-preview:-1\" \/>\n<link rel=\"canonical\" href=\"https:\/\/escolaraiz.pt\/pt\/historia\/\" \/>\n<meta name=\"twitter:card\" content=\"summary_large_image\" \/>\n<meta name=\"twitter:title\" content=\"Hist\u00f3ria - Raiz\" \/>\n<meta name=\"twitter:description\" content=\"Base\u00e1mos o nosso sonho no poema de Sebasti\u00e3o da Gama \u201cPelo sonho \u00e9 que vamos\u201d. Fomos aos EUA estudar modelos.\" \/>\n<meta name=\"twitter:label1\" content=\"Tempo estimado de leitura\" \/>\n\t<meta name=\"twitter:data1\" content=\"6 minutos\" \/>\n<script type=\"application\/ld+json\" class=\"yoast-schema-graph\">{\"@context\":\"https:\\\/\\\/schema.org\",\"@graph\":[{\"@type\":\"WebPage\",\"@id\":\"https:\\\/\\\/escolaraiz.pt\\\/pt\\\/historia\\\/\",\"url\":\"https:\\\/\\\/escolaraiz.pt\\\/pt\\\/historia\\\/\",\"name\":\"Hist\u00f3ria - Raiz\",\"isPartOf\":{\"@id\":\"https:\\\/\\\/escolaraiz.pt\\\/pt\\\/#website\"},\"datePublished\":\"2017-05-29T11:11:00+00:00\",\"dateModified\":\"2025-05-28T14:27:37+00:00\",\"description\":\"Base\u00e1mos o nosso sonho no poema de Sebasti\u00e3o da Gama \u201cPelo sonho \u00e9 que vamos\u201d. Fomos aos EUA estudar modelos.\",\"breadcrumb\":{\"@id\":\"https:\\\/\\\/escolaraiz.pt\\\/pt\\\/historia\\\/#breadcrumb\"},\"inLanguage\":\"pt-PT\",\"potentialAction\":[{\"@type\":\"ReadAction\",\"target\":[\"https:\\\/\\\/escolaraiz.pt\\\/pt\\\/historia\\\/\"]}]},{\"@type\":\"BreadcrumbList\",\"@id\":\"https:\\\/\\\/escolaraiz.pt\\\/pt\\\/historia\\\/#breadcrumb\",\"itemListElement\":[{\"@type\":\"ListItem\",\"position\":1,\"name\":\"In\u00edcio\",\"item\":\"https:\\\/\\\/escolaraiz.pt\\\/pt\\\/\"},{\"@type\":\"ListItem\",\"position\":2,\"name\":\"Hist\u00f3ria\"}]},{\"@type\":\"WebSite\",\"@id\":\"https:\\\/\\\/escolaraiz.pt\\\/pt\\\/#website\",\"url\":\"https:\\\/\\\/escolaraiz.pt\\\/pt\\\/\",\"name\":\"Raiz\",\"description\":\"Active Learning School\",\"potentialAction\":[{\"@type\":\"SearchAction\",\"target\":{\"@type\":\"EntryPoint\",\"urlTemplate\":\"https:\\\/\\\/escolaraiz.pt\\\/pt\\\/?s={search_term_string}\"},\"query-input\":{\"@type\":\"PropertyValueSpecification\",\"valueRequired\":true,\"valueName\":\"search_term_string\"}}],\"inLanguage\":\"pt-PT\"}]}<\/script>\n<!-- \/ Yoast SEO plugin. -->","yoast_head_json":{"title":"Hist\u00f3ria - Raiz","description":"Base\u00e1mos o nosso sonho no poema de Sebasti\u00e3o da Gama \u201cPelo sonho \u00e9 que vamos\u201d. Fomos aos EUA estudar modelos.","robots":{"index":"index","follow":"follow","max-snippet":"max-snippet:-1","max-image-preview":"max-image-preview:large","max-video-preview":"max-video-preview:-1"},"canonical":"https:\/\/escolaraiz.pt\/pt\/historia\/","twitter_card":"summary_large_image","twitter_title":"Hist\u00f3ria - Raiz","twitter_description":"Base\u00e1mos o nosso sonho no poema de Sebasti\u00e3o da Gama \u201cPelo sonho \u00e9 que vamos\u201d. Fomos aos EUA estudar modelos.","twitter_misc":{"Tempo estimado de leitura":"6 minutos"},"schema":{"@context":"https:\/\/schema.org","@graph":[{"@type":"WebPage","@id":"https:\/\/escolaraiz.pt\/pt\/historia\/","url":"https:\/\/escolaraiz.pt\/pt\/historia\/","name":"Hist\u00f3ria - Raiz","isPartOf":{"@id":"https:\/\/escolaraiz.pt\/pt\/#website"},"datePublished":"2017-05-29T11:11:00+00:00","dateModified":"2025-05-28T14:27:37+00:00","description":"Base\u00e1mos o nosso sonho no poema de Sebasti\u00e3o da Gama \u201cPelo sonho \u00e9 que vamos\u201d. Fomos aos EUA estudar modelos.","breadcrumb":{"@id":"https:\/\/escolaraiz.pt\/pt\/historia\/#breadcrumb"},"inLanguage":"pt-PT","potentialAction":[{"@type":"ReadAction","target":["https:\/\/escolaraiz.pt\/pt\/historia\/"]}]},{"@type":"BreadcrumbList","@id":"https:\/\/escolaraiz.pt\/pt\/historia\/#breadcrumb","itemListElement":[{"@type":"ListItem","position":1,"name":"In\u00edcio","item":"https:\/\/escolaraiz.pt\/pt\/"},{"@type":"ListItem","position":2,"name":"Hist\u00f3ria"}]},{"@type":"WebSite","@id":"https:\/\/escolaraiz.pt\/pt\/#website","url":"https:\/\/escolaraiz.pt\/pt\/","name":"Raiz","description":"Active Learning School","potentialAction":[{"@type":"SearchAction","target":{"@type":"EntryPoint","urlTemplate":"https:\/\/escolaraiz.pt\/pt\/?s={search_term_string}"},"query-input":{"@type":"PropertyValueSpecification","valueRequired":true,"valueName":"search_term_string"}}],"inLanguage":"pt-PT"}]}},"_links":{"self":[{"href":"https:\/\/escolaraiz.pt\/pt\/wp-json\/wp\/v2\/pages\/26937","targetHints":{"allow":["GET"]}}],"collection":[{"href":"https:\/\/escolaraiz.pt\/pt\/wp-json\/wp\/v2\/pages"}],"about":[{"href":"https:\/\/escolaraiz.pt\/pt\/wp-json\/wp\/v2\/types\/page"}],"author":[{"embeddable":true,"href":"https:\/\/escolaraiz.pt\/pt\/wp-json\/wp\/v2\/users\/1"}],"replies":[{"embeddable":true,"href":"https:\/\/escolaraiz.pt\/pt\/wp-json\/wp\/v2\/comments?post=26937"}],"version-history":[{"count":14,"href":"https:\/\/escolaraiz.pt\/pt\/wp-json\/wp\/v2\/pages\/26937\/revisions"}],"predecessor-version":[{"id":30899,"href":"https:\/\/escolaraiz.pt\/pt\/wp-json\/wp\/v2\/pages\/26937\/revisions\/30899"}],"wp:attachment":[{"href":"https:\/\/escolaraiz.pt\/pt\/wp-json\/wp\/v2\/media?parent=26937"}],"curies":[{"name":"wp","href":"https:\/\/api.w.org\/{rel}","templated":true}]}}