{"id":27133,"date":"2017-05-30T10:25:58","date_gmt":"2017-05-30T10:25:58","guid":{"rendered":"https:\/\/escolaraiz.pt\/en\/?page_id=27133"},"modified":"2025-08-21T18:06:10","modified_gmt":"2025-08-21T18:06:10","slug":"partnerships","status":"publish","type":"page","link":"https:\/\/escolaraiz.pt\/en\/partnerships\/","title":{"rendered":"Partnerships"},"content":{"rendered":"<div class=\"wpb-content-wrapper\"><p>[vc_row css=&#8221;.vc_custom_1483088684231{padding-top: 40px !important;}&#8221;][vc_column][vc_single_image image=&#8221;31311&#8243; img_size=&#8221;full&#8221; css=&#8221;&#8221;][vc_column_text css=&#8221;&#8221;]We choose our partners with care and detail and regularly reassess the results so that we can provide our community with the best services.[\/vc_column_text][\/vc_column][\/vc_row][vc_row][vc_column width=&#8221;1\/2&#8243;]<div id=\"mpc_connected_icons-26a0933b7bdee1\" class=\"mpc-connected-icons mpc-init mpc-transition \"  data-ci-cols=\"4\" data-target=\"icon\" data-layout=\"vertical\"><div class=\"mpc-connected-icons__line\"><span><\/span><\/div><div data-id=\"mpc_icon_column-236a0933b7be036\" class=\"mpc-icon-column mpc-init mpc-parent-hover mpc-transition mpc-icon-column--style_5 mpc-align--right \" ><div data-id=\"mpc_icon-966a0933b7be09b\" class=\"mpc-icon mpc-init mpc-transition mpc-effect-none mpc-icon-hover \"><div class=\"mpc-icon-wrap\"><i class=\"mpc-icon-part mpc-regular mpc-transition  fa fa-angle-left\"><\/i><i class=\"mpc-icon-part mpc-hover mpc-transition  fa fa-angle-left\"><\/i><\/div><\/div><div class=\"mpc-icon-column__content-wrap\"><div class=\"mpc-icon-column__content\"><h3 class=\"mpc-icon-column__heading mpc-transition\">HighScope Educational and Research Foundation<\/h3><div class=\"mpc-icon-column__description mpc-transition\"><p>In Portugal, Raiz is <span style=\"color: #000000;\"><strong><a style=\"color: #000000;\" href=\"https:\/\/highscopeportugal.org\/\" target=\"_blank\" rel=\"noopener\">HighScope Portugal Association\u2019s<\/a><\/strong><\/span> model school and works closely with the HighScope Foundation, which develops the HighScope curriculum. Raiz is part of the international network of HighScope schools.<\/p>\n<\/div><\/div><\/div><\/div><div data-id=\"mpc_icon_column-56a0933b7be190\" class=\"mpc-icon-column mpc-init mpc-parent-hover mpc-transition mpc-icon-column--style_5 mpc-align--right \" ><div data-id=\"mpc_icon-616a0933b7be1ec\" class=\"mpc-icon mpc-init mpc-transition mpc-effect-none mpc-icon-hover \"><div class=\"mpc-icon-wrap\"><i class=\"mpc-icon-part mpc-regular mpc-transition  fa fa-angle-left\"><\/i><i class=\"mpc-icon-part mpc-hover mpc-transition  fa fa-angle-left\"><\/i><\/div><\/div><div class=\"mpc-icon-column__content-wrap\"><div class=\"mpc-icon-column__content\"><h3 class=\"mpc-icon-column__heading mpc-transition\">Lisbon Metropolitan Orchestra<\/h3><div class=\"mpc-icon-column__description mpc-transition\"><p>Partnership with daily work at the school.<\/p>\n<p><span style=\"color: #000000;\"><strong><a style=\"color: #000000;\" href=\"https:\/\/www.metropolitana.pt\/\" target=\"_blank\" rel=\"noopener\">Lisbon Metropolitan Orchestra<\/a><\/strong><\/span><\/p>\n<\/div><\/div><\/div><\/div><div data-id=\"mpc_icon_column-606a0933b7be2a6\" class=\"mpc-icon-column mpc-init mpc-parent-hover mpc-transition mpc-icon-column--style_5 mpc-align--right \" ><div data-id=\"mpc_icon-306a0933b7be30a\" class=\"mpc-icon mpc-init mpc-transition mpc-effect-none mpc-icon-hover \"><div class=\"mpc-icon-wrap\"><i class=\"mpc-icon-part mpc-regular mpc-transition  fa fa-angle-left\"><\/i><i class=\"mpc-icon-part mpc-hover mpc-transition  fa fa-angle-left\"><\/i><\/div><\/div><div class=\"mpc-icon-column__content-wrap\"><div class=\"mpc-icon-column__content\"><h3 class=\"mpc-icon-column__heading mpc-transition\">Refood<\/h3><div class=\"mpc-icon-column__description mpc-transition\"><p>Raiz is concerned with food waste, so whenever food is left over, even at our parties, Raiz relies on <span style=\"color: #000000;\"><strong><a style=\"color: #000000;\" href=\"https:\/\/re-food.org\/\" target=\"_blank\" rel=\"noopener\">Refood<\/a><\/strong><\/span> for its reuse.<\/p>\n<\/div><\/div><\/div><\/div><div data-id=\"mpc_icon_column-126a0933b7be3ba\" class=\"mpc-icon-column mpc-init mpc-parent-hover mpc-transition mpc-icon-column--style_5 mpc-align--right \" ><div data-id=\"mpc_icon-726a0933b7be3f7\" class=\"mpc-icon mpc-init mpc-transition mpc-effect-none mpc-icon-hover \"><div class=\"mpc-icon-wrap\"><i class=\"mpc-icon-part mpc-regular mpc-transition  fa fa-angle-left\"><\/i><i class=\"mpc-icon-part mpc-hover mpc-transition  fa fa-angle-left\"><\/i><\/div><\/div><div class=\"mpc-icon-column__content-wrap\"><div class=\"mpc-icon-column__content\"><h3 class=\"mpc-icon-column__heading mpc-transition\">Caselas Futebol Clube<\/h3><div class=\"mpc-icon-column__description mpc-transition\"><p>Physical Education classes are mostly held in the Caselas Futebol Clube sports hall and its outdoor field so that children can enjoy the complementarity of these two spaces. The Raiz bus ensures door-to-door transportation.<\/p>\n<\/div><\/div><\/div><\/div><div data-id=\"mpc_icon_column-236a0933b7be4ab\" class=\"mpc-icon-column mpc-init mpc-parent-hover mpc-transition mpc-icon-column--style_5 mpc-align--right \" ><div data-id=\"mpc_icon-756a0933b7be4e0\" class=\"mpc-icon mpc-init mpc-transition mpc-effect-none mpc-icon-hover \"><div class=\"mpc-icon-wrap\"><i class=\"mpc-icon-part mpc-regular mpc-transition  fa fa-angle-left\"><\/i><i class=\"mpc-icon-part mpc-hover mpc-transition  fa fa-angle-left\"><\/i><\/div><\/div><div class=\"mpc-icon-column__content-wrap\"><div class=\"mpc-icon-column__content\"><h3 class=\"mpc-icon-column__heading mpc-transition\">MIllenniumBCP<\/h3><div class=\"mpc-icon-column__description mpc-transition\"><p><span style=\"color: #000000;\"><strong><a style=\"color: #000000;\" href=\"https:\/\/www.millenniumbcp.pt\/\" target=\"_blank\" rel=\"noopener\">Millennium BCP<\/a><\/strong><\/span> has been a partner since Raiz first started.<\/p>\n<\/div><\/div><\/div><\/div><div data-id=\"mpc_icon_column-26a0933b7be5b1\" class=\"mpc-icon-column mpc-init mpc-parent-hover mpc-transition mpc-icon-column--style_5 mpc-align--right \" ><div data-id=\"mpc_icon-536a0933b7be5ec\" class=\"mpc-icon mpc-init mpc-transition mpc-effect-none mpc-icon-hover \"><div class=\"mpc-icon-wrap\"><i class=\"mpc-icon-part mpc-regular mpc-transition  fa fa-angle-left\"><\/i><i class=\"mpc-icon-part mpc-hover mpc-transition  fa fa-angle-left\"><\/i><\/div><\/div><div class=\"mpc-icon-column__content-wrap\"><div class=\"mpc-icon-column__content\"><h3 class=\"mpc-icon-column__heading mpc-transition\">Sport Alg\u00e9s e Dafundo<\/h3><div class=\"mpc-icon-column__description mpc-transition\"><p>We have a Beginner or Advanced Sailing course held during the summer.<\/p>\n<p><span style=\"color: #000000;\"><strong><a style=\"color: #000000;\" href=\"https:\/\/www.sportalgesedafundo.com\/\" target=\"_blank\" rel=\"noopener\">Sport Alg\u00e9s e Dafundo<\/a><\/strong><\/span><\/p>\n<\/div><\/div><\/div><\/div><div data-id=\"mpc_icon_column-956a0933b7be6aa\" class=\"mpc-icon-column mpc-init mpc-parent-hover mpc-transition mpc-icon-column--style_5 mpc-align--right \" ><div data-id=\"mpc_icon-946a0933b7be6e0\" class=\"mpc-icon mpc-init mpc-transition mpc-effect-none mpc-icon-hover \"><div class=\"mpc-icon-wrap\"><i class=\"mpc-icon-part mpc-regular mpc-transition  fa fa-angle-left\"><\/i><i class=\"mpc-icon-part mpc-hover mpc-transition  fa fa-angle-left\"><\/i><\/div><\/div><div class=\"mpc-icon-column__content-wrap\"><div class=\"mpc-icon-column__content\"><h3 class=\"mpc-icon-column__heading mpc-transition\">The Inventors<\/h3><div class=\"mpc-icon-column__description mpc-transition\"><p>Raiz has a daily partnership on its premises with <span style=\"color: #000000;\"><strong><a style=\"color: #000000;\" href=\"https:\/\/theinventors.io\/\" target=\"_blank\" rel=\"noopener\">The Inventors<\/a><\/strong><\/span> &#8211; a school program that introduces children to 21<sup>st<\/sup> century skills and tools. The program is developed on a project basis where students are given the freedom to explore and create. Programming, electronics, robotics, design, rapid prototyping tools, animation, and more are covered.<\/p>\n<\/div><\/div><\/div><\/div><div data-id=\"mpc_icon_column-56a0933b7be79a\" class=\"mpc-icon-column mpc-init mpc-parent-hover mpc-transition mpc-icon-column--style_5 mpc-align--right \" ><div data-id=\"mpc_icon-216a0933b7be7cf\" class=\"mpc-icon mpc-init mpc-transition mpc-effect-none mpc-icon-hover \"><div class=\"mpc-icon-wrap\"><i class=\"mpc-icon-part mpc-regular mpc-transition  fa fa-angle-left\"><\/i><i class=\"mpc-icon-part mpc-hover mpc-transition  fa fa-angle-left\"><\/i><\/div><\/div><div class=\"mpc-icon-column__content-wrap\"><div class=\"mpc-icon-column__content\"><h3 class=\"mpc-icon-column__heading mpc-transition\">Escola Superior de Educa\u00e7\u00e3o Maria Ulrich<\/h3><div class=\"mpc-icon-column__description mpc-transition\"><p>Raiz provides internships to <span style=\"color: #000000;\"><strong><a style=\"color: #000000;\" href=\"https:\/\/www.epps.pt\/sobre-maria-ulrich\" target=\"_blank\" rel=\"noopener\">Escola Maria Ulrich<\/a><\/strong><\/span>\u00a0students, according to the protocol signed between both institutions.<\/p>\n<\/div><\/div><\/div><\/div><div data-id=\"mpc_icon_column-136a0933b7be884\" class=\"mpc-icon-column mpc-init mpc-parent-hover mpc-transition mpc-icon-column--style_5 mpc-align--right \" ><div data-id=\"mpc_icon-166a0933b7be8ba\" class=\"mpc-icon mpc-init mpc-transition mpc-effect-none mpc-icon-hover \"><div class=\"mpc-icon-wrap\"><i class=\"mpc-icon-part mpc-regular mpc-transition  fa fa-angle-left\"><\/i><i class=\"mpc-icon-part mpc-hover mpc-transition  fa fa-angle-left\"><\/i><\/div><\/div><div class=\"mpc-icon-column__content-wrap\"><div class=\"mpc-icon-column__content\"><h3 class=\"mpc-icon-column__heading mpc-transition\">ISEC Lisboa - Instituto Superior de Educa\u00e7\u00e3o e Ci\u00eancias<\/h3><div class=\"mpc-icon-column__description mpc-transition\"><p><span style=\"font-weight: 400;\">Raiz provides internships to <span style=\"color: #000000;\"><strong><a style=\"color: #000000;\" href=\"https:\/\/www.iseclisboa.pt\/\" target=\"_blank\" rel=\"noopener\">ISEC<\/a><\/strong><\/span> students, according to the protocol signed between both institutions.<\/span><\/p>\n<\/div><\/div><\/div><\/div><\/div>[\/vc_column][vc_column width=&#8221;1\/2&#8243;]<div id=\"mpc_connected_icons-796a0933b7be94c\" class=\"mpc-connected-icons mpc-init mpc-transition \"  data-ci-cols=\"4\" data-target=\"icon\" data-layout=\"vertical\"><div class=\"mpc-connected-icons__line\"><span><\/span><\/div><div data-id=\"mpc_icon_column-726a0933b7bea58\" class=\"mpc-icon-column mpc-init mpc-parent-hover mpc-transition mpc-icon-column--style_3 mpc-align--left \" ><div data-id=\"mpc_icon-16a0933b7bea91\" class=\"mpc-icon mpc-init mpc-transition mpc-effect-none mpc-icon-hover \"><div class=\"mpc-icon-wrap\"><i class=\"mpc-icon-part mpc-regular mpc-transition  fa fa-angle-right\"><\/i><i class=\"mpc-icon-part mpc-hover mpc-transition  fa fa-angle-right\"><\/i><\/div><\/div><div class=\"mpc-icon-column__content-wrap\"><div class=\"mpc-icon-column__content\"><h3 class=\"mpc-icon-column__heading mpc-transition\">INSTITUTO SUPERIOR PSICOLOGIA APLICADA (ISPA) - HIGHER INSTITUTE OF APPLIED PSYCHOLOGY<\/h3><div class=\"mpc-icon-column__description mpc-transition\"><p>Raiz provides internships to <span style=\"color: #000000;\"><strong><a style=\"color: #000000;\" href=\"https:\/\/www.ispa.pt\/\" target=\"_blank\" rel=\"noopener\">ISPA<\/a><\/strong><\/span> students, according to the protocol signed between both institutions.<\/p>\n<\/div><\/div><\/div><\/div><div data-id=\"mpc_icon_column-316a0933b7beb40\" class=\"mpc-icon-column mpc-init mpc-parent-hover mpc-transition mpc-icon-column--style_3 mpc-align--left \" ><div data-id=\"mpc_icon-96a0933b7beb73\" class=\"mpc-icon mpc-init mpc-transition mpc-effect-none mpc-icon-hover \"><div class=\"mpc-icon-wrap\"><i class=\"mpc-icon-part mpc-regular mpc-transition  fa fa-angle-right\"><\/i><i class=\"mpc-icon-part mpc-hover mpc-transition  fa fa-angle-right\"><\/i><\/div><\/div><div class=\"mpc-icon-column__content-wrap\"><div class=\"mpc-icon-column__content\"><h3 class=\"mpc-icon-column__heading mpc-transition\">APIS<\/h3><div class=\"mpc-icon-column__description mpc-transition\"><p><span style=\"color: #000000;\"><strong><a style=\"color: #000000;\" href=\"https:\/\/www.apis.pt\/\" target=\"_blank\" rel=\"noopener\">Portuguese Association of First Aid Instructors<\/a><\/strong><\/span> holds regular training to maintain a specialized team to act in any emergency.<\/p>\n<\/div><\/div><\/div><\/div><div data-id=\"mpc_icon_column-956a0933b7bec19\" class=\"mpc-icon-column mpc-init mpc-parent-hover mpc-transition mpc-icon-column--style_3 mpc-align--left \" ><div data-id=\"mpc_icon-486a0933b7bec4b\" class=\"mpc-icon mpc-init mpc-transition mpc-effect-none mpc-icon-hover \"><div class=\"mpc-icon-wrap\"><i class=\"mpc-icon-part mpc-regular mpc-transition  fa fa-angle-right\"><\/i><i class=\"mpc-icon-part mpc-hover mpc-transition  fa fa-angle-right\"><\/i><\/div><\/div><div class=\"mpc-icon-column__content-wrap\"><div class=\"mpc-icon-column__content\"><h3 class=\"mpc-icon-column__heading mpc-transition\">Joaquim Chaves Health Club<\/h3><div class=\"mpc-icon-column__description mpc-transition\"><p>Physical exercise is, nowadays, one of the most decisive activities to prevent a wide range of diseases and other constraints to the proper functioning of the human body. Raiz has established a protocol with <span style=\"color: #000000;\"><strong><a style=\"color: #000000;\" href=\"https:\/\/fitness.jcs.pt\/\" target=\"_blank\" rel=\"noopener\">Joaquim Chaves Health Club<\/a><\/strong><\/span> that provides employees, parents, and students with the practice of physical exercise in optimal conditions. We trust the facilities\u2019 quality and specificity for the different types of classes, the duly qualified instructors who direct all types of activities, and the quality of the environment that characterizes the entire operation at JCHC.<\/p>\n<\/div><\/div><\/div><\/div><div data-id=\"mpc_icon_column-536a0933b7becf3\" class=\"mpc-icon-column mpc-init mpc-parent-hover mpc-transition mpc-icon-column--style_3 mpc-align--left \" ><div data-id=\"mpc_icon-116a0933b7bed25\" class=\"mpc-icon mpc-init mpc-transition mpc-effect-none mpc-icon-hover \"><div class=\"mpc-icon-wrap\"><i class=\"mpc-icon-part mpc-regular mpc-transition  fa fa-angle-right\"><\/i><i class=\"mpc-icon-part mpc-hover mpc-transition  fa fa-angle-right\"><\/i><\/div><\/div><div class=\"mpc-icon-column__content-wrap\"><div class=\"mpc-icon-column__content\"><h3 class=\"mpc-icon-column__heading mpc-transition\">OS BELENENSES (BASKETBALL)<\/h3><div class=\"mpc-icon-column__description mpc-transition\"><p>As a sponsor of the mini-basketball team of Os Belenenses, Raiz is particularly fond of this sport. In addition, our students can practice basketball at this club and participate in championships.<\/p>\n<\/div><\/div><\/div><\/div><div data-id=\"mpc_icon_column-496a0933b7bedd8\" class=\"mpc-icon-column mpc-init mpc-parent-hover mpc-transition mpc-icon-column--style_3 mpc-align--left \" ><div data-id=\"mpc_icon-26a0933b7bee0a\" class=\"mpc-icon mpc-init mpc-transition mpc-effect-none mpc-icon-hover \"><div class=\"mpc-icon-wrap\"><i class=\"mpc-icon-part mpc-regular mpc-transition  fa fa-angle-right\"><\/i><i class=\"mpc-icon-part mpc-hover mpc-transition  fa fa-angle-right\"><\/i><\/div><\/div><div class=\"mpc-icon-column__content-wrap\"><div class=\"mpc-icon-column__content\"><h3 class=\"mpc-icon-column__heading mpc-transition\">Kids and Nits<\/h3><div class=\"mpc-icon-column__description mpc-transition\"><p><span style=\"color: #000000;\"><strong><a style=\"color: #000000;\" href=\"https:\/\/www.kidsandnits.pt\/\" target=\"_blank\" rel=\"noopener\">Kids and Nits and Goodbye Lice!<\/a><\/strong><\/span> \u00ae is an international network of Pediculosis Clinics focused on eliminating head lice and nits from children and adults\u2019 heads. This partnership brings very advantageous discounts for Raiz\u2019s families and the diagnosis, by specialized technicians, at the school.<\/p>\n<\/div><\/div><\/div><\/div><div data-id=\"mpc_icon_column-156a0933b7beeb0\" class=\"mpc-icon-column mpc-init mpc-parent-hover mpc-transition mpc-icon-column--style_3 mpc-align--left \" ><div data-id=\"mpc_icon-386a0933b7beee1\" class=\"mpc-icon mpc-init mpc-transition mpc-effect-none mpc-icon-hover \"><div class=\"mpc-icon-wrap\"><i class=\"mpc-icon-part mpc-regular mpc-transition  fa fa-angle-right\"><\/i><i class=\"mpc-icon-part mpc-hover mpc-transition  fa fa-angle-right\"><\/i><\/div><\/div><div class=\"mpc-icon-column__content-wrap\"><div class=\"mpc-icon-column__content\"><h3 class=\"mpc-icon-column__heading mpc-transition\">Champalimaud Foundation<\/h3><div class=\"mpc-icon-column__description mpc-transition\"><p><span style=\"color: #000000;\"><strong><a style=\"color: #000000;\" href=\"https:\/\/www.fchampalimaud.org\/pt-pt\" target=\"_blank\" rel=\"noopener\">Champalimaud Foundation\u2019s<\/a><\/strong><\/span> employees have a 25% discount on registration, 10% on tuition, and do not pay overtime.<\/p>\n<\/div><\/div><\/div><\/div><div data-id=\"mpc_icon_column-176a0933b7bef83\" class=\"mpc-icon-column mpc-init mpc-parent-hover mpc-transition mpc-icon-column--style_3 mpc-align--left \" ><div data-id=\"mpc_icon-56a0933b7befba\" class=\"mpc-icon mpc-init mpc-transition mpc-effect-none mpc-icon-hover \"><div class=\"mpc-icon-wrap\"><i class=\"mpc-icon-part mpc-regular mpc-transition  fa fa-angle-right\"><\/i><i class=\"mpc-icon-part mpc-hover mpc-transition  fa fa-angle-right\"><\/i><\/div><\/div><div class=\"mpc-icon-column__content-wrap\"><div class=\"mpc-icon-column__content\"><h3 class=\"mpc-icon-column__heading mpc-transition\">Vitamina P<\/h3><div class=\"mpc-icon-column__description mpc-transition\"><p><span style=\"font-weight: 400;\"><span style=\"color: #000000;\"><strong><a style=\"color: #000000;\" href=\"https:\/\/vitaminap.pt\/pt\/\" target=\"_blank\" rel=\"noopener\">Vitamina P<\/a><\/strong><\/span> is a Psychology, Health, and Well-being Clinic. Raiz students benefit from a discount.<\/span><\/p>\n<p>&nbsp;<\/p>\n<\/div><\/div><\/div><\/div><div data-id=\"mpc_icon_column-586a0933b7bf063\" class=\"mpc-icon-column mpc-init mpc-parent-hover mpc-transition mpc-icon-column--style_3 mpc-align--left \" ><div data-id=\"mpc_icon-206a0933b7bf093\" class=\"mpc-icon mpc-init mpc-transition mpc-effect-none mpc-icon-hover \"><div class=\"mpc-icon-wrap\"><i class=\"mpc-icon-part mpc-regular mpc-transition  fa fa-angle-right\"><\/i><i class=\"mpc-icon-part mpc-hover mpc-transition  fa fa-angle-right\"><\/i><\/div><\/div><div class=\"mpc-icon-column__content-wrap\"><div class=\"mpc-icon-column__content\"><h3 class=\"mpc-icon-column__heading mpc-transition\">ESE Lisboa - Escola Superior de Educa\u00e7\u00e3o de Lisboa<\/h3><div class=\"mpc-icon-column__description mpc-transition\"><p><span style=\"font-weight: 400;\">Raiz provides internships to <span style=\"color: #000000;\"><strong><a style=\"color: #000000;\" href=\"https:\/\/www.eselx.ipl.pt\/\" target=\"_blank\" rel=\"noopener\">ESE<\/a><\/strong><\/span> students, according to the protocol signed between both institutions.<\/span><\/p>\n<p>&nbsp;<\/p>\n<p>&nbsp;<\/p>\n<\/div><\/div><\/div><\/div><\/div>[\/vc_column][\/vc_row][vc_row][vc_column][vc_empty_space height=&#8221;60px&#8221;][\/vc_column][\/vc_row][vc_row full_width=&#8221;stretch_row&#8221; css=&#8221;.vc_custom_1481244682605{padding-top: 20px !important;padding-bottom: 40px !important;background-color: #00457c !important;}&#8221;][vc_column][vc_single_image image=&#8221;30834&#8243; img_size=&#8221;large&#8221; alignment=&#8221;center&#8221; onclick=&#8221;custom_link&#8221; css_animation=&#8221;fadeIn&#8221; css=&#8221;.vc_custom_1754059355401{background-color: #00457c !important;}&#8221; link=&#8221;https:\/\/escolaraiz.pt\/en\/contacts\/&#8221;][\/vc_column][\/vc_row]<\/p>\n<\/div>","protected":false},"excerpt":{"rendered":"<p>[vc_row css=&#8221;.vc_custom_1483088684231{padding-top: 40px !important;}&#8221;][vc_column][vc_single_image image=&#8221;31311&#8243; img_size=&#8221;full&#8221; css=&#8221;&#8221;][vc_column_text css=&#8221;&#8221;]We choose our partners with care and detail and regularly reassess the results so that we can provide our community with the best services.[\/vc_column_text][\/vc_column][\/vc_row][vc_row][vc_column width=&#8221;1\/2&#8243;][\/vc_column][vc_column width=&#8221;1\/2&#8243;][\/vc_column][\/vc_row][vc_row][vc_column][vc_empty_space height=&#8221;60px&#8221;][\/vc_column][\/vc_row][vc_row full_width=&#8221;stretch_row&#8221; css=&#8221;.vc_custom_1481244682605{padding-top: 20px !important;padding-bottom: 40px !important;background-color: #00457c !important;}&#8221;][vc_column][vc_single_image image=&#8221;30834&#8243; img_size=&#8221;large&#8221; alignment=&#8221;center&#8221; onclick=&#8221;custom_link&#8221; css_animation=&#8221;fadeIn&#8221; css=&#8221;.vc_custom_1754059355401{background-color: #00457c !important;}&#8221; link=&#8221;https:\/\/escolaraiz.pt\/en\/contacts\/&#8221;][\/vc_column][\/vc_row]<\/p>\n","protected":false},"author":1,"featured_media":0,"parent":0,"menu_order":0,"comment_status":"closed","ping_status":"closed","template":"","meta":{"footnotes":""},"class_list":["post-27133","page","type-page","status-publish","hentry"],"yoast_head":"<!-- This site is optimized with the Yoast SEO plugin v27.6 - https:\/\/yoast.com\/product\/yoast-seo-wordpress\/ -->\n<title>Partnerships - Raiz<\/title>\n<meta name=\"description\" content=\"We choose our partners with care and detail and regularly reassess the results so that we can provide our community with the best services.\" \/>\n<meta name=\"robots\" content=\"index, follow, max-snippet:-1, max-image-preview:large, max-video-preview:-1\" \/>\n<link rel=\"canonical\" href=\"https:\/\/escolaraiz.pt\/en\/partnerships\/\" \/>\n<meta name=\"twitter:card\" content=\"summary_large_image\" \/>\n<meta name=\"twitter:title\" content=\"Partnerships\" \/>\n<meta name=\"twitter:description\" content=\"We choose our partners with care and detail and regularly reassess the results so that we can provide our community with the best services.\" \/>\n<meta name=\"twitter:image\" content=\"https:\/\/escolaraiz.pt\/en\/wp-content\/uploads\/2022\/11\/digital_art.jpg\" \/>\n<meta name=\"twitter:label1\" content=\"Tempo estimado de leitura\" \/>\n\t<meta name=\"twitter:data1\" content=\"8 minutos\" \/>\n<script type=\"application\/ld+json\" class=\"yoast-schema-graph\">{\"@context\":\"https:\\\/\\\/schema.org\",\"@graph\":[{\"@type\":\"WebPage\",\"@id\":\"https:\\\/\\\/escolaraiz.pt\\\/en\\\/partnerships\\\/\",\"url\":\"https:\\\/\\\/escolaraiz.pt\\\/en\\\/partnerships\\\/\",\"name\":\"Partnerships - Raiz\",\"isPartOf\":{\"@id\":\"https:\\\/\\\/escolaraiz.pt\\\/en\\\/#website\"},\"datePublished\":\"2017-05-30T10:25:58+00:00\",\"dateModified\":\"2025-08-21T18:06:10+00:00\",\"description\":\"We choose our partners with care and detail and regularly reassess the results so that we can provide our community with the best services.\",\"breadcrumb\":{\"@id\":\"https:\\\/\\\/escolaraiz.pt\\\/en\\\/partnerships\\\/#breadcrumb\"},\"inLanguage\":\"pt-PT\",\"potentialAction\":[{\"@type\":\"ReadAction\",\"target\":[\"https:\\\/\\\/escolaraiz.pt\\\/en\\\/partnerships\\\/\"]}]},{\"@type\":\"BreadcrumbList\",\"@id\":\"https:\\\/\\\/escolaraiz.pt\\\/en\\\/partnerships\\\/#breadcrumb\",\"itemListElement\":[{\"@type\":\"ListItem\",\"position\":1,\"name\":\"In\u00edcio\",\"item\":\"https:\\\/\\\/escolaraiz.pt\\\/en\\\/\"},{\"@type\":\"ListItem\",\"position\":2,\"name\":\"Partnerships\"}]},{\"@type\":\"WebSite\",\"@id\":\"https:\\\/\\\/escolaraiz.pt\\\/en\\\/#website\",\"url\":\"https:\\\/\\\/escolaraiz.pt\\\/en\\\/\",\"name\":\"Raiz\",\"description\":\"Active Learning School\",\"potentialAction\":[{\"@type\":\"SearchAction\",\"target\":{\"@type\":\"EntryPoint\",\"urlTemplate\":\"https:\\\/\\\/escolaraiz.pt\\\/en\\\/?s={search_term_string}\"},\"query-input\":{\"@type\":\"PropertyValueSpecification\",\"valueRequired\":true,\"valueName\":\"search_term_string\"}}],\"inLanguage\":\"pt-PT\"}]}<\/script>\n<!-- \/ Yoast SEO plugin. -->","yoast_head_json":{"title":"Partnerships - Raiz","description":"We choose our partners with care and detail and regularly reassess the results so that we can provide our community with the best services.","robots":{"index":"index","follow":"follow","max-snippet":"max-snippet:-1","max-image-preview":"max-image-preview:large","max-video-preview":"max-video-preview:-1"},"canonical":"https:\/\/escolaraiz.pt\/en\/partnerships\/","twitter_card":"summary_large_image","twitter_title":"Partnerships","twitter_description":"We choose our partners with care and detail and regularly reassess the results so that we can provide our community with the best services.","twitter_image":"https:\/\/escolaraiz.pt\/en\/wp-content\/uploads\/2022\/11\/digital_art.jpg","twitter_misc":{"Tempo estimado de leitura":"8 minutos"},"schema":{"@context":"https:\/\/schema.org","@graph":[{"@type":"WebPage","@id":"https:\/\/escolaraiz.pt\/en\/partnerships\/","url":"https:\/\/escolaraiz.pt\/en\/partnerships\/","name":"Partnerships - Raiz","isPartOf":{"@id":"https:\/\/escolaraiz.pt\/en\/#website"},"datePublished":"2017-05-30T10:25:58+00:00","dateModified":"2025-08-21T18:06:10+00:00","description":"We choose our partners with care and detail and regularly reassess the results so that we can provide our community with the best services.","breadcrumb":{"@id":"https:\/\/escolaraiz.pt\/en\/partnerships\/#breadcrumb"},"inLanguage":"pt-PT","potentialAction":[{"@type":"ReadAction","target":["https:\/\/escolaraiz.pt\/en\/partnerships\/"]}]},{"@type":"BreadcrumbList","@id":"https:\/\/escolaraiz.pt\/en\/partnerships\/#breadcrumb","itemListElement":[{"@type":"ListItem","position":1,"name":"In\u00edcio","item":"https:\/\/escolaraiz.pt\/en\/"},{"@type":"ListItem","position":2,"name":"Partnerships"}]},{"@type":"WebSite","@id":"https:\/\/escolaraiz.pt\/en\/#website","url":"https:\/\/escolaraiz.pt\/en\/","name":"Raiz","description":"Active Learning School","potentialAction":[{"@type":"SearchAction","target":{"@type":"EntryPoint","urlTemplate":"https:\/\/escolaraiz.pt\/en\/?s={search_term_string}"},"query-input":{"@type":"PropertyValueSpecification","valueRequired":true,"valueName":"search_term_string"}}],"inLanguage":"pt-PT"}]}},"_links":{"self":[{"href":"https:\/\/escolaraiz.pt\/en\/wp-json\/wp\/v2\/pages\/27133","targetHints":{"allow":["GET"]}}],"collection":[{"href":"https:\/\/escolaraiz.pt\/en\/wp-json\/wp\/v2\/pages"}],"about":[{"href":"https:\/\/escolaraiz.pt\/en\/wp-json\/wp\/v2\/types\/page"}],"author":[{"embeddable":true,"href":"https:\/\/escolaraiz.pt\/en\/wp-json\/wp\/v2\/users\/1"}],"replies":[{"embeddable":true,"href":"https:\/\/escolaraiz.pt\/en\/wp-json\/wp\/v2\/comments?post=27133"}],"version-history":[{"count":21,"href":"https:\/\/escolaraiz.pt\/en\/wp-json\/wp\/v2\/pages\/27133\/revisions"}],"predecessor-version":[{"id":31313,"href":"https:\/\/escolaraiz.pt\/en\/wp-json\/wp\/v2\/pages\/27133\/revisions\/31313"}],"wp:attachment":[{"href":"https:\/\/escolaraiz.pt\/en\/wp-json\/wp\/v2\/media?parent=27133"}],"curies":[{"name":"wp","href":"https:\/\/api.w.org\/{rel}","templated":true}]}}