{"id":27005,"date":"2017-05-29T13:42:30","date_gmt":"2017-05-29T13:42:30","guid":{"rendered":"https:\/\/escolaraiz.pt\/en\/?page_id=27005"},"modified":"2025-08-20T15:31:03","modified_gmt":"2025-08-20T15:31:03","slug":"mission","status":"publish","type":"page","link":"https:\/\/escolaraiz.pt\/en\/mission\/","title":{"rendered":"Mission"},"content":{"rendered":"<div class=\"wpb-content-wrapper\"><p>[vc_row full_width=&#8221;stretch_row&#8221;][vc_column][vc_empty_space][vc_column_text css=&#8221;&#8221;]<\/p>\n<h3><span style=\"color: #333399;\"><strong>To influence education in Portugal and in the world and give children tools to develop themselves sustainably.<\/strong><\/span><\/h3>\n<p>[\/vc_column_text][\/vc_column][\/vc_row][vc_row full_width=&#8221;stretch_row&#8221;][vc_column][vc_single_image image=&#8221;30840&#8243; img_size=&#8221;full&#8221;][\/vc_column][\/vc_row][vc_row][vc_column width=&#8221;1\/4&#8243;][vc_single_image image=&#8221;31156&#8243; img_size=&#8221;400&#215;500&#8243; css=&#8221;&#8221;][\/vc_column][vc_column width=&#8221;3\/4&#8243;][vc_column_text]Raiz International Active Learning School aims to impact education in Portugal and in the world through the imprint it leaves on its HighScope students, families, and teachers.<\/p>\n<p>Students, teachers, and families learn better when they do it through movement, through hands-on tasks, and through direct interactions with others and with the environment.[\/vc_column_text][vc_single_image image=&#8221;30841&#8243; img_size=&#8221;700&#215;91&#8243;][\/vc_column][\/vc_row][vc_row full_width=&#8221;stretch_row&#8221;][vc_column][vc_column_text]They then become adolescents and young adults, and at that point, wherever they study, they\u2019ll be more confident of their worth, their mission, and their ability to lead their own lives.[\/vc_column_text][vc_column_text css=&#8221;&#8221;]Our students develop creative, critical, mathematical, and systematic thinking and problem-solving skills by getting their hands dirty. Neither are they exposed to fractions or equations solely through a computer program, nor do they learn by listening to long, boring lectures. Instead, they start with real challenges that motivate them to learn content, they participate in workshops on specific content, they discuss the material with their classmates and teachers, and only then do they consolidate knowledge through worksheets, memorization techniques, and recap techniques. Technology is an integral part of this process, working as a facilitator in its most varied expressions. Are you surprised? That\u2019s a common feeling for people around the world before they experience HighScope. A school\u2019s mission is fundamental in an ever changing world. Through hard work, meaningful dialogue, and steadfast dedication, Raiz pursues institutional excellence, recognizing that this approach directly contributes to the success of its community.<\/p>\n<p>[\/vc_column_text][vc_column_text css=&#8221;&#8221;]The teaching-learning approach at Raiz prepares students for life, to respond to academic, personal, and social stimuli in a thoughtful and structured way. The learning process at Raiz has a great impact throughout one\u2019s life. <a href=\"https:\/\/highscope.org\/perry-preschool-project\/\">Perry Preschool\u2019s study<\/a>, conducted by HighScope throughout 50 years, shows extraordinary results when compared to the traditional teaching approach.<\/p>\n<p>[\/vc_column_text][vc_single_image image=&#8221;30843&#8243; img_size=&#8221;full&#8221;][vc_column_text]The digital world and artificial intelligence are revolutionizing our world and education is part of it. As such, they are represented in our school in the appropriate quantity and quality, so they enhance learning and promote interactions with the community and with the world. We are aware of the threats that come with technology and remain attentive to guarantee its success while preventing dysfunction in the learning process.<\/p>\n<p>For students to be creative and innovative, they need to live in a stimulating, simple, and peaceful environment, attentive to the details of daily life and focused on how each person can be special, individual, and unique. The support provided to each student during this process is crucial to their ability to accept errors, learn from them, and continue their journey.[\/vc_column_text][vc_single_image image=&#8221;30844&#8243; img_size=&#8221;full&#8221;][vc_column_text css=&#8221;&#8221;]Have you heard rhetorical questions on the radio or on social media right as your Monday begins, about how close you are to Friday? Expressions such as \u201cFriday is taking too long!\u201d Those who live this way, become stuck in the future. To live fully in the present is a challenge we all face, but we don\u2019t all have the tools to respond to it. Your child gains these tools at Raiz: they learn to direct their attention and focus, to become fully immersed in a topic, and to truly enjoy their day. On Monday, we experience Monday, and on Friday, we experience Friday while celebrating what we conquered that week. We also accept mistakes, live them with peace, set new goals, and move forward with peace of mind. As Steve Jobs said, we spend most of our lives working. How about we learn to make choices that are truly important for each of us?<\/p>\n<p>[\/vc_column_text][\/vc_column][\/vc_row][vc_row][vc_column][vc_single_image image=&#8221;30849&#8243; img_size=&#8221;250&#215;81&#8243; alignment=&#8221;center&#8221;][\/vc_column][\/vc_row][vc_row css=&#8221;.vc_custom_1483088684231{padding-top: 40px !important;}&#8221;][vc_column width=&#8221;1\/4&#8243;][vc_single_image image=&#8221;27474&#8243; img_size=&#8221;332&#215;486&#8243;][\/vc_column][vc_column width=&#8221;3\/4&#8243;][vc_column_text]Raiz International Active Learning School joyfully welcomes all nationalities with a desire to study in an international environment. Our current community has students from several different nationalities and welcomes more every year. The movement starts with one family who quickly spreads the word.[\/vc_column_text][vc_column_text]Our students are organized in groups according to their age and the proposed learning moments, so we can respond to the best international educational practices\u2019 index.[\/vc_column_text][vc_column_text]<span style=\"color: #333399;\"><strong>The educational community formed by families, students, and employees, lives in a positive and welcoming interaction environment, where each person has a very special place and where there is great respect for one\u2019s individuality and a great support from the community to each individual, according to their needs. It is a lively and successful sharing community. <\/strong><\/span>[\/vc_column_text][vc_column_text]The teaching-learning process is experienced by all and adapts to families\u2019 different life rhythms with greater or lesser schedule availability.[\/vc_column_text][vc_column_text]Parents are invited to participate in Parent Meetings with a group of guardians from the same class, where students and teachers share what\u2019s been going on in the classroom. Students share knowledge, conduct activities with parents, and show them the process through which they learn by doing. This clarifies to parents what their children are learning and how they may support them.[\/vc_column_text][vc_single_image image=&#8221;31289&#8243; img_size=&#8221;full&#8221; alignment=&#8221;center&#8221; css=&#8221;&#8221;][vc_column_text css=&#8221;&#8221;]In recent years, Raiz has greatly developed its international community. Families from different parts of the world and nationalities come to Raiz because of its diverse environment. This diversity of culture, ideas, and customs has been a huge asset for Portuguese children and for children of other nationalities. The integration of each new family is thought out in detail: there is a specific welcome program carried out over the first ninety days with several meetings. During these meetings, Raiz professionals share fundamental principles and experience active learning with the families. These are moments of interaction, fun, and integration that are very interesting for everyone. Throughout the year, families are invited to take part in day-to-day life, to observe the child in their context, and to take part in events and celebrations. The process of family socialization and integration is also taken care of by the educator or head teacher themselves, thereby promoting sharing between families.<\/p>\n<p>[\/vc_column_text][\/vc_column][\/vc_row][vc_row][vc_column][vc_single_image image=&#8221;30855&#8243; img_size=&#8221;250&#215;83&#8243; alignment=&#8221;center&#8221;][vc_column_text css=&#8221;&#8221;]<\/p>\n<p style=\"text-align: center;\">The school employs a significant number of people with high accreditation, including administrators, teachers and specialized educators, therapists, and psychologists, all of whom have been trained in HighScope. It has a non-pedagogical staff team, which is fully integrated in the process, thus forming a great Raiz family.<\/p>\n<p>[\/vc_column_text][\/vc_column][\/vc_row][vc_row][vc_column][vc_column_text]<\/p>\n<h3 style=\"text-align: center;\">Principals:<\/h3>\n<p>[\/vc_column_text][\/vc_column][\/vc_row][vc_row css=&#8221;.vc_custom_1499775647192{padding-top: 30px !important;padding-right: 150px !important;padding-bottom: 30px !important;padding-left: 150px !important;}&#8221;][vc_column width=&#8221;1\/3&#8243; alignment=&#8221;center&#8221;]<div data-id=\"mpc_image-426a0807fd012f6\" onclick=\"\" class=\"mpc-image mpc-init mpc-fullwidth \" ><div class=\"mpc-item mpc-transition\"><img decoding=\"async\" class=\"mpc-transition \" src=\"https:\/\/escolaraiz.pt\/en\/wp-content\/uploads\/2017\/05\/Staff-e-dire\u00e7\u00e3o_DSC_1471e-250x250.jpg\" width=\"250\" height=\"250\" alt=\"LUIS SILVEIRA RODRIGUES\" title=\"LUIS SILVEIRA RODRIGUES\" loading=\"lazy\" \/><\/div><\/div><div data-id=\"mpc_icon_column-436a0807fd013e3\" class=\"mpc-icon-column mpc-init mpc-parent-hover mpc-transition mpc-icon-column--style_1 mpc-align--center \" ><div class=\"mpc-icon-column__content-wrap\"><div class=\"mpc-icon-column__content\"><h3 class=\"mpc-icon-column__heading mpc-transition\">Luis Silveira Rodrigues<\/h3><\/div><\/div><\/div><div id=\"mpc_textblock-26a0807fd0144f\" class=\"mpc-textblock mpc-init \"><p style=\"text-align: center;\">Principal<\/p>\n<p>&nbsp;<\/p>\n<\/div>[\/vc_column][vc_column width=&#8221;1\/3&#8243; alignment=&#8221;center&#8221;]<div data-id=\"mpc_image-636a0807fd0194c\" onclick=\"\" class=\"mpc-image mpc-init mpc-fullwidth \" ><div class=\"mpc-item mpc-transition\"><img decoding=\"async\" class=\"mpc-transition \" src=\"https:\/\/escolaraiz.pt\/en\/wp-content\/uploads\/2017\/05\/Staff-e-dire\u00e7\u00e3o_DSC_1467e-400x400.jpg\" width=\"400\" height=\"400\" alt=\"MARGARIDA SILVEIRA RODRIGUES\" title=\"MARGARIDA SILVEIRA RODRIGUES\" loading=\"lazy\" \/><\/div><\/div><div data-id=\"mpc_icon_column-616a0807fd019dd\" class=\"mpc-icon-column mpc-init mpc-parent-hover mpc-transition mpc-icon-column--style_1 mpc-align--center \" ><div class=\"mpc-icon-column__content-wrap\"><div class=\"mpc-icon-column__content\"><h3 class=\"mpc-icon-column__heading mpc-transition\">Margarida Silveira Rodrigues<\/h3><\/div><\/div><\/div><div id=\"mpc_textblock-236a0807fd01a2c\" class=\"mpc-textblock mpc-init \"><p style=\"text-align: center;\">Principal<\/p>\n<\/div>[\/vc_column][vc_column width=&#8221;1\/3&#8243; alignment=&#8221;center&#8221;]<div data-id=\"mpc_image-646a0807fd01ea1\" onclick=\"\" class=\"mpc-image mpc-init mpc-fullwidth \" ><div class=\"mpc-item mpc-transition\"><img decoding=\"async\" class=\"mpc-transition \" src=\"https:\/\/escolaraiz.pt\/en\/wp-content\/uploads\/2017\/05\/Staff-e-dire\u00e7\u00e3o_DSC_1396-400x400.jpg\" width=\"400\" height=\"400\" alt=\"Joaquim Vitor\" title=\"Joaquim Vitor\" loading=\"lazy\" \/><\/div><\/div><div data-id=\"mpc_icon_column-776a0807fd01f30\" class=\"mpc-icon-column mpc-init mpc-parent-hover mpc-transition mpc-icon-column--style_1 mpc-align--center \" ><div class=\"mpc-icon-column__content-wrap\"><div class=\"mpc-icon-column__content\"><h3 class=\"mpc-icon-column__heading mpc-transition\">Joaquim Vitor<\/h3><\/div><\/div><\/div><div id=\"mpc_textblock-576a0807fd01f84\" class=\"mpc-textblock mpc-init \"><p style=\"text-align: center;\">Principal<\/p>\n<\/div>[\/vc_column][\/vc_row][vc_row css=&#8221;.vc_custom_1499775647192{padding-top: 30px !important;padding-right: 150px !important;padding-bottom: 30px !important;padding-left: 150px !important;}&#8221;][vc_column width=&#8221;1\/3&#8243; alignment=&#8221;center&#8221;]<div data-id=\"mpc_image-266a0807fd023ec\" onclick=\"\" class=\"mpc-image mpc-init mpc-fullwidth \" ><div class=\"mpc-item mpc-transition\"><img decoding=\"async\" class=\"mpc-transition \" src=\"https:\/\/escolaraiz.pt\/en\/wp-content\/uploads\/2022\/02\/IMG-20211019-WA00072-400x400.jpg\" width=\"400\" height=\"400\" alt=\"FATIMA MARQUES RAIZ\" title=\"FATIMA MARQUES RAIZ\" loading=\"lazy\" \/><\/div><\/div><div data-id=\"mpc_icon_column-796a0807fd02475\" class=\"mpc-icon-column mpc-init mpc-parent-hover mpc-transition mpc-icon-column--style_1 mpc-align--center \" ><div class=\"mpc-icon-column__content-wrap\"><div class=\"mpc-icon-column__content\"><h3 class=\"mpc-icon-column__heading mpc-transition\">F\u00e1tima Marques<\/h3><\/div><\/div><\/div><div id=\"mpc_textblock-346a0807fd024b9\" class=\"mpc-textblock mpc-init \"><p style=\"text-align: center;\">Principal<\/p>\n<\/div>[\/vc_column][vc_column width=&#8221;1\/3&#8243;][\/vc_column][vc_column width=&#8221;1\/3&#8243;][\/vc_column][\/vc_row][vc_row][vc_column][vc_column_text]<\/p>\n<h3 style=\"text-align: center;\">Pedagogical Management Team:<\/h3>\n<p>[\/vc_column_text][\/vc_column][\/vc_row][vc_row css=&#8221;.vc_custom_1499775647192{padding-top: 30px !important;padding-right: 150px !important;padding-bottom: 30px !important;padding-left: 150px !important;}&#8221;][vc_column width=&#8221;1\/3&#8243; alignment=&#8221;center&#8221;]<div data-id=\"mpc_image-416a0807fd028ce\" onclick=\"\" class=\"mpc-image mpc-init mpc-fullwidth \" ><div class=\"mpc-item mpc-transition\"><img decoding=\"async\" class=\"mpc-transition \" src=\"https:\/\/escolaraiz.pt\/en\/wp-content\/uploads\/2024\/02\/Andrea-diretora-pedagogica-e-professora-de-ingles-250x250.png\" width=\"250\" height=\"250\" alt=\"Andr\u00e9a Plantier Martins\" title=\"Andr\u00e9a---diretora-pedag\u00f3gica-e-professora-de-ingl\u00eas\" loading=\"lazy\" \/><\/div><\/div><div data-id=\"mpc_icon_column-416a0807fd02958\" class=\"mpc-icon-column mpc-init mpc-parent-hover mpc-transition mpc-icon-column--style_1 mpc-align--center \" ><div class=\"mpc-icon-column__content-wrap\"><div class=\"mpc-icon-column__content\"><h3 class=\"mpc-icon-column__heading mpc-transition\">Andr\u00e9a Plantier Martins<\/h3><\/div><\/div><\/div><div id=\"mpc_textblock-66a0807fd02995\" class=\"mpc-textblock mpc-init \"><p style=\"text-align: center;\">Pedagogical Management Team<\/p>\n<p>&nbsp;<\/p>\n<\/div>[\/vc_column][vc_column width=&#8221;1\/3&#8243; alignment=&#8221;center&#8221;]<div data-id=\"mpc_image-66a0807fd02bb4\" onclick=\"\" class=\"mpc-image mpc-init mpc-fullwidth \" ><div class=\"mpc-item mpc-transition\"><img decoding=\"async\" class=\"mpc-transition \" src=\"https:\/\/escolaraiz.pt\/en\/wp-content\/uploads\/2017\/05\/Staff-e-dire\u00e7\u00e3o_DSC_1396-400x400.jpg\" width=\"400\" height=\"400\" alt=\"Joaquim Vitor\" title=\"Joaquim Vitor\" loading=\"lazy\" \/><\/div><\/div><div data-id=\"mpc_icon_column-316a0807fd02c31\" class=\"mpc-icon-column mpc-init mpc-parent-hover mpc-transition mpc-icon-column--style_1 mpc-align--center \" ><div class=\"mpc-icon-column__content-wrap\"><div class=\"mpc-icon-column__content\"><h3 class=\"mpc-icon-column__heading mpc-transition\">Joaquim Vitor<\/h3><\/div><\/div><\/div><div id=\"mpc_textblock-366a0807fd02c74\" class=\"mpc-textblock mpc-init \"><p style=\"text-align: center;\">Pedagogical Management Team<\/p>\n<\/div>[\/vc_column][vc_column width=&#8221;1\/3&#8243; alignment=&#8221;center&#8221;]<div data-id=\"mpc_image-296a0807fd02e4f\" onclick=\"\" class=\"mpc-image mpc-init mpc-fullwidth \" ><div class=\"mpc-item mpc-transition\"><img decoding=\"async\" class=\"mpc-transition \" src=\"https:\/\/escolaraiz.pt\/en\/wp-content\/uploads\/2017\/05\/Staff-e-dire\u00e7\u00e3o_DSC_1467e-400x400.jpg\" width=\"400\" height=\"400\" alt=\"MARGARIDA SILVEIRA RODRIGUES\" title=\"MARGARIDA SILVEIRA RODRIGUES\" loading=\"lazy\" \/><\/div><\/div><div data-id=\"mpc_icon_column-706a0807fd02ec8\" class=\"mpc-icon-column mpc-init mpc-parent-hover mpc-transition mpc-icon-column--style_1 mpc-align--center \" ><div class=\"mpc-icon-column__content-wrap\"><div class=\"mpc-icon-column__content\"><h3 class=\"mpc-icon-column__heading mpc-transition\">Margarida Silveira Rodrigues<\/h3><\/div><\/div><\/div><div id=\"mpc_textblock-336a0807fd02f1c\" class=\"mpc-textblock mpc-init \"><p style=\"text-align: center;\">Pedagogical Management Team<\/p>\n<\/div>[\/vc_column][\/vc_row][vc_row][vc_column][vc_single_image image=&#8221;30859&#8243; img_size=&#8221;250&#215;89&#8243; alignment=&#8221;center&#8221;][vc_column_text]<\/p>\n<p style=\"text-align: center;\">Raiz is a school with pedagogical autonomy, recognized by the Portuguese Education Ministry. It is the model school for the HighScope Portugal Association, an approach with international certification. It is also part of the HighScope international schools, spread around the world.<\/p>\n<p>[\/vc_column_text][\/vc_column][\/vc_row][vc_row full_width=&#8221;stretch_row&#8221; css=&#8221;.vc_custom_1481244682605{padding-top: 20px !important;padding-bottom: 40px !important;background-color: #00457c !important;}&#8221;][vc_column][vc_single_image image=&#8221;31158&#8243; img_size=&#8221;large&#8221; alignment=&#8221;center&#8221; onclick=&#8221;custom_link&#8221; css_animation=&#8221;fadeIn&#8221; css=&#8221;.vc_custom_1753973058919{background-color: #00457c !important;}&#8221; link=&#8221;https:\/\/escolaraiz.pt\/en\/book-your-tour\/&#8221;][\/vc_column][\/vc_row]<\/p>\n<\/div>","protected":false},"excerpt":{"rendered":"<p>[vc_row full_width=&#8221;stretch_row&#8221;][vc_column][vc_empty_space][vc_column_text css=&#8221;&#8221;] To influence education in Portugal and in the world and give children tools to develop themselves sustainably. [\/vc_column_text][\/vc_column][\/vc_row][vc_row full_width=&#8221;stretch_row&#8221;][vc_column][vc_single_image image=&#8221;30840&#8243; img_size=&#8221;full&#8221;][\/vc_column][\/vc_row][vc_row][vc_column width=&#8221;1\/4&#8243;][vc_single_image image=&#8221;31156&#8243; img_size=&#8221;400&#215;500&#8243; css=&#8221;&#8221;][\/vc_column][vc_column width=&#8221;3\/4&#8243;][vc_column_text]Raiz International Active Learning School aims to impact education in Portugal and in the world through the imprint it leaves on its HighScope students, families, and teachers.<\/p>\n","protected":false},"author":1,"featured_media":0,"parent":0,"menu_order":0,"comment_status":"closed","ping_status":"closed","template":"","meta":{"footnotes":""},"class_list":["post-27005","page","type-page","status-publish","hentry"],"yoast_head":"<!-- This site is optimized with the Yoast SEO plugin v27.6 - https:\/\/yoast.com\/product\/yoast-seo-wordpress\/ -->\n<title>Mission - Raiz<\/title>\n<meta name=\"description\" content=\"A Raiz International Active Learning School tem como miss\u00e3o influenciar a educa\u00e7\u00e3o em Portugal e no mundo.\" \/>\n<meta name=\"robots\" content=\"index, follow, max-snippet:-1, max-image-preview:large, max-video-preview:-1\" \/>\n<link rel=\"canonical\" href=\"https:\/\/escolaraiz.pt\/en\/mission\/\" \/>\n<meta name=\"twitter:card\" content=\"summary_large_image\" \/>\n<meta name=\"twitter:title\" content=\"Miss\u00e3o\" \/>\n<meta name=\"twitter:description\" content=\"A Raiz International Active Learning School tem como miss\u00e3o influenciar a educa\u00e7\u00e3o em Portugal e no mundo.\" \/>\n<meta name=\"twitter:image\" content=\"https:\/\/escolaraiz.pt\/en\/wp-content\/uploads\/2023\/04\/336799589_194178386647711_6897843868163215036_n.jpg\" \/>\n<meta name=\"twitter:label1\" content=\"Tempo estimado de leitura\" \/>\n\t<meta name=\"twitter:data1\" content=\"12 minutos\" \/>\n<script type=\"application\/ld+json\" class=\"yoast-schema-graph\">{\"@context\":\"https:\\\/\\\/schema.org\",\"@graph\":[{\"@type\":\"WebPage\",\"@id\":\"https:\\\/\\\/escolaraiz.pt\\\/en\\\/mission\\\/\",\"url\":\"https:\\\/\\\/escolaraiz.pt\\\/en\\\/mission\\\/\",\"name\":\"Mission - Raiz\",\"isPartOf\":{\"@id\":\"https:\\\/\\\/escolaraiz.pt\\\/en\\\/#website\"},\"datePublished\":\"2017-05-29T13:42:30+00:00\",\"dateModified\":\"2025-08-20T15:31:03+00:00\",\"description\":\"A Raiz International Active Learning School tem como miss\u00e3o influenciar a educa\u00e7\u00e3o em Portugal e no mundo.\",\"breadcrumb\":{\"@id\":\"https:\\\/\\\/escolaraiz.pt\\\/en\\\/mission\\\/#breadcrumb\"},\"inLanguage\":\"pt-PT\",\"potentialAction\":[{\"@type\":\"ReadAction\",\"target\":[\"https:\\\/\\\/escolaraiz.pt\\\/en\\\/mission\\\/\"]}]},{\"@type\":\"BreadcrumbList\",\"@id\":\"https:\\\/\\\/escolaraiz.pt\\\/en\\\/mission\\\/#breadcrumb\",\"itemListElement\":[{\"@type\":\"ListItem\",\"position\":1,\"name\":\"In\u00edcio\",\"item\":\"https:\\\/\\\/escolaraiz.pt\\\/en\\\/\"},{\"@type\":\"ListItem\",\"position\":2,\"name\":\"Mission\"}]},{\"@type\":\"WebSite\",\"@id\":\"https:\\\/\\\/escolaraiz.pt\\\/en\\\/#website\",\"url\":\"https:\\\/\\\/escolaraiz.pt\\\/en\\\/\",\"name\":\"Raiz\",\"description\":\"Active Learning School\",\"potentialAction\":[{\"@type\":\"SearchAction\",\"target\":{\"@type\":\"EntryPoint\",\"urlTemplate\":\"https:\\\/\\\/escolaraiz.pt\\\/en\\\/?s={search_term_string}\"},\"query-input\":{\"@type\":\"PropertyValueSpecification\",\"valueRequired\":true,\"valueName\":\"search_term_string\"}}],\"inLanguage\":\"pt-PT\"}]}<\/script>\n<!-- \/ Yoast SEO plugin. -->","yoast_head_json":{"title":"Mission - Raiz","description":"A Raiz International Active Learning School tem como miss\u00e3o influenciar a educa\u00e7\u00e3o em Portugal e no mundo.","robots":{"index":"index","follow":"follow","max-snippet":"max-snippet:-1","max-image-preview":"max-image-preview:large","max-video-preview":"max-video-preview:-1"},"canonical":"https:\/\/escolaraiz.pt\/en\/mission\/","twitter_card":"summary_large_image","twitter_title":"Miss\u00e3o","twitter_description":"A Raiz International Active Learning School tem como miss\u00e3o influenciar a educa\u00e7\u00e3o em Portugal e no mundo.","twitter_image":"https:\/\/escolaraiz.pt\/en\/wp-content\/uploads\/2023\/04\/336799589_194178386647711_6897843868163215036_n.jpg","twitter_misc":{"Tempo estimado de leitura":"12 minutos"},"schema":{"@context":"https:\/\/schema.org","@graph":[{"@type":"WebPage","@id":"https:\/\/escolaraiz.pt\/en\/mission\/","url":"https:\/\/escolaraiz.pt\/en\/mission\/","name":"Mission - Raiz","isPartOf":{"@id":"https:\/\/escolaraiz.pt\/en\/#website"},"datePublished":"2017-05-29T13:42:30+00:00","dateModified":"2025-08-20T15:31:03+00:00","description":"A Raiz International Active Learning School tem como miss\u00e3o influenciar a educa\u00e7\u00e3o em Portugal e no mundo.","breadcrumb":{"@id":"https:\/\/escolaraiz.pt\/en\/mission\/#breadcrumb"},"inLanguage":"pt-PT","potentialAction":[{"@type":"ReadAction","target":["https:\/\/escolaraiz.pt\/en\/mission\/"]}]},{"@type":"BreadcrumbList","@id":"https:\/\/escolaraiz.pt\/en\/mission\/#breadcrumb","itemListElement":[{"@type":"ListItem","position":1,"name":"In\u00edcio","item":"https:\/\/escolaraiz.pt\/en\/"},{"@type":"ListItem","position":2,"name":"Mission"}]},{"@type":"WebSite","@id":"https:\/\/escolaraiz.pt\/en\/#website","url":"https:\/\/escolaraiz.pt\/en\/","name":"Raiz","description":"Active Learning School","potentialAction":[{"@type":"SearchAction","target":{"@type":"EntryPoint","urlTemplate":"https:\/\/escolaraiz.pt\/en\/?s={search_term_string}"},"query-input":{"@type":"PropertyValueSpecification","valueRequired":true,"valueName":"search_term_string"}}],"inLanguage":"pt-PT"}]}},"_links":{"self":[{"href":"https:\/\/escolaraiz.pt\/en\/wp-json\/wp\/v2\/pages\/27005","targetHints":{"allow":["GET"]}}],"collection":[{"href":"https:\/\/escolaraiz.pt\/en\/wp-json\/wp\/v2\/pages"}],"about":[{"href":"https:\/\/escolaraiz.pt\/en\/wp-json\/wp\/v2\/types\/page"}],"author":[{"embeddable":true,"href":"https:\/\/escolaraiz.pt\/en\/wp-json\/wp\/v2\/users\/1"}],"replies":[{"embeddable":true,"href":"https:\/\/escolaraiz.pt\/en\/wp-json\/wp\/v2\/comments?post=27005"}],"version-history":[{"count":45,"href":"https:\/\/escolaraiz.pt\/en\/wp-json\/wp\/v2\/pages\/27005\/revisions"}],"predecessor-version":[{"id":31309,"href":"https:\/\/escolaraiz.pt\/en\/wp-json\/wp\/v2\/pages\/27005\/revisions\/31309"}],"wp:attachment":[{"href":"https:\/\/escolaraiz.pt\/en\/wp-json\/wp\/v2\/media?parent=27005"}],"curies":[{"name":"wp","href":"https:\/\/api.w.org\/{rel}","templated":true}]}}